{"id":1450,"date":"2022-08-12T13:30:29","date_gmt":"2022-08-12T11:30:29","guid":{"rendered":"https:\/\/hygge-haus.com\/?page_id=1450"},"modified":"2022-08-12T13:33:32","modified_gmt":"2022-08-12T11:33:32","slug":"furnishings","status":"publish","type":"page","link":"https:\/\/hygge-haus.com\/en\/the-house\/furnishings\/","title":{"rendered":"Furnishings"},"content":{"rendered":"<div id='av_section_1'  class='avia-section main_color avia-section-large avia-no-border-styling  avia-full-stretch av-section-color-overlay-active avia-bg-style-fixed  avia-builder-el-0  el_before_av_textblock  avia-builder-el-first   container_wrap sidebar_right' style='background-repeat: no-repeat; background-image: url(https:\/\/hygge-haus.com\/wp-content\/uploads\/2021\/07\/hygge-haus-wohnkueche-05-300x225.jpg);background-attachment: fixed; background-position: center center;  '  data-section-bg-repeat='stretch'><div class='av-section-color-overlay-wrap'><div class='av-section-color-overlay' style='opacity: 0.4; background-color: #000000; '><\/div><div class='container' ><main  role=\"main\" itemprop=\"mainContentOfPage\"  class='template-page content  av-content-small alpha units'><div class='post-entry post-entry-type-page post-entry-1450'><div class='entry-content-wrapper clearfix'>\n<div  style='padding-bottom:30px; color:#ffffff;font-size:70px;' class='av-special-heading av-special-heading-h6 custom-color-heading blockquote modern-quote modern-centered  avia-builder-el-1  avia-builder-el-no-sibling  av-inherit-size '><h6 class='av-special-heading-tag '  itemprop=\"headline\"  >Furnishings<\/h6><div class='special-heading-border'><div class='special-heading-inner-border' style='border-color:#ffffff'><\/div><\/div><\/div>\n<\/div><\/div><\/main><!-- close content main element --><\/div><\/div><\/div><div id='after_section_1'  class='main_color av_default_container_wrap container_wrap sidebar_right' style=' '  ><div class='container' ><div class='template-page content  av-content-small alpha units'><div class='post-entry post-entry-type-page post-entry-1450'><div class='entry-content-wrapper clearfix'>\n<section class=\"av_textblock_section \"  itemscope=\"itemscope\" itemtype=\"https:\/\/schema.org\/CreativeWork\" ><div class='avia_textblock  '   itemprop=\"text\" ><h1>Furnishings: This is what HYGGE HOUSE has<\/h1>\n<\/div><\/section>\n<div   class='hr hr-default   avia-builder-el-3  el_after_av_textblock  el_before_av_textblock '><span class='hr-inner ' ><span class='hr-inner-style'><\/span><\/span><\/div>\n<section class=\"av_textblock_section \"  itemscope=\"itemscope\" itemtype=\"https:\/\/schema.org\/CreativeWork\" ><div class='avia_textblock  '   itemprop=\"text\" ><h2>The Ground Floor<\/h2>\n<\/div><\/section>\n<div class=\"flex_column av_one_half  flex_column_div av-zero-column-padding first  avia-builder-el-5  el_after_av_textblock  el_before_av_one_half  column-top-margin\" style='border-radius:0px; '><section class=\"av_textblock_section \"  itemscope=\"itemscope\" itemtype=\"https:\/\/schema.org\/CreativeWork\" ><div class='avia_textblock  '   itemprop=\"text\" ><p>You enter the house through the garden, which is at your exclusive disposal. The property is fully fenced and has a wooden terrace where you can have breakfast and chill out. In the hallway, a stylish wardrobe awaits you, which we had made from an old wooden staircase. To the left there is a small retro-style guest bath and opposite, a beautiful, massive sliding door hangs on the lovingly constructed exposed brickwork. You enter the living room through the bright hallway. A stylish dining and living area await you here.<\/p>\n<h3>The Kitchen<\/h3>\n<p>A high-quality, 3.40-metre-long kitchen counter is a playground for ambitious cooks. Among other things, you will find a refrigerator, an oven, and a dishwasher, as well as high-quality appliances.<\/p>\n<\/div><\/section><\/div>\n<div class=\"flex_column av_one_half  flex_column_div av-zero-column-padding   avia-builder-el-7  el_after_av_one_half  el_before_av_one_half  column-top-margin\" style='border-radius:0px; '><section class=\"av_textblock_section \"  itemscope=\"itemscope\" itemtype=\"https:\/\/schema.org\/CreativeWork\" ><div class='avia_textblock  '   itemprop=\"text\" ><h3>Living Room<\/h3>\n<p>The large room has\u00a0 a dining area with a view of the garden and the village church, as well as a TV\/ chill-out corner with three sleeping options.\u00a0 The 1.40 m wide sofa bed offers a comfortable place to sleep for two people and the wonder cube can be converted into an ultra-comfortable bed in a few simple steps.<\/p>\n<p>The large chest of drawers can also be used as a <strong>dog crate,<\/strong> if your four-legged friend likes to chill in a closed space.\u00a0 A display cabinet made of wood and steel fits perfectly into the interior:\u00a0 a mixture of country house and industrial design.\u00a0 The cast-iron <strong>fireplace<\/strong> provides a cosy atmosphere on cold days and your four-legged friend can make himself comfortable in the dog bed.\u00a0 There is <strong>floor heating<\/strong> throughout the house.<\/p>\n<\/div><\/section><\/div>\n<div class=\"flex_column av_one_half  flex_column_div av-zero-column-padding first  avia-builder-el-9  el_after_av_one_half  el_before_av_one_half  column-top-margin\" style='border-radius:0px; '><div  class='avia-image-container avia_animated_image avia_animate_when_almost_visible av-rotateInUpRight av-styling-    avia-builder-el-10  avia-builder-el-no-sibling  avia-align-center '  itemprop=\"image\" itemscope=\"itemscope\" itemtype=\"https:\/\/schema.org\/ImageObject\"  ><div class='avia-image-container-inner'><div class='avia-image-overlay-wrap'><img decoding=\"async\" class='wp-image-1392 avia-img-lazy-loading-not-1392 avia_image' src=\"https:\/\/hygge-haus.com\/wp-content\/uploads\/2022\/02\/hygge-haus-niebel-kuechenzeile-09-300x225.jpg\" alt='' title='HYGGE HAUS K\u00fcche' height=\"225\" width=\"300\"  itemprop=\"thumbnailUrl\" srcset=\"https:\/\/hygge-haus.com\/wp-content\/uploads\/2022\/02\/hygge-haus-niebel-kuechenzeile-09-300x225.jpg 300w, https:\/\/hygge-haus.com\/wp-content\/uploads\/2022\/02\/hygge-haus-niebel-kuechenzeile-09-1030x773.jpg 1030w, https:\/\/hygge-haus.com\/wp-content\/uploads\/2022\/02\/hygge-haus-niebel-kuechenzeile-09-768x576.jpg 768w, https:\/\/hygge-haus.com\/wp-content\/uploads\/2022\/02\/hygge-haus-niebel-kuechenzeile-09-1536x1152.jpg 1536w, https:\/\/hygge-haus.com\/wp-content\/uploads\/2022\/02\/hygge-haus-niebel-kuechenzeile-09-2048x1536.jpg 2048w, https:\/\/hygge-haus.com\/wp-content\/uploads\/2022\/02\/hygge-haus-niebel-kuechenzeile-09-1500x1125.jpg 1500w, https:\/\/hygge-haus.com\/wp-content\/uploads\/2022\/02\/hygge-haus-niebel-kuechenzeile-09-705x529.jpg 705w, https:\/\/hygge-haus.com\/wp-content\/uploads\/2022\/02\/hygge-haus-niebel-kuechenzeile-09-600x450.jpg 600w\" sizes=\"(max-width: 300px) 100vw, 300px\" \/><\/div><\/div><\/div><\/div>\n<div class=\"flex_column av_one_half  flex_column_div av-zero-column-padding   avia-builder-el-11  el_after_av_one_half  el_before_av_hr  column-top-margin\" style='border-radius:0px; '><div  class='avia-image-container avia_animated_image avia_animate_when_almost_visible av-rotateInUpRight av-styling-    avia-builder-el-12  avia-builder-el-no-sibling  avia-align-center '  itemprop=\"image\" itemscope=\"itemscope\" itemtype=\"https:\/\/schema.org\/ImageObject\"  ><div class='avia-image-container-inner'><div class='avia-image-overlay-wrap'><img decoding=\"async\" class='wp-image-1393 avia-img-lazy-loading-not-1393 avia_image' src=\"https:\/\/hygge-haus.com\/wp-content\/uploads\/2022\/02\/hygge-haus-niebel-wohn-essbereich-03-300x225.jpg\" alt='' title='HYGGE HAUS Wohn- und Essbereich' height=\"225\" width=\"300\"  itemprop=\"thumbnailUrl\" srcset=\"https:\/\/hygge-haus.com\/wp-content\/uploads\/2022\/02\/hygge-haus-niebel-wohn-essbereich-03-300x225.jpg 300w, https:\/\/hygge-haus.com\/wp-content\/uploads\/2022\/02\/hygge-haus-niebel-wohn-essbereich-03-1030x773.jpg 1030w, https:\/\/hygge-haus.com\/wp-content\/uploads\/2022\/02\/hygge-haus-niebel-wohn-essbereich-03-768x576.jpg 768w, https:\/\/hygge-haus.com\/wp-content\/uploads\/2022\/02\/hygge-haus-niebel-wohn-essbereich-03-1536x1152.jpg 1536w, https:\/\/hygge-haus.com\/wp-content\/uploads\/2022\/02\/hygge-haus-niebel-wohn-essbereich-03-2048x1536.jpg 2048w, https:\/\/hygge-haus.com\/wp-content\/uploads\/2022\/02\/hygge-haus-niebel-wohn-essbereich-03-1500x1125.jpg 1500w, https:\/\/hygge-haus.com\/wp-content\/uploads\/2022\/02\/hygge-haus-niebel-wohn-essbereich-03-705x529.jpg 705w, https:\/\/hygge-haus.com\/wp-content\/uploads\/2022\/02\/hygge-haus-niebel-wohn-essbereich-03-600x450.jpg 600w\" sizes=\"(max-width: 300px) 100vw, 300px\" \/><\/div><\/div><\/div><\/div>\n<div   class='hr hr-default   avia-builder-el-13  el_after_av_one_half  el_before_av_one_full '><span class='hr-inner ' ><span class='hr-inner-style'><\/span><\/span><\/div>\n<div class=\"flex_column av_one_full  flex_column_div av-zero-column-padding first  avia-builder-el-14  el_after_av_hr  el_before_av_one_half  \" style='border-radius:0px; '><section class=\"av_textblock_section \"  itemscope=\"itemscope\" itemtype=\"https:\/\/schema.org\/CreativeWork\" ><div class='avia_textblock  '   itemprop=\"text\" ><h2>The Upper Floor<\/h2>\n<\/div><\/section><\/div><div class=\"flex_column av_one_half  flex_column_div av-zero-column-padding first  avia-builder-el-16  el_after_av_one_full  el_before_av_one_half  column-top-margin\" style='border-radius:0px; '><section class=\"av_textblock_section \"  itemscope=\"itemscope\" itemtype=\"https:\/\/schema.org\/CreativeWork\" ><div class='avia_textblock  '   itemprop=\"text\" ><p>A steel staircase with steps made of local oak wood leads to the light-flooded and spacious upper floor.\u00a0 To the left of the staircase, we have created a small <strong>sitting and reading area<\/strong>, to the right there is a small <strong>dressing room<\/strong>.\u00a0 The old <strong>double bed<\/strong> in the bedroom, accompanied by beautiful chests of drawers, blends harmoniously into the ambience, which is characterised by old wooden beams and the high sloping ceiling.<\/p>\n<\/div><\/section><\/div><div class=\"flex_column av_one_half  flex_column_div av-zero-column-padding   avia-builder-el-18  el_after_av_one_half  el_before_av_one_half  column-top-margin\" style='border-radius:0px; '><section class=\"av_textblock_section \"  itemscope=\"itemscope\" itemtype=\"https:\/\/schema.org\/CreativeWork\" ><div class='avia_textblock  '   itemprop=\"text\" ><p>The large bathroom with <strong>ground-level shower<\/strong> has a window, <strong>high-quality furniture<\/strong> and a few old items that caught our eye at flea markets and antique shops.\u00a0 <strong>Towels<\/strong> are provided.<\/p>\n<\/div><\/section><\/div><div class=\"flex_column av_one_half  flex_column_div av-zero-column-padding first  avia-builder-el-20  el_after_av_one_half  el_before_av_one_half  column-top-margin\" style='border-radius:0px; '><div  class='avia-image-container avia_animated_image avia_animate_when_almost_visible av-rotateInUpRight av-styling-    avia-builder-el-21  avia-builder-el-no-sibling  avia-align-center '  itemprop=\"image\" itemscope=\"itemscope\" itemtype=\"https:\/\/schema.org\/ImageObject\"  ><div class='avia-image-container-inner'><div class='avia-image-overlay-wrap'><img decoding=\"async\" class='wp-image-1394 avia-img-lazy-loading-not-1394 avia_image' src=\"https:\/\/hygge-haus.com\/wp-content\/uploads\/2022\/02\/hygge-haus-niebel-schlafzimmer-06-300x225.jpg\" alt='' title='hygge-haus-niebel-schlafzimmer-06' height=\"225\" width=\"300\"  itemprop=\"thumbnailUrl\" srcset=\"https:\/\/hygge-haus.com\/wp-content\/uploads\/2022\/02\/hygge-haus-niebel-schlafzimmer-06-300x225.jpg 300w, https:\/\/hygge-haus.com\/wp-content\/uploads\/2022\/02\/hygge-haus-niebel-schlafzimmer-06-1030x773.jpg 1030w, https:\/\/hygge-haus.com\/wp-content\/uploads\/2022\/02\/hygge-haus-niebel-schlafzimmer-06-768x576.jpg 768w, https:\/\/hygge-haus.com\/wp-content\/uploads\/2022\/02\/hygge-haus-niebel-schlafzimmer-06-1536x1152.jpg 1536w, https:\/\/hygge-haus.com\/wp-content\/uploads\/2022\/02\/hygge-haus-niebel-schlafzimmer-06-2048x1536.jpg 2048w, https:\/\/hygge-haus.com\/wp-content\/uploads\/2022\/02\/hygge-haus-niebel-schlafzimmer-06-1500x1125.jpg 1500w, https:\/\/hygge-haus.com\/wp-content\/uploads\/2022\/02\/hygge-haus-niebel-schlafzimmer-06-705x529.jpg 705w, https:\/\/hygge-haus.com\/wp-content\/uploads\/2022\/02\/hygge-haus-niebel-schlafzimmer-06-600x450.jpg 600w\" sizes=\"(max-width: 300px) 100vw, 300px\" \/><\/div><\/div><\/div><\/div><\/p>\n<div class=\"flex_column av_one_half  flex_column_div av-zero-column-padding   avia-builder-el-22  el_after_av_one_half  el_before_av_hr  column-top-margin\" style='border-radius:0px; '><div  class='avia-image-container avia_animated_image avia_animate_when_almost_visible av-rotateInUpRight av-styling-    avia-builder-el-23  avia-builder-el-no-sibling  avia-align-center '  itemprop=\"image\" itemscope=\"itemscope\" itemtype=\"https:\/\/schema.org\/ImageObject\"  ><div class='avia-image-container-inner'><div class='avia-image-overlay-wrap'><img decoding=\"async\" class='wp-image-1395 avia-img-lazy-loading-not-1395 avia_image' src=\"https:\/\/hygge-haus.com\/wp-content\/uploads\/2022\/02\/hygge-haus-niebel-badezimmer-13-300x225.jpg\" alt='' title='hygge-haus-niebel-badezimmer-13' height=\"225\" width=\"300\"  itemprop=\"thumbnailUrl\" srcset=\"https:\/\/hygge-haus.com\/wp-content\/uploads\/2022\/02\/hygge-haus-niebel-badezimmer-13-300x225.jpg 300w, https:\/\/hygge-haus.com\/wp-content\/uploads\/2022\/02\/hygge-haus-niebel-badezimmer-13-1030x773.jpg 1030w, https:\/\/hygge-haus.com\/wp-content\/uploads\/2022\/02\/hygge-haus-niebel-badezimmer-13-768x576.jpg 768w, https:\/\/hygge-haus.com\/wp-content\/uploads\/2022\/02\/hygge-haus-niebel-badezimmer-13-1536x1152.jpg 1536w, https:\/\/hygge-haus.com\/wp-content\/uploads\/2022\/02\/hygge-haus-niebel-badezimmer-13-2048x1536.jpg 2048w, https:\/\/hygge-haus.com\/wp-content\/uploads\/2022\/02\/hygge-haus-niebel-badezimmer-13-1500x1125.jpg 1500w, https:\/\/hygge-haus.com\/wp-content\/uploads\/2022\/02\/hygge-haus-niebel-badezimmer-13-705x529.jpg 705w, https:\/\/hygge-haus.com\/wp-content\/uploads\/2022\/02\/hygge-haus-niebel-badezimmer-13-600x450.jpg 600w\" sizes=\"(max-width: 300px) 100vw, 300px\" \/><\/div><\/div><\/div><\/div>\n<div   class='hr hr-default   avia-builder-el-24  el_after_av_one_half  el_before_av_one_full '><span class='hr-inner ' ><span class='hr-inner-style'><\/span><\/span><\/div>\n<div class=\"flex_column av_one_full  flex_column_div av-zero-column-padding first  avia-builder-el-25  el_after_av_hr  el_before_av_hr  \" style='border-radius:0px; '><section class=\"av_textblock_section \"  itemscope=\"itemscope\" itemtype=\"https:\/\/schema.org\/CreativeWork\" ><div class='avia_textblock  '   itemprop=\"text\" ><h2>The Garden<\/h2>\n<\/div><\/section><\/div><div   class='hr hr-default   avia-builder-el-27  el_after_av_one_full  el_before_av_one_half '><span class='hr-inner ' ><span class='hr-inner-style'><\/span><\/span><\/div><\/p>\n<div class=\"flex_column av_one_half  flex_column_div av-zero-column-padding first  avia-builder-el-28  el_after_av_hr  el_before_av_one_half  \" style='border-radius:0px; '><section class=\"av_textblock_section \"  itemscope=\"itemscope\" itemtype=\"https:\/\/schema.org\/CreativeWork\" ><div class='avia_textblock  '   itemprop=\"text\" ><p>The garden is intimate and magical.\u00a0 The <strong>old village church<\/strong>, which is beautifully lit in the evening, provides a <strong>charming backdrop<\/strong>.\u00a0 The church bell rings only once a day:\u00a0 at 6 pm in summer and at 5 pm in winter &#8211; for about 10-15 seconds.<\/p>\n<\/div><\/section><\/div><div class=\"flex_column av_one_half  flex_column_div av-zero-column-padding   avia-builder-el-30  el_after_av_one_half  el_before_av_hr  \" style='border-radius:0px; '><section class=\"av_textblock_section \"  itemscope=\"itemscope\" itemtype=\"https:\/\/schema.org\/CreativeWork\" ><div class='avia_textblock  '   itemprop=\"text\" ><p>In May you can gaze upon an old <strong>lilac tree<\/strong>, and a <strong>magnolia<\/strong> delights you with its blossoms in March.\u00a0 An old vine adorns the brick wall around the patio door.\u00a0 Otherwise, you will find only a few bushes, some lavender, and a lot of lawn.\u00a0 A high-quality <strong>wooden terrace with garden furniture<\/strong> makes the garden perfect.<\/p>\n<\/div><\/section><\/div><div   class='hr hr-default   avia-builder-el-32  el_after_av_one_half  el_before_av_one_half '><span class='hr-inner ' ><span class='hr-inner-style'><\/span><\/span><\/div><\/p>\n<div class=\"flex_column av_one_half  flex_column_div av-zero-column-padding first  avia-builder-el-33  el_after_av_hr  el_before_av_one_half  \" style='border-radius:0px; '><div  class='avia-image-container avia_animated_image avia_animate_when_almost_visible av-rotateInUpRight av-styling-    avia-builder-el-34  avia-builder-el-no-sibling  avia-align-center '  itemprop=\"image\" itemscope=\"itemscope\" itemtype=\"https:\/\/schema.org\/ImageObject\"  ><div class='avia-image-container-inner'><div class='avia-image-overlay-wrap'><img decoding=\"async\" class='wp-image-1306 avia-img-lazy-loading-not-1306 avia_image' src=\"https:\/\/hygge-haus.com\/wp-content\/uploads\/2021\/07\/hygge-haus-niebel-01-300x225.jpg\" alt='' title='Niebler Dorfkirche' height=\"225\" width=\"300\"  itemprop=\"thumbnailUrl\" srcset=\"https:\/\/hygge-haus.com\/wp-content\/uploads\/2021\/07\/hygge-haus-niebel-01-300x225.jpg 300w, https:\/\/hygge-haus.com\/wp-content\/uploads\/2021\/07\/hygge-haus-niebel-01-1030x773.jpg 1030w, https:\/\/hygge-haus.com\/wp-content\/uploads\/2021\/07\/hygge-haus-niebel-01-768x576.jpg 768w, https:\/\/hygge-haus.com\/wp-content\/uploads\/2021\/07\/hygge-haus-niebel-01-1536x1152.jpg 1536w, https:\/\/hygge-haus.com\/wp-content\/uploads\/2021\/07\/hygge-haus-niebel-01-2048x1536.jpg 2048w, https:\/\/hygge-haus.com\/wp-content\/uploads\/2021\/07\/hygge-haus-niebel-01-1500x1125.jpg 1500w, https:\/\/hygge-haus.com\/wp-content\/uploads\/2021\/07\/hygge-haus-niebel-01-705x529.jpg 705w, https:\/\/hygge-haus.com\/wp-content\/uploads\/2021\/07\/hygge-haus-niebel-01-600x450.jpg 600w\" sizes=\"(max-width: 300px) 100vw, 300px\" \/><\/div><\/div><\/div><\/div>\n<div class=\"flex_column av_one_half  flex_column_div av-zero-column-padding   avia-builder-el-35  el_after_av_one_half  el_before_av_hr  \" style='border-radius:0px; '><div  class='avia-image-container avia_animated_image avia_animate_when_almost_visible av-rotateInUpRight av-styling-    avia-builder-el-36  avia-builder-el-no-sibling  avia-align-center '  itemprop=\"image\" itemscope=\"itemscope\" itemtype=\"https:\/\/schema.org\/ImageObject\"  ><div class='avia-image-container-inner'><div class='avia-image-overlay-wrap'><img decoding=\"async\" class='wp-image-1396 avia-img-lazy-loading-not-1396 avia_image' src=\"https:\/\/hygge-haus.com\/wp-content\/uploads\/2022\/02\/hygge-haus-eingezaeunter-garten-14-300x225.jpg\" alt='' title='hygge-haus-eingezaeunter-garten-14' height=\"225\" width=\"300\"  itemprop=\"thumbnailUrl\" srcset=\"https:\/\/hygge-haus.com\/wp-content\/uploads\/2022\/02\/hygge-haus-eingezaeunter-garten-14-300x225.jpg 300w, https:\/\/hygge-haus.com\/wp-content\/uploads\/2022\/02\/hygge-haus-eingezaeunter-garten-14-1030x773.jpg 1030w, https:\/\/hygge-haus.com\/wp-content\/uploads\/2022\/02\/hygge-haus-eingezaeunter-garten-14-768x576.jpg 768w, https:\/\/hygge-haus.com\/wp-content\/uploads\/2022\/02\/hygge-haus-eingezaeunter-garten-14-1536x1152.jpg 1536w, https:\/\/hygge-haus.com\/wp-content\/uploads\/2022\/02\/hygge-haus-eingezaeunter-garten-14-1500x1125.jpg 1500w, https:\/\/hygge-haus.com\/wp-content\/uploads\/2022\/02\/hygge-haus-eingezaeunter-garten-14-705x529.jpg 705w, https:\/\/hygge-haus.com\/wp-content\/uploads\/2022\/02\/hygge-haus-eingezaeunter-garten-14-600x450.jpg 600w, https:\/\/hygge-haus.com\/wp-content\/uploads\/2022\/02\/hygge-haus-eingezaeunter-garten-14.jpg 2000w\" sizes=\"(max-width: 300px) 100vw, 300px\" \/><\/div><\/div><\/div><\/div>\n<div   class='hr hr-default   avia-builder-el-37  el_after_av_one_half  avia-builder-el-last '><span class='hr-inner ' ><span class='hr-inner-style'><\/span><\/span><\/div>\n","protected":false},"excerpt":{"rendered":"","protected":false},"author":1,"featured_media":0,"parent":1441,"menu_order":0,"comment_status":"closed","ping_status":"closed","template":"","meta":{"footnotes":""},"class_list":["post-1450","page","type-page","status-publish","hentry"],"yoast_head":"<!-- This site is optimized with the Yoast SEO plugin v26.3 - https:\/\/yoast.com\/wordpress\/plugins\/seo\/ -->\n<title>Furnishings - HYGGE HAUS<\/title>\n<meta name=\"description\" content=\"HYGGE HAUS in Niebel verf\u00fcgt \u00fcber Fu\u00dfbodenheizung, Kamin, Sp\u00fclmaschine, Backofen, elektrische Jalousien und umz\u00e4unten Garten.\" \/>\n<meta name=\"robots\" content=\"index, follow, max-snippet:-1, max-image-preview:large, max-video-preview:-1\" \/>\n<link rel=\"canonical\" href=\"https:\/\/hygge-haus.com\/en\/the-house\/furnishings\/\" \/>\n<meta property=\"og:locale\" content=\"en_US\" \/>\n<meta property=\"og:type\" content=\"article\" \/>\n<meta property=\"og:title\" content=\"72\" \/>\n<meta property=\"og:description\" content=\"90\" \/>\n<meta property=\"og:url\" content=\"https:\/\/hygge-haus.com\/en\/the-house\/furnishings\/\" \/>\n<meta property=\"og:site_name\" content=\"HYGGE HAUS\" \/>\n<meta property=\"article:modified_time\" content=\"2022-08-12T11:33:32+00:00\" \/>\n<meta property=\"og:image\" content=\"http:\/\/false\" \/>\n<meta name=\"twitter:card\" content=\"summary_large_image\" \/>\n<meta name=\"twitter:label1\" content=\"Est. reading time\" \/>\n\t<meta name=\"twitter:data1\" content=\"20 minutes\" \/>\n<script type=\"application\/ld+json\" class=\"yoast-schema-graph\">{\"@context\":\"https:\/\/schema.org\",\"@graph\":[{\"@type\":\"WebPage\",\"@id\":\"https:\/\/hygge-haus.com\/en\/the-house\/furnishings\/\",\"url\":\"https:\/\/hygge-haus.com\/en\/the-house\/furnishings\/\",\"name\":\"Furnishings - HYGGE HAUS\",\"isPartOf\":{\"@id\":\"https:\/\/hygge-haus.com\/#website\"},\"datePublished\":\"2022-08-12T11:30:29+00:00\",\"dateModified\":\"2022-08-12T11:33:32+00:00\",\"description\":\"HYGGE HAUS in Niebel verf\u00fcgt \u00fcber Fu\u00dfbodenheizung, Kamin, Sp\u00fclmaschine, Backofen, elektrische Jalousien und umz\u00e4unten Garten.\",\"breadcrumb\":{\"@id\":\"https:\/\/hygge-haus.com\/en\/the-house\/furnishings\/#breadcrumb\"},\"inLanguage\":\"en-US\",\"potentialAction\":[{\"@type\":\"ReadAction\",\"target\":[\"https:\/\/hygge-haus.com\/en\/the-house\/furnishings\/\"]}]},{\"@type\":\"BreadcrumbList\",\"@id\":\"https:\/\/hygge-haus.com\/en\/the-house\/furnishings\/#breadcrumb\",\"itemListElement\":[{\"@type\":\"ListItem\",\"position\":1,\"name\":\"Startseite\",\"item\":\"https:\/\/hygge-haus.com\/\"},{\"@type\":\"ListItem\",\"position\":2,\"name\":\"The House\",\"item\":\"https:\/\/hygge-haus.com\/en\/the-house\/\"},{\"@type\":\"ListItem\",\"position\":3,\"name\":\"Furnishings\"}]},{\"@type\":\"WebSite\",\"@id\":\"https:\/\/hygge-haus.com\/#website\",\"url\":\"https:\/\/hygge-haus.com\/\",\"name\":\"HYGGE HAUS\",\"description\":\"Nachhaltiger Urlaub in Brandenburg\",\"potentialAction\":[{\"@type\":\"SearchAction\",\"target\":{\"@type\":\"EntryPoint\",\"urlTemplate\":\"https:\/\/hygge-haus.com\/?s={search_term_string}\"},\"query-input\":{\"@type\":\"PropertyValueSpecification\",\"valueRequired\":true,\"valueName\":\"search_term_string\"}}],\"inLanguage\":\"en-US\"}]}<\/script>\n<!-- \/ Yoast SEO plugin. -->","yoast_head_json":{"title":"Furnishings - HYGGE HAUS","description":"HYGGE HAUS in Niebel verf\u00fcgt \u00fcber Fu\u00dfbodenheizung, Kamin, Sp\u00fclmaschine, Backofen, elektrische Jalousien und umz\u00e4unten Garten.","robots":{"index":"index","follow":"follow","max-snippet":"max-snippet:-1","max-image-preview":"max-image-preview:large","max-video-preview":"max-video-preview:-1"},"canonical":"https:\/\/hygge-haus.com\/en\/the-house\/furnishings\/","og_locale":"en_US","og_type":"article","og_title":"72","og_description":"90","og_url":"https:\/\/hygge-haus.com\/en\/the-house\/furnishings\/","og_site_name":"HYGGE HAUS","article_modified_time":"2022-08-12T11:33:32+00:00","og_image":[{"url":"false","type":"","width":"","height":""}],"twitter_card":"summary_large_image","twitter_misc":{"Est. reading time":"20 minutes"},"schema":{"@context":"https:\/\/schema.org","@graph":[{"@type":"WebPage","@id":"https:\/\/hygge-haus.com\/en\/the-house\/furnishings\/","url":"https:\/\/hygge-haus.com\/en\/the-house\/furnishings\/","name":"Furnishings - HYGGE HAUS","isPartOf":{"@id":"https:\/\/hygge-haus.com\/#website"},"datePublished":"2022-08-12T11:30:29+00:00","dateModified":"2022-08-12T11:33:32+00:00","description":"HYGGE HAUS in Niebel verf\u00fcgt \u00fcber Fu\u00dfbodenheizung, Kamin, Sp\u00fclmaschine, Backofen, elektrische Jalousien und umz\u00e4unten Garten.","breadcrumb":{"@id":"https:\/\/hygge-haus.com\/en\/the-house\/furnishings\/#breadcrumb"},"inLanguage":"en-US","potentialAction":[{"@type":"ReadAction","target":["https:\/\/hygge-haus.com\/en\/the-house\/furnishings\/"]}]},{"@type":"BreadcrumbList","@id":"https:\/\/hygge-haus.com\/en\/the-house\/furnishings\/#breadcrumb","itemListElement":[{"@type":"ListItem","position":1,"name":"Startseite","item":"https:\/\/hygge-haus.com\/"},{"@type":"ListItem","position":2,"name":"The House","item":"https:\/\/hygge-haus.com\/en\/the-house\/"},{"@type":"ListItem","position":3,"name":"Furnishings"}]},{"@type":"WebSite","@id":"https:\/\/hygge-haus.com\/#website","url":"https:\/\/hygge-haus.com\/","name":"HYGGE HAUS","description":"Nachhaltiger Urlaub in Brandenburg","potentialAction":[{"@type":"SearchAction","target":{"@type":"EntryPoint","urlTemplate":"https:\/\/hygge-haus.com\/?s={search_term_string}"},"query-input":{"@type":"PropertyValueSpecification","valueRequired":true,"valueName":"search_term_string"}}],"inLanguage":"en-US"}]}},"_links":{"self":[{"href":"https:\/\/hygge-haus.com\/en\/wp-json\/wp\/v2\/pages\/1450","targetHints":{"allow":["GET"]}}],"collection":[{"href":"https:\/\/hygge-haus.com\/en\/wp-json\/wp\/v2\/pages"}],"about":[{"href":"https:\/\/hygge-haus.com\/en\/wp-json\/wp\/v2\/types\/page"}],"author":[{"embeddable":true,"href":"https:\/\/hygge-haus.com\/en\/wp-json\/wp\/v2\/users\/1"}],"replies":[{"embeddable":true,"href":"https:\/\/hygge-haus.com\/en\/wp-json\/wp\/v2\/comments?post=1450"}],"version-history":[{"count":4,"href":"https:\/\/hygge-haus.com\/en\/wp-json\/wp\/v2\/pages\/1450\/revisions"}],"predecessor-version":[{"id":1452,"href":"https:\/\/hygge-haus.com\/en\/wp-json\/wp\/v2\/pages\/1450\/revisions\/1452"}],"up":[{"embeddable":true,"href":"https:\/\/hygge-haus.com\/en\/wp-json\/wp\/v2\/pages\/1441"}],"wp:attachment":[{"href":"https:\/\/hygge-haus.com\/en\/wp-json\/wp\/v2\/media?parent=1450"}],"curies":[{"name":"wp","href":"https:\/\/api.w.org\/{rel}","templated":true}]}}