{"id":1487,"date":"2022-08-15T13:55:45","date_gmt":"2022-08-15T11:55:45","guid":{"rendered":"https:\/\/hygge-haus.com\/?page_id=1487"},"modified":"2022-08-15T13:55:45","modified_gmt":"2022-08-15T11:55:45","slug":"luxus-ferienhaus","status":"publish","type":"page","link":"https:\/\/hygge-haus.com\/en\/luxus-ferienhaus\/","title":{"rendered":"Luxus Ferienhaus"},"content":{"rendered":"<h1>Luxus Ferienhaus in Niebel<\/h1>\n<p>Luxus definiert nat\u00fcrlich jeder Mensch anders. In unseren Augen hat das nicht nur mit Komfort, modernen Technologien und hochwertiger Ausf\u00fchrung zu tun. Luxus bedeutet f\u00fcr uns auch, sich entspannt zur\u00fcckzulehnen, wundersch\u00f6ne Dinge um sich herum zu genie\u00dfen, alle Sorgen zu vergessen und die Auszeit in vollen Z\u00fcgen auszukosten. Das ist nat\u00fcrlich viel leichter, wenn das Ambiente stimmt und die Ausstattung keine Improvisiation erfordert. Ein Luxus Ferienhaus ist auch dann, wenn man das Geschirr nicht per Hand sp\u00fclen muss, wenn man sich auf der Couch mit einer kuschelweichen Decke gem\u00fctlich machen und dem knisternden Kamin zugucken kann, wenn man sich im Garten auf der Sonnenliege gen\u00fcsslich ausstreckt oder unter den Sonnenschirm in den Schatten vor der Sommerhiltze fl\u00fcchtet. Eine Luxus Unterkunft wie die unsere erlaubt all das, weil an Gegenst\u00e4nden, die das Leben sch\u00f6n machen, nicht fehlt.<\/p>\n<h2>Exklusives Ferienhaus f\u00fcr Tr\u00e4umer<\/h2>\n<p>Exklusive Ferienh\u00e4user haben oft vergoldete Armaturen oder versenkbare Fernsehen. Das hat HYGGE HAUS nicht, weil wir auf Prunk und Extravaganz nicht stehen. F\u00fcr uns bedeutet &#8220;exklusiv&#8221; einzigartig und das unser Niebler Domihil allemal. In unserem wundersch\u00f6nen Domizil kannst Du die Seele baumen lassen, das Auge erfreuen und den Kopf entlasten. Umgeben von wertigen, handgemachten, kreativen Dingen, die die Seele von HYGGE HAUS erst zum Erwachen bringen.<\/p>\n<h2>G\u00e4stehaus f\u00fcr Anspruchsvolle<\/h2>\n<p>Und da wir sehr oft viel Geld f\u00fcr Unterk\u00fcnfte gezahlt haben, in denen wir den Wein aus Kaffeebechern trinken und die Eier zum Fr\u00fchst\u00fcck aus Deoroller-Deckeln essen mussten (in Ermangelung richtiger Eier-Becher), haben wir mit HYGGE HAUS ein Luxus Ferienhaus fertiggestellt, in dem es Dir an nichts mangelt. F\u00fcr alle erdenklichen K\u00fcchen-Aktivit\u00e4ten stehen Dir hochwertige Ger\u00e4te, von French Presse \u00fcber Teekanne und Wasserkaraffe bis hin zum Toaster, Wasserkocher und Multizerkleinerer. Selbst backen kannst Du in HYGGE HAUS, wenn es Dir danach ist: K\u00fcchenwaage. Handmixer und Backbleche sind vorhanden. Den Wein wirst Du aus hochwertigen Weingl\u00e4sern genie\u00dfen und den Salat in einer Glas- und nicht Plastiksch\u00fcssel vorbereiten. Was wir damit sagen m\u00f6chten: Du musst Dich nicht einschr\u00e4nken und auf Deinen gewohnten Komfort verzichten. Du musst nicht improviesieren und gute Miene zum b\u00f6sen Spiel machen.<\/p>\n<h2>Hochwertige Technik<\/h2>\n<p>Was gibt es im Winter Sch\u00f6neres, als die F\u00fc\u00dfe warm zu halten? Das kannst Du im ganzen Haus &#8211; im HYGGE HAUS ist der komplette Boden mit einer Fu\u00dfbodenheizung versehen, die f\u00fcr mollige W\u00e4rme von unten sorgt. Im Badezimmer angekommen, kannst Du Deine Dusche genie\u00dfen, ohne nur einen Fu\u00df hochheben zu m\u00fcssen: Die wundersch\u00f6n geflie\u00dfte Duschkabine ist ebenerdig gebaut. An hei\u00dfen Sommertagen sorgt ein Deckenventilator, den Du mit einer Fernbedienung steuern kannst, f\u00fcr eine dezente Abk\u00fchlung. Auch die elektrischen Dachfenster-Jalousien sind ferngesteuert. Das weiche Moskito-Netz aus Bio-Baumwolle sorgt nicht nur f\u00fcr insektenfreien Schlaf, sondern um eine himmlische Gem\u00fctlichkeit im Bett.<\/p>\n<h2>Luxus Ferienhaus auch f\u00fcr Hunde<\/h2>\n<p>Wer mit seinem <a href=\"https:\/\/hygge-haus.com\/ferienhaus-mit-hund-eingezaeuntes-grundstueck\/\">Vierbeiner<\/a> anreist, musst sich keine Gedanken um Zubeh\u00f6r oder Futter machen. Im HYGGE HAUS findest Du s\u00e4mtliches Equipment f\u00fcr Hunde: verschiedene Hundebetten, eine Hundedecke f\u00fcr die Couch, N\u00e4pfe in verschiedenen Gr\u00f6\u00dfen, Hundehandt\u00fccher und Hundedusche im Garten, einen Vorrat an Kotbeuteln. Wer auf Frischfleisch setzt, kann den Extra-Gefrierk\u00fchlschrank f\u00fcr Barfer nutzen. Der Multizerkleinerer dient dem P\u00fcrieren von Gem\u00fcse und die K\u00fcchenwaage hilft den peniblen oder unerfahrenen Barfern, die Portionen zusammenzustellen. Und wem das f\u00fcr ein Luxus Ferienhaus noch zu wenig ist, darf sich auf die wundersch\u00f6ne, handgemachte Kommode, die gleichzeitig als ein Hundeh\u00e4uschen dient.<\/p>\n","protected":false},"excerpt":{"rendered":"<p>Luxus Ferienhaus in Niebel Luxus definiert nat\u00fcrlich jeder Mensch anders. In unseren Augen hat das nicht nur mit Komfort, modernen Technologien und hochwertiger Ausf\u00fchrung zu tun. Luxus bedeutet f\u00fcr uns auch, sich entspannt zur\u00fcckzulehnen, wundersch\u00f6ne Dinge um sich herum zu genie\u00dfen, alle Sorgen zu vergessen und die Auszeit in vollen Z\u00fcgen auszukosten. Das ist nat\u00fcrlich [&hellip;]<\/p>\n","protected":false},"author":1,"featured_media":1098,"parent":0,"menu_order":0,"comment_status":"closed","ping_status":"closed","template":"","meta":{"footnotes":""},"class_list":["post-1487","page","type-page","status-publish","has-post-thumbnail","hentry"],"yoast_head":"<!-- This site is optimized with the Yoast SEO plugin v26.3 - https:\/\/yoast.com\/wordpress\/plugins\/seo\/ -->\n<title>Luxus Ferienhaus s\u00fcdwestlich von Berlin - HYGGE HAUS in Niebel<\/title>\n<meta name=\"description\" content=\"Luxus Ferienhaus s\u00fcdwestlich von Berlin: Das HYGGE HAUS bietet allen Komfort &amp; Stilsicherheit f\u00fcr Fans der Nachhaltigkeit. 45 km von Berlin.\" \/>\n<meta name=\"robots\" content=\"index, follow, max-snippet:-1, max-image-preview:large, max-video-preview:-1\" \/>\n<link rel=\"canonical\" href=\"https:\/\/hygge-haus.com\/en\/luxus-ferienhaus\/\" \/>\n<meta property=\"og:locale\" content=\"en_US\" \/>\n<meta property=\"og:type\" content=\"article\" \/>\n<meta property=\"og:title\" content=\"74\" \/>\n<meta property=\"og:description\" content=\"90\" \/>\n<meta property=\"og:url\" content=\"https:\/\/hygge-haus.com\/en\/luxus-ferienhaus\/\" \/>\n<meta property=\"og:site_name\" content=\"HYGGE HAUS\" \/>\n<meta property=\"og:image\" content=\"http:\/\/false\" \/>\n<meta name=\"twitter:card\" content=\"summary_large_image\" \/>\n<meta name=\"twitter:label1\" content=\"Est. reading time\" \/>\n\t<meta name=\"twitter:data1\" content=\"3 minutes\" \/>\n<script type=\"application\/ld+json\" class=\"yoast-schema-graph\">{\"@context\":\"https:\/\/schema.org\",\"@graph\":[{\"@type\":\"WebPage\",\"@id\":\"https:\/\/hygge-haus.com\/en\/luxus-ferienhaus\/\",\"url\":\"https:\/\/hygge-haus.com\/en\/luxus-ferienhaus\/\",\"name\":\"Luxus Ferienhaus s\u00fcdwestlich von Berlin - HYGGE HAUS in Niebel\",\"isPartOf\":{\"@id\":\"https:\/\/hygge-haus.com\/#website\"},\"primaryImageOfPage\":{\"@id\":\"https:\/\/hygge-haus.com\/en\/luxus-ferienhaus\/#primaryimage\"},\"image\":{\"@id\":\"https:\/\/hygge-haus.com\/en\/luxus-ferienhaus\/#primaryimage\"},\"thumbnailUrl\":\"https:\/\/hygge-haus.com\/wp-content\/uploads\/2022\/01\/luxus-ferienhaus-hygge-niebel.jpg\",\"datePublished\":\"2022-08-15T11:55:45+00:00\",\"description\":\"Luxus Ferienhaus s\u00fcdwestlich von Berlin: Das HYGGE HAUS bietet allen Komfort & Stilsicherheit f\u00fcr Fans der Nachhaltigkeit. 45 km von Berlin.\",\"breadcrumb\":{\"@id\":\"https:\/\/hygge-haus.com\/en\/luxus-ferienhaus\/#breadcrumb\"},\"inLanguage\":\"en-US\",\"potentialAction\":[{\"@type\":\"ReadAction\",\"target\":[\"https:\/\/hygge-haus.com\/en\/luxus-ferienhaus\/\"]}]},{\"@type\":\"ImageObject\",\"inLanguage\":\"en-US\",\"@id\":\"https:\/\/hygge-haus.com\/en\/luxus-ferienhaus\/#primaryimage\",\"url\":\"https:\/\/hygge-haus.com\/wp-content\/uploads\/2022\/01\/luxus-ferienhaus-hygge-niebel.jpg\",\"contentUrl\":\"https:\/\/hygge-haus.com\/wp-content\/uploads\/2022\/01\/luxus-ferienhaus-hygge-niebel.jpg\",\"width\":1500,\"height\":720,\"caption\":\"Luxus Ferienhaus in Niebel: HYGGE HAUS f\u00fcr einen sorgenfreien Urlaub\"},{\"@type\":\"BreadcrumbList\",\"@id\":\"https:\/\/hygge-haus.com\/en\/luxus-ferienhaus\/#breadcrumb\",\"itemListElement\":[{\"@type\":\"ListItem\",\"position\":1,\"name\":\"Startseite\",\"item\":\"https:\/\/hygge-haus.com\/\"},{\"@type\":\"ListItem\",\"position\":2,\"name\":\"Luxus Ferienhaus\"}]},{\"@type\":\"WebSite\",\"@id\":\"https:\/\/hygge-haus.com\/#website\",\"url\":\"https:\/\/hygge-haus.com\/\",\"name\":\"HYGGE HAUS\",\"description\":\"Nachhaltiger Urlaub in Brandenburg\",\"potentialAction\":[{\"@type\":\"SearchAction\",\"target\":{\"@type\":\"EntryPoint\",\"urlTemplate\":\"https:\/\/hygge-haus.com\/?s={search_term_string}\"},\"query-input\":{\"@type\":\"PropertyValueSpecification\",\"valueRequired\":true,\"valueName\":\"search_term_string\"}}],\"inLanguage\":\"en-US\"}]}<\/script>\n<!-- \/ Yoast SEO plugin. -->","yoast_head_json":{"title":"Luxus Ferienhaus s\u00fcdwestlich von Berlin - HYGGE HAUS in Niebel","description":"Luxus Ferienhaus s\u00fcdwestlich von Berlin: Das HYGGE HAUS bietet allen Komfort & Stilsicherheit f\u00fcr Fans der Nachhaltigkeit. 45 km von Berlin.","robots":{"index":"index","follow":"follow","max-snippet":"max-snippet:-1","max-image-preview":"max-image-preview:large","max-video-preview":"max-video-preview:-1"},"canonical":"https:\/\/hygge-haus.com\/en\/luxus-ferienhaus\/","og_locale":"en_US","og_type":"article","og_title":"74","og_description":"90","og_url":"https:\/\/hygge-haus.com\/en\/luxus-ferienhaus\/","og_site_name":"HYGGE HAUS","og_image":[{"url":"false","type":"","width":"","height":""}],"twitter_card":"summary_large_image","twitter_misc":{"Est. reading time":"3 minutes"},"schema":{"@context":"https:\/\/schema.org","@graph":[{"@type":"WebPage","@id":"https:\/\/hygge-haus.com\/en\/luxus-ferienhaus\/","url":"https:\/\/hygge-haus.com\/en\/luxus-ferienhaus\/","name":"Luxus Ferienhaus s\u00fcdwestlich von Berlin - HYGGE HAUS in Niebel","isPartOf":{"@id":"https:\/\/hygge-haus.com\/#website"},"primaryImageOfPage":{"@id":"https:\/\/hygge-haus.com\/en\/luxus-ferienhaus\/#primaryimage"},"image":{"@id":"https:\/\/hygge-haus.com\/en\/luxus-ferienhaus\/#primaryimage"},"thumbnailUrl":"https:\/\/hygge-haus.com\/wp-content\/uploads\/2022\/01\/luxus-ferienhaus-hygge-niebel.jpg","datePublished":"2022-08-15T11:55:45+00:00","description":"Luxus Ferienhaus s\u00fcdwestlich von Berlin: Das HYGGE HAUS bietet allen Komfort & Stilsicherheit f\u00fcr Fans der Nachhaltigkeit. 45 km von Berlin.","breadcrumb":{"@id":"https:\/\/hygge-haus.com\/en\/luxus-ferienhaus\/#breadcrumb"},"inLanguage":"en-US","potentialAction":[{"@type":"ReadAction","target":["https:\/\/hygge-haus.com\/en\/luxus-ferienhaus\/"]}]},{"@type":"ImageObject","inLanguage":"en-US","@id":"https:\/\/hygge-haus.com\/en\/luxus-ferienhaus\/#primaryimage","url":"https:\/\/hygge-haus.com\/wp-content\/uploads\/2022\/01\/luxus-ferienhaus-hygge-niebel.jpg","contentUrl":"https:\/\/hygge-haus.com\/wp-content\/uploads\/2022\/01\/luxus-ferienhaus-hygge-niebel.jpg","width":1500,"height":720,"caption":"Luxus Ferienhaus in Niebel: HYGGE HAUS f\u00fcr einen sorgenfreien Urlaub"},{"@type":"BreadcrumbList","@id":"https:\/\/hygge-haus.com\/en\/luxus-ferienhaus\/#breadcrumb","itemListElement":[{"@type":"ListItem","position":1,"name":"Startseite","item":"https:\/\/hygge-haus.com\/"},{"@type":"ListItem","position":2,"name":"Luxus Ferienhaus"}]},{"@type":"WebSite","@id":"https:\/\/hygge-haus.com\/#website","url":"https:\/\/hygge-haus.com\/","name":"HYGGE HAUS","description":"Nachhaltiger Urlaub in Brandenburg","potentialAction":[{"@type":"SearchAction","target":{"@type":"EntryPoint","urlTemplate":"https:\/\/hygge-haus.com\/?s={search_term_string}"},"query-input":{"@type":"PropertyValueSpecification","valueRequired":true,"valueName":"search_term_string"}}],"inLanguage":"en-US"}]}},"_links":{"self":[{"href":"https:\/\/hygge-haus.com\/en\/wp-json\/wp\/v2\/pages\/1487","targetHints":{"allow":["GET"]}}],"collection":[{"href":"https:\/\/hygge-haus.com\/en\/wp-json\/wp\/v2\/pages"}],"about":[{"href":"https:\/\/hygge-haus.com\/en\/wp-json\/wp\/v2\/types\/page"}],"author":[{"embeddable":true,"href":"https:\/\/hygge-haus.com\/en\/wp-json\/wp\/v2\/users\/1"}],"replies":[{"embeddable":true,"href":"https:\/\/hygge-haus.com\/en\/wp-json\/wp\/v2\/comments?post=1487"}],"version-history":[{"count":2,"href":"https:\/\/hygge-haus.com\/en\/wp-json\/wp\/v2\/pages\/1487\/revisions"}],"predecessor-version":[{"id":1498,"href":"https:\/\/hygge-haus.com\/en\/wp-json\/wp\/v2\/pages\/1487\/revisions\/1498"}],"wp:featuredmedia":[{"embeddable":true,"href":"https:\/\/hygge-haus.com\/en\/wp-json\/wp\/v2\/media\/1098"}],"wp:attachment":[{"href":"https:\/\/hygge-haus.com\/en\/wp-json\/wp\/v2\/media?parent=1487"}],"curies":[{"name":"wp","href":"https:\/\/api.w.org\/{rel}","templated":true}]}}