{"id":1511,"date":"2022-08-15T14:00:04","date_gmt":"2022-08-15T12:00:04","guid":{"rendered":"https:\/\/hygge-haus.com\/?page_id=1511"},"modified":"2022-08-17T11:56:11","modified_gmt":"2022-08-17T09:56:11","slug":"veterinarian","status":"publish","type":"page","link":"https:\/\/hygge-haus.com\/en\/veterinarian\/","title":{"rendered":"Veterinarian"},"content":{"rendered":"<h1><strong>Veterinary care for emergencies:\u00a0 Veterinarian is Our Neighbour<\/strong><\/h1>\n<p>For emergencies and unexpected procedures, the village vet \u2013 our direct neighbour &#8211; is at your disposal: <a href=\"https:\/\/web2.cylex.de\/firma-home\/patricia-romanazzi-9595252.html\" target=\"_blank\" rel=\"noopener\">Patrizia Romanazzi<\/a><\/p>\n<p>There are two additional veterinarians located 4 km away, in Treuenbrietzen:<\/p>\n<ul>\n<li><a href=\"https:\/\/sabinchen-tierarztpraxis.com\/\" target=\"_blank\" rel=\"noopener\"><strong>Tier\u00e4rztin Sandra B\u00f6ttcher:<\/strong> <\/a>open to alternative treatments<br \/>\nGro\u00dfstra\u00dfe 76<br \/>\n14929 Treuenbrietzen<br \/>\n0175 4645893<\/li>\n<li><strong>DVM Ingo Knaack: <\/strong>we have not gotten to know this vet yet<br \/>\nJ\u00fcterboger Str.\u00a0 31<br \/>\n14929 Treuenbrietzen<br \/>\n033748 15577<\/li>\n<\/ul>\n<p>&nbsp;<\/p>\n","protected":false},"excerpt":{"rendered":"<p>Veterinary care for emergencies:\u00a0 Veterinarian is Our Neighbour For emergencies and unexpected procedures, the village vet \u2013 our direct neighbour &#8211; is at your disposal: Patrizia Romanazzi There are two additional veterinarians located 4 km away, in Treuenbrietzen: Tier\u00e4rztin Sandra B\u00f6ttcher: open to alternative treatments Gro\u00dfstra\u00dfe 76 14929 Treuenbrietzen 0175 4645893 DVM Ingo Knaack: we [&hellip;]<\/p>\n","protected":false},"author":1,"featured_media":0,"parent":0,"menu_order":0,"comment_status":"closed","ping_status":"closed","template":"","meta":{"footnotes":""},"class_list":["post-1511","page","type-page","status-publish","hentry"],"yoast_head":"<!-- This site is optimized with the Yoast SEO plugin v26.3 - https:\/\/yoast.com\/wordpress\/plugins\/seo\/ -->\n<title>Veterinarian - HYGGE HAUS<\/title>\n<meta name=\"robots\" content=\"index, follow, max-snippet:-1, max-image-preview:large, max-video-preview:-1\" \/>\n<link rel=\"canonical\" href=\"https:\/\/hygge-haus.com\/en\/veterinarian\/\" \/>\n<meta property=\"og:locale\" content=\"en_US\" \/>\n<meta property=\"og:type\" content=\"article\" \/>\n<meta property=\"og:title\" content=\"-1381\" \/>\n<meta property=\"og:description\" content=\"90\" \/>\n<meta property=\"og:url\" content=\"https:\/\/hygge-haus.com\/en\/veterinarian\/\" \/>\n<meta property=\"og:site_name\" content=\"HYGGE HAUS\" \/>\n<meta property=\"article:modified_time\" content=\"2022-08-17T09:56:11+00:00\" \/>\n<meta property=\"og:image\" content=\"http:\/\/false\" \/>\n<meta name=\"twitter:card\" content=\"summary_large_image\" \/>\n<meta name=\"twitter:label1\" content=\"Est. reading time\" \/>\n\t<meta name=\"twitter:data1\" content=\"1 minute\" \/>\n<script type=\"application\/ld+json\" class=\"yoast-schema-graph\">{\"@context\":\"https:\/\/schema.org\",\"@graph\":[{\"@type\":\"WebPage\",\"@id\":\"https:\/\/hygge-haus.com\/en\/veterinarian\/\",\"url\":\"https:\/\/hygge-haus.com\/en\/veterinarian\/\",\"name\":\"Veterinarian - HYGGE HAUS\",\"isPartOf\":{\"@id\":\"https:\/\/hygge-haus.com\/#website\"},\"datePublished\":\"2022-08-15T12:00:04+00:00\",\"dateModified\":\"2022-08-17T09:56:11+00:00\",\"breadcrumb\":{\"@id\":\"https:\/\/hygge-haus.com\/en\/veterinarian\/#breadcrumb\"},\"inLanguage\":\"en-US\",\"potentialAction\":[{\"@type\":\"ReadAction\",\"target\":[\"https:\/\/hygge-haus.com\/en\/veterinarian\/\"]}]},{\"@type\":\"BreadcrumbList\",\"@id\":\"https:\/\/hygge-haus.com\/en\/veterinarian\/#breadcrumb\",\"itemListElement\":[{\"@type\":\"ListItem\",\"position\":1,\"name\":\"Startseite\",\"item\":\"https:\/\/hygge-haus.com\/\"},{\"@type\":\"ListItem\",\"position\":2,\"name\":\"Veterinarian\"}]},{\"@type\":\"WebSite\",\"@id\":\"https:\/\/hygge-haus.com\/#website\",\"url\":\"https:\/\/hygge-haus.com\/\",\"name\":\"HYGGE HAUS\",\"description\":\"Nachhaltiger Urlaub in Brandenburg\",\"potentialAction\":[{\"@type\":\"SearchAction\",\"target\":{\"@type\":\"EntryPoint\",\"urlTemplate\":\"https:\/\/hygge-haus.com\/?s={search_term_string}\"},\"query-input\":{\"@type\":\"PropertyValueSpecification\",\"valueRequired\":true,\"valueName\":\"search_term_string\"}}],\"inLanguage\":\"en-US\"}]}<\/script>\n<!-- \/ Yoast SEO plugin. -->","yoast_head_json":{"title":"Veterinarian - HYGGE HAUS","robots":{"index":"index","follow":"follow","max-snippet":"max-snippet:-1","max-image-preview":"max-image-preview:large","max-video-preview":"max-video-preview:-1"},"canonical":"https:\/\/hygge-haus.com\/en\/veterinarian\/","og_locale":"en_US","og_type":"article","og_title":"-1381","og_description":"90","og_url":"https:\/\/hygge-haus.com\/en\/veterinarian\/","og_site_name":"HYGGE HAUS","article_modified_time":"2022-08-17T09:56:11+00:00","og_image":[{"url":"false","type":"","width":"","height":""}],"twitter_card":"summary_large_image","twitter_misc":{"Est. reading time":"1 minute"},"schema":{"@context":"https:\/\/schema.org","@graph":[{"@type":"WebPage","@id":"https:\/\/hygge-haus.com\/en\/veterinarian\/","url":"https:\/\/hygge-haus.com\/en\/veterinarian\/","name":"Veterinarian - HYGGE HAUS","isPartOf":{"@id":"https:\/\/hygge-haus.com\/#website"},"datePublished":"2022-08-15T12:00:04+00:00","dateModified":"2022-08-17T09:56:11+00:00","breadcrumb":{"@id":"https:\/\/hygge-haus.com\/en\/veterinarian\/#breadcrumb"},"inLanguage":"en-US","potentialAction":[{"@type":"ReadAction","target":["https:\/\/hygge-haus.com\/en\/veterinarian\/"]}]},{"@type":"BreadcrumbList","@id":"https:\/\/hygge-haus.com\/en\/veterinarian\/#breadcrumb","itemListElement":[{"@type":"ListItem","position":1,"name":"Startseite","item":"https:\/\/hygge-haus.com\/"},{"@type":"ListItem","position":2,"name":"Veterinarian"}]},{"@type":"WebSite","@id":"https:\/\/hygge-haus.com\/#website","url":"https:\/\/hygge-haus.com\/","name":"HYGGE HAUS","description":"Nachhaltiger Urlaub in Brandenburg","potentialAction":[{"@type":"SearchAction","target":{"@type":"EntryPoint","urlTemplate":"https:\/\/hygge-haus.com\/?s={search_term_string}"},"query-input":{"@type":"PropertyValueSpecification","valueRequired":true,"valueName":"search_term_string"}}],"inLanguage":"en-US"}]}},"_links":{"self":[{"href":"https:\/\/hygge-haus.com\/en\/wp-json\/wp\/v2\/pages\/1511","targetHints":{"allow":["GET"]}}],"collection":[{"href":"https:\/\/hygge-haus.com\/en\/wp-json\/wp\/v2\/pages"}],"about":[{"href":"https:\/\/hygge-haus.com\/en\/wp-json\/wp\/v2\/types\/page"}],"author":[{"embeddable":true,"href":"https:\/\/hygge-haus.com\/en\/wp-json\/wp\/v2\/users\/1"}],"replies":[{"embeddable":true,"href":"https:\/\/hygge-haus.com\/en\/wp-json\/wp\/v2\/comments?post=1511"}],"version-history":[{"count":4,"href":"https:\/\/hygge-haus.com\/en\/wp-json\/wp\/v2\/pages\/1511\/revisions"}],"predecessor-version":[{"id":1649,"href":"https:\/\/hygge-haus.com\/en\/wp-json\/wp\/v2\/pages\/1511\/revisions\/1649"}],"wp:attachment":[{"href":"https:\/\/hygge-haus.com\/en\/wp-json\/wp\/v2\/media?parent=1511"}],"curies":[{"name":"wp","href":"https:\/\/api.w.org\/{rel}","templated":true}]}}