{"id":1512,"date":"2022-08-15T14:00:25","date_gmt":"2022-08-15T12:00:25","guid":{"rendered":"https:\/\/hygge-haus.com\/?page_id=1512"},"modified":"2022-08-15T14:00:25","modified_gmt":"2022-08-15T12:00:25","slug":"yoga-im-urlaub","status":"publish","type":"page","link":"https:\/\/hygge-haus.com\/en\/yoga-im-urlaub\/","title":{"rendered":"Yoga im Urlaub"},"content":{"rendered":"<p>Du m\u00f6chtest auch im Urlaub auf Yoga nicht verzichten? Oder willst gerade in der Auszeit die Gelegenheit ergreifen, Yoga auszuprobieren? Dazu hast Du im HYGGE HAUS die perfekte Gelegenheit. Unweit Niebel, quasi im Nachbarsdorf gibt es ein sch\u00f6nes Yoga-Studio, in dem Du unterschiedliche Yoga-Richtungen testen kannst. Der Unterricht ist f\u00fcr alle Kenntnisse und Erfahrungsstufen geeignet, egal ob Du ein Profi oder Anf\u00e4nger bist. Entspannt und entschleunigt vom Urlaub im HYGGE HAUS, kannst Du Dir ein paar Stunden Yoga g\u00f6nnen.<\/p>\n<h2>Hygge Urlaub f\u00fcr Stretching-Fans<\/h2>\n<p>Wenn Du Dir Sorgen machst, dass Du Dich mit dem Gep\u00e4ck f\u00fcr Deinen Urlaub \u00fcbernimmst, k\u00f6nnen wir Dich gleich beruhigen. Du musst kein Equipment mitbringen: In dem Yoga-Studio in Pech\u00fcle sind alle n\u00f6tigen Gegenst\u00e4nde vorhanden: Yoga-Matten, -Kissen, -Bl\u00f6cke, -B\u00e4nder und Entspannung-Decken. Das Einzige, was Du im Koffer dabei haben solltest, ist eine bequeme Kleidung, die Dich nicht einengt. In dem Dorf-Studio ist alles l\u00e4ssig und ungezwungen: Ein spezielles Outfit ist nicht von N\u00f6ten.<\/p>\n<h2>Yoga im Urlaub dienstags &amp; donnerstags<\/h2>\n<p>Egal, ob Du nur f\u00fcr ein paar Tage aus Berlin fl\u00fcchtest oder aus einem weiter gelegenem Ort anreist und einen l\u00e4ngeren Ferienaufenthalt im HYGGE HAUS verbringst: Yoga im Urlaub ist eine perfekte Erg\u00e4nzung. Der Kurs findet jeden Dienstag und Donnerstag statt &#8211; Du kannst mit uns hinfahren. Anfahrtskosten entstehen f\u00fcr Dich also nicht, Du musst lediglich die Yogini bezahlen &#8211; der Preis ist aber eher symbolisch. 10 EUR f\u00fcr anderthalb Stunden Yoga.<\/p>\n","protected":false},"excerpt":{"rendered":"<p>Du m\u00f6chtest auch im Urlaub auf Yoga nicht verzichten? Oder willst gerade in der Auszeit die Gelegenheit ergreifen, Yoga auszuprobieren? Dazu hast Du im HYGGE HAUS die perfekte Gelegenheit. Unweit Niebel, quasi im Nachbarsdorf gibt es ein sch\u00f6nes Yoga-Studio, in dem Du unterschiedliche Yoga-Richtungen testen kannst. Der Unterricht ist f\u00fcr alle Kenntnisse und Erfahrungsstufen geeignet, [&hellip;]<\/p>\n","protected":false},"author":1,"featured_media":1211,"parent":0,"menu_order":0,"comment_status":"closed","ping_status":"closed","template":"","meta":{"footnotes":""},"class_list":["post-1512","page","type-page","status-publish","has-post-thumbnail","hentry"],"yoast_head":"<!-- This site is optimized with the Yoast SEO plugin v26.3 - https:\/\/yoast.com\/wordpress\/plugins\/seo\/ -->\n<title>Yoga im Urlaub f\u00fcr HYGGE HAUS G\u00e4ste - dienstags &amp; donnerstags<\/title>\n<meta name=\"description\" content=\"Du willst im Urlaub auf Yoga nicht verzichten? Oder gerade in Deinen Ferien mit Yoga anfangen? Im HYGGE HAUS hast Du die Gelegenheit dazu!\" \/>\n<meta name=\"robots\" content=\"index, follow, max-snippet:-1, max-image-preview:large, max-video-preview:-1\" \/>\n<link rel=\"canonical\" href=\"https:\/\/hygge-haus.com\/en\/yoga-im-urlaub\/\" \/>\n<meta property=\"og:locale\" content=\"en_US\" \/>\n<meta property=\"og:type\" content=\"article\" \/>\n<meta property=\"og:title\" content=\"70\" \/>\n<meta property=\"og:description\" content=\"90\" \/>\n<meta property=\"og:url\" content=\"https:\/\/hygge-haus.com\/en\/yoga-im-urlaub\/\" \/>\n<meta property=\"og:site_name\" content=\"HYGGE HAUS\" \/>\n<meta property=\"og:image\" content=\"http:\/\/false\" \/>\n<meta name=\"twitter:card\" content=\"summary_large_image\" \/>\n<meta name=\"twitter:label1\" content=\"Est. reading time\" \/>\n\t<meta name=\"twitter:data1\" content=\"2 minutes\" \/>\n<script type=\"application\/ld+json\" class=\"yoast-schema-graph\">{\"@context\":\"https:\/\/schema.org\",\"@graph\":[{\"@type\":\"WebPage\",\"@id\":\"https:\/\/hygge-haus.com\/en\/yoga-im-urlaub\/\",\"url\":\"https:\/\/hygge-haus.com\/en\/yoga-im-urlaub\/\",\"name\":\"Yoga im Urlaub f\u00fcr HYGGE HAUS G\u00e4ste - dienstags & donnerstags\",\"isPartOf\":{\"@id\":\"https:\/\/hygge-haus.com\/#website\"},\"primaryImageOfPage\":{\"@id\":\"https:\/\/hygge-haus.com\/en\/yoga-im-urlaub\/#primaryimage\"},\"image\":{\"@id\":\"https:\/\/hygge-haus.com\/en\/yoga-im-urlaub\/#primaryimage\"},\"thumbnailUrl\":\"https:\/\/hygge-haus.com\/wp-content\/uploads\/2022\/04\/urlaub-yoga.jpg\",\"datePublished\":\"2022-08-15T12:00:25+00:00\",\"description\":\"Du willst im Urlaub auf Yoga nicht verzichten? Oder gerade in Deinen Ferien mit Yoga anfangen? Im HYGGE HAUS hast Du die Gelegenheit dazu!\",\"breadcrumb\":{\"@id\":\"https:\/\/hygge-haus.com\/en\/yoga-im-urlaub\/#breadcrumb\"},\"inLanguage\":\"en-US\",\"potentialAction\":[{\"@type\":\"ReadAction\",\"target\":[\"https:\/\/hygge-haus.com\/en\/yoga-im-urlaub\/\"]}]},{\"@type\":\"ImageObject\",\"inLanguage\":\"en-US\",\"@id\":\"https:\/\/hygge-haus.com\/en\/yoga-im-urlaub\/#primaryimage\",\"url\":\"https:\/\/hygge-haus.com\/wp-content\/uploads\/2022\/04\/urlaub-yoga.jpg\",\"contentUrl\":\"https:\/\/hygge-haus.com\/wp-content\/uploads\/2022\/04\/urlaub-yoga.jpg\",\"width\":1500,\"height\":720,\"caption\":\"Yoga im Urlaub: im HYGGE HAUS m\u00f6glich\"},{\"@type\":\"BreadcrumbList\",\"@id\":\"https:\/\/hygge-haus.com\/en\/yoga-im-urlaub\/#breadcrumb\",\"itemListElement\":[{\"@type\":\"ListItem\",\"position\":1,\"name\":\"Startseite\",\"item\":\"https:\/\/hygge-haus.com\/\"},{\"@type\":\"ListItem\",\"position\":2,\"name\":\"Yoga im Urlaub\"}]},{\"@type\":\"WebSite\",\"@id\":\"https:\/\/hygge-haus.com\/#website\",\"url\":\"https:\/\/hygge-haus.com\/\",\"name\":\"HYGGE HAUS\",\"description\":\"Nachhaltiger Urlaub in Brandenburg\",\"potentialAction\":[{\"@type\":\"SearchAction\",\"target\":{\"@type\":\"EntryPoint\",\"urlTemplate\":\"https:\/\/hygge-haus.com\/?s={search_term_string}\"},\"query-input\":{\"@type\":\"PropertyValueSpecification\",\"valueRequired\":true,\"valueName\":\"search_term_string\"}}],\"inLanguage\":\"en-US\"}]}<\/script>\n<!-- \/ Yoast SEO plugin. -->","yoast_head_json":{"title":"Yoga im Urlaub f\u00fcr HYGGE HAUS G\u00e4ste - dienstags & donnerstags","description":"Du willst im Urlaub auf Yoga nicht verzichten? Oder gerade in Deinen Ferien mit Yoga anfangen? Im HYGGE HAUS hast Du die Gelegenheit dazu!","robots":{"index":"index","follow":"follow","max-snippet":"max-snippet:-1","max-image-preview":"max-image-preview:large","max-video-preview":"max-video-preview:-1"},"canonical":"https:\/\/hygge-haus.com\/en\/yoga-im-urlaub\/","og_locale":"en_US","og_type":"article","og_title":"70","og_description":"90","og_url":"https:\/\/hygge-haus.com\/en\/yoga-im-urlaub\/","og_site_name":"HYGGE HAUS","og_image":[{"url":"false","type":"","width":"","height":""}],"twitter_card":"summary_large_image","twitter_misc":{"Est. reading time":"2 minutes"},"schema":{"@context":"https:\/\/schema.org","@graph":[{"@type":"WebPage","@id":"https:\/\/hygge-haus.com\/en\/yoga-im-urlaub\/","url":"https:\/\/hygge-haus.com\/en\/yoga-im-urlaub\/","name":"Yoga im Urlaub f\u00fcr HYGGE HAUS G\u00e4ste - dienstags & donnerstags","isPartOf":{"@id":"https:\/\/hygge-haus.com\/#website"},"primaryImageOfPage":{"@id":"https:\/\/hygge-haus.com\/en\/yoga-im-urlaub\/#primaryimage"},"image":{"@id":"https:\/\/hygge-haus.com\/en\/yoga-im-urlaub\/#primaryimage"},"thumbnailUrl":"https:\/\/hygge-haus.com\/wp-content\/uploads\/2022\/04\/urlaub-yoga.jpg","datePublished":"2022-08-15T12:00:25+00:00","description":"Du willst im Urlaub auf Yoga nicht verzichten? Oder gerade in Deinen Ferien mit Yoga anfangen? Im HYGGE HAUS hast Du die Gelegenheit dazu!","breadcrumb":{"@id":"https:\/\/hygge-haus.com\/en\/yoga-im-urlaub\/#breadcrumb"},"inLanguage":"en-US","potentialAction":[{"@type":"ReadAction","target":["https:\/\/hygge-haus.com\/en\/yoga-im-urlaub\/"]}]},{"@type":"ImageObject","inLanguage":"en-US","@id":"https:\/\/hygge-haus.com\/en\/yoga-im-urlaub\/#primaryimage","url":"https:\/\/hygge-haus.com\/wp-content\/uploads\/2022\/04\/urlaub-yoga.jpg","contentUrl":"https:\/\/hygge-haus.com\/wp-content\/uploads\/2022\/04\/urlaub-yoga.jpg","width":1500,"height":720,"caption":"Yoga im Urlaub: im HYGGE HAUS m\u00f6glich"},{"@type":"BreadcrumbList","@id":"https:\/\/hygge-haus.com\/en\/yoga-im-urlaub\/#breadcrumb","itemListElement":[{"@type":"ListItem","position":1,"name":"Startseite","item":"https:\/\/hygge-haus.com\/"},{"@type":"ListItem","position":2,"name":"Yoga im Urlaub"}]},{"@type":"WebSite","@id":"https:\/\/hygge-haus.com\/#website","url":"https:\/\/hygge-haus.com\/","name":"HYGGE HAUS","description":"Nachhaltiger Urlaub in Brandenburg","potentialAction":[{"@type":"SearchAction","target":{"@type":"EntryPoint","urlTemplate":"https:\/\/hygge-haus.com\/?s={search_term_string}"},"query-input":{"@type":"PropertyValueSpecification","valueRequired":true,"valueName":"search_term_string"}}],"inLanguage":"en-US"}]}},"_links":{"self":[{"href":"https:\/\/hygge-haus.com\/en\/wp-json\/wp\/v2\/pages\/1512","targetHints":{"allow":["GET"]}}],"collection":[{"href":"https:\/\/hygge-haus.com\/en\/wp-json\/wp\/v2\/pages"}],"about":[{"href":"https:\/\/hygge-haus.com\/en\/wp-json\/wp\/v2\/types\/page"}],"author":[{"embeddable":true,"href":"https:\/\/hygge-haus.com\/en\/wp-json\/wp\/v2\/users\/1"}],"replies":[{"embeddable":true,"href":"https:\/\/hygge-haus.com\/en\/wp-json\/wp\/v2\/comments?post=1512"}],"version-history":[{"count":2,"href":"https:\/\/hygge-haus.com\/en\/wp-json\/wp\/v2\/pages\/1512\/revisions"}],"predecessor-version":[{"id":1529,"href":"https:\/\/hygge-haus.com\/en\/wp-json\/wp\/v2\/pages\/1512\/revisions\/1529"}],"wp:featuredmedia":[{"embeddable":true,"href":"https:\/\/hygge-haus.com\/en\/wp-json\/wp\/v2\/media\/1211"}],"wp:attachment":[{"href":"https:\/\/hygge-haus.com\/en\/wp-json\/wp\/v2\/media?parent=1512"}],"curies":[{"name":"wp","href":"https:\/\/api.w.org\/{rel}","templated":true}]}}