{"id":1518,"date":"2022-08-15T14:06:43","date_gmt":"2022-08-15T12:06:43","guid":{"rendered":"https:\/\/hygge-haus.com\/?page_id=1518"},"modified":"2022-08-17T11:32:02","modified_gmt":"2022-08-17T09:32:02","slug":"things-to-do-see","status":"publish","type":"page","link":"https:\/\/hygge-haus.com\/en\/things-to-do-see\/","title":{"rendered":"Things to do &#038; see"},"content":{"rendered":"<div id='av_section_1'  class='avia-section main_color avia-section-large avia-no-border-styling  avia-full-stretch av-section-color-overlay-active avia-bg-style-scroll  avia-builder-el-0  el_before_av_textblock  avia-builder-el-first   container_wrap sidebar_right' style='background-repeat: no-repeat; background-image: url(https:\/\/hygge-haus.com\/wp-content\/uploads\/2021\/07\/sehenswertes-hygge-haus-300x200.jpg);background-attachment: scroll; background-position: center center;  '  data-section-bg-repeat='stretch'><div class='av-section-color-overlay-wrap'><div class='av-section-color-overlay' style='opacity: 0.4; background-color: #000000; '><\/div><div class='container' ><main  role=\"main\" itemprop=\"mainContentOfPage\"  class='template-page content  av-content-small alpha units'><div class='post-entry post-entry-type-page post-entry-1518'><div class='entry-content-wrapper clearfix'>\n<div  style='padding-bottom:10px; color:#ffffff;font-size:70px;' class='av-special-heading av-special-heading-h6 custom-color-heading blockquote modern-quote modern-centered  avia-builder-el-1  avia-builder-el-no-sibling  av-inherit-size '><h6 class='av-special-heading-tag '  itemprop=\"headline\"  >Things to do <span class='special_amp'>&amp;<\/span> see<\/h6><div class='special-heading-border'><div class='special-heading-inner-border' style='border-color:#ffffff'><\/div><\/div><\/div>\n<\/div><\/div><\/main><!-- close content main element --><\/div><\/div><\/div><div id='after_section_1'  class='main_color av_default_container_wrap container_wrap sidebar_right' style=' '  ><div class='container' ><div class='template-page content  av-content-small alpha units'><div class='post-entry post-entry-type-page post-entry-1518'><div class='entry-content-wrapper clearfix'><section class=\"av_textblock_section \"  itemscope=\"itemscope\" itemtype=\"https:\/\/schema.org\/CreativeWork\" ><div class='avia_textblock  '   itemprop=\"text\" ><h1>Regional Highlights in Brandenburg<\/h1>\n<\/div><\/section><\/p>\n<section class=\"av_textblock_section \"  itemscope=\"itemscope\" itemtype=\"https:\/\/schema.org\/CreativeWork\" ><div class='avia_textblock  '   itemprop=\"text\" ><p>We have collected some tips about places of interest in the area that can make your stay in Niebel more exciting.\u00a0 Whether it&#8217;s a town, a castle, a monastery, or a lake &#8211; Brandenburg has wonderful places to see that are well worth a visit.<\/p>\n<h2>Things to see in the Area:<\/h2>\n<p><strong>Downtown Treuenbrietzen<\/strong>, approximately 5 km, 5-minute drive \u2013\u00a0<a href=\"http:\/\/www.treuenbrietzen.de\/seite\/370407\/tourismus.html%20und%20https:\/www.reiseland-brandenburg.de\/suche\/?q=Treuenbrietzen\">Sabinchenstadt<\/a><\/p>\n<p><strong>Beelitz \u2013 The Asparagus Capital,<\/strong>\u00a0approximately 16 km, 20-minute drive \u2013\u00a0<a href=\"https:\/\/beelitz.de\/\">Beelitz<\/a><\/p>\n<p><strong>Treetop Path &#8211; Beelitz-Heilst\u00e4tten,<\/strong>\u00a0approximately 21 km, 25-minute drive \u2013\u00a0<a href=\"https:\/\/baumundzeit.de\/\">Baumkronenpfad<\/a><\/p>\n<p><strong>Caputh<\/strong>, approximately 32 km, 38-minute drive \u2013\u00a0<a href=\"https:\/\/www.schwielowsee-tourismus.de\/schwielowsee\/caputh.html\">Einsteins Sommeridyll<\/a><\/p>\n<p><strong>Zinna Abbey <\/strong>approximately 26 km, 25-minute drive \u2013\u00a0<a href=\"http:\/\/www.kloster-zinna.com\/index.php\">Kloster Zinna<\/a><\/p>\n<p><strong>Spa Bad Belzig<\/strong>\u00a0approximately 33km, 35-minute drive \u2013\u00a0<a href=\"https:\/\/www.belzig.com\/\">Bad Belzig<\/a><\/p>\n<p><strong>Potsdam,<\/strong>\u00a0approximately 34 km, 35-minute drive \u2013\u00a0<a href=\"https:\/\/www.potsdam.de\/kategorie\/potsdam-entdecken\">Potsdam<\/a><\/p>\n<p><strong>Burg Rabenstein<\/strong>, approximately 39 km, 35-minute drive \u2013\u00a0<a href=\"https:\/\/www.burgrabenstein.de\/\">Burg Rabenstein<\/a><\/p>\n<p><strong>Lutherstadt Wittenberg<\/strong>, approximately 45 km, 45-minute drive \u2013\u00a0<a href=\"https:\/\/lutherstadt-wittenberg.de\/stadtfuehrungen\/\">Wittenberg<\/a><\/p>\n<h2>For sports and hiking enthusiasts:<\/h2>\n<p><strong>Treuenbrietzen Paucketring Hiking Trail<\/strong>, approximately 2.5km and 1 hour hike \u2013\u00a0<a href=\"https:\/\/geoportal-treuenbrietzen.de\/viewer.php?layerid=81,95,28&amp;bbox=351670,5772622,356492,5775069\">Paucketring<\/a><\/p>\n<p><strong>Fl\u00e4ming Skate<\/strong>, approximately 21 km, 25-minute drive \u2013 http:\/\/www.flaeming-skate.de\/de\/startseite.php<\/p>\n<p><strong>Part of the Way of St.\u00a0 James via Imperii,<\/strong>\u00a0Niebel (directly at Hygge Haus)-Treuenbrietzen-Rietz-Dietersdorf-Feldheim-Schm\u00f6gelsdorf-Marzahna, approximately 23 km und 4.5-hour hike \u2013\u00a0<a href=\"https:\/\/www.brandenburger-jakobswege.de\/\">Brandenburger Jacobsweg<\/a><\/p>\n<h2>Events:<\/h2>\n<p><strong>Beelitz National Horticultural Show<\/strong>\u00a02022 (14.04.-31.10.2022) \u2013\u00a0<a href=\"https:\/\/laga-beelitz.de\/\">Laga Beelitz<\/a><\/p>\n<\/div><\/section>\n","protected":false},"excerpt":{"rendered":"","protected":false},"author":1,"featured_media":0,"parent":0,"menu_order":0,"comment_status":"closed","ping_status":"closed","template":"","meta":{"footnotes":""},"class_list":["post-1518","page","type-page","status-publish","hentry"],"yoast_head":"<!-- This site is optimized with the Yoast SEO plugin v26.3 - https:\/\/yoast.com\/wordpress\/plugins\/seo\/ -->\n<title>Things to do &amp; see - HYGGE HAUS<\/title>\n<meta name=\"description\" content=\"Sehenswertes in Brandenburg? F\u00fcr die G\u00e4ste von HYGGE HAUS haben wir spannende Tipps f\u00fcr Sehensw\u00fcrdigkeiten in der N\u00e4he von Niebel gesammelt.\" \/>\n<meta name=\"robots\" content=\"index, follow, max-snippet:-1, max-image-preview:large, max-video-preview:-1\" \/>\n<link rel=\"canonical\" href=\"https:\/\/hygge-haus.com\/en\/things-to-do-see\/\" \/>\n<meta property=\"og:locale\" content=\"en_US\" \/>\n<meta property=\"og:type\" content=\"article\" \/>\n<meta property=\"og:title\" content=\"60\" \/>\n<meta property=\"og:description\" content=\"90\" \/>\n<meta property=\"og:url\" content=\"https:\/\/hygge-haus.com\/en\/things-to-do-see\/\" \/>\n<meta property=\"og:site_name\" content=\"HYGGE HAUS\" \/>\n<meta property=\"article:modified_time\" content=\"2022-08-17T09:32:02+00:00\" \/>\n<meta property=\"og:image\" content=\"http:\/\/false\" \/>\n<meta name=\"twitter:card\" content=\"summary_large_image\" \/>\n<meta name=\"twitter:label1\" content=\"Est. reading time\" \/>\n\t<meta name=\"twitter:data1\" content=\"1 minute\" \/>\n<script type=\"application\/ld+json\" class=\"yoast-schema-graph\">{\"@context\":\"https:\/\/schema.org\",\"@graph\":[{\"@type\":\"WebPage\",\"@id\":\"https:\/\/hygge-haus.com\/en\/things-to-do-see\/\",\"url\":\"https:\/\/hygge-haus.com\/en\/things-to-do-see\/\",\"name\":\"Things to do & see - HYGGE HAUS\",\"isPartOf\":{\"@id\":\"https:\/\/hygge-haus.com\/#website\"},\"datePublished\":\"2022-08-15T12:06:43+00:00\",\"dateModified\":\"2022-08-17T09:32:02+00:00\",\"description\":\"Sehenswertes in Brandenburg? F\u00fcr die G\u00e4ste von HYGGE HAUS haben wir spannende Tipps f\u00fcr Sehensw\u00fcrdigkeiten in der N\u00e4he von Niebel gesammelt.\",\"breadcrumb\":{\"@id\":\"https:\/\/hygge-haus.com\/en\/things-to-do-see\/#breadcrumb\"},\"inLanguage\":\"en-US\",\"potentialAction\":[{\"@type\":\"ReadAction\",\"target\":[\"https:\/\/hygge-haus.com\/en\/things-to-do-see\/\"]}]},{\"@type\":\"BreadcrumbList\",\"@id\":\"https:\/\/hygge-haus.com\/en\/things-to-do-see\/#breadcrumb\",\"itemListElement\":[{\"@type\":\"ListItem\",\"position\":1,\"name\":\"Startseite\",\"item\":\"https:\/\/hygge-haus.com\/\"},{\"@type\":\"ListItem\",\"position\":2,\"name\":\"Things to do &#038; see\"}]},{\"@type\":\"WebSite\",\"@id\":\"https:\/\/hygge-haus.com\/#website\",\"url\":\"https:\/\/hygge-haus.com\/\",\"name\":\"HYGGE HAUS\",\"description\":\"Nachhaltiger Urlaub in Brandenburg\",\"potentialAction\":[{\"@type\":\"SearchAction\",\"target\":{\"@type\":\"EntryPoint\",\"urlTemplate\":\"https:\/\/hygge-haus.com\/?s={search_term_string}\"},\"query-input\":{\"@type\":\"PropertyValueSpecification\",\"valueRequired\":true,\"valueName\":\"search_term_string\"}}],\"inLanguage\":\"en-US\"}]}<\/script>\n<!-- \/ Yoast SEO plugin. -->","yoast_head_json":{"title":"Things to do & see - HYGGE HAUS","description":"Sehenswertes in Brandenburg? F\u00fcr die G\u00e4ste von HYGGE HAUS haben wir spannende Tipps f\u00fcr Sehensw\u00fcrdigkeiten in der N\u00e4he von Niebel gesammelt.","robots":{"index":"index","follow":"follow","max-snippet":"max-snippet:-1","max-image-preview":"max-image-preview:large","max-video-preview":"max-video-preview:-1"},"canonical":"https:\/\/hygge-haus.com\/en\/things-to-do-see\/","og_locale":"en_US","og_type":"article","og_title":"60","og_description":"90","og_url":"https:\/\/hygge-haus.com\/en\/things-to-do-see\/","og_site_name":"HYGGE HAUS","article_modified_time":"2022-08-17T09:32:02+00:00","og_image":[{"url":"false","type":"","width":"","height":""}],"twitter_card":"summary_large_image","twitter_misc":{"Est. reading time":"1 minute"},"schema":{"@context":"https:\/\/schema.org","@graph":[{"@type":"WebPage","@id":"https:\/\/hygge-haus.com\/en\/things-to-do-see\/","url":"https:\/\/hygge-haus.com\/en\/things-to-do-see\/","name":"Things to do & see - HYGGE HAUS","isPartOf":{"@id":"https:\/\/hygge-haus.com\/#website"},"datePublished":"2022-08-15T12:06:43+00:00","dateModified":"2022-08-17T09:32:02+00:00","description":"Sehenswertes in Brandenburg? F\u00fcr die G\u00e4ste von HYGGE HAUS haben wir spannende Tipps f\u00fcr Sehensw\u00fcrdigkeiten in der N\u00e4he von Niebel gesammelt.","breadcrumb":{"@id":"https:\/\/hygge-haus.com\/en\/things-to-do-see\/#breadcrumb"},"inLanguage":"en-US","potentialAction":[{"@type":"ReadAction","target":["https:\/\/hygge-haus.com\/en\/things-to-do-see\/"]}]},{"@type":"BreadcrumbList","@id":"https:\/\/hygge-haus.com\/en\/things-to-do-see\/#breadcrumb","itemListElement":[{"@type":"ListItem","position":1,"name":"Startseite","item":"https:\/\/hygge-haus.com\/"},{"@type":"ListItem","position":2,"name":"Things to do &#038; see"}]},{"@type":"WebSite","@id":"https:\/\/hygge-haus.com\/#website","url":"https:\/\/hygge-haus.com\/","name":"HYGGE HAUS","description":"Nachhaltiger Urlaub in Brandenburg","potentialAction":[{"@type":"SearchAction","target":{"@type":"EntryPoint","urlTemplate":"https:\/\/hygge-haus.com\/?s={search_term_string}"},"query-input":{"@type":"PropertyValueSpecification","valueRequired":true,"valueName":"search_term_string"}}],"inLanguage":"en-US"}]}},"_links":{"self":[{"href":"https:\/\/hygge-haus.com\/en\/wp-json\/wp\/v2\/pages\/1518","targetHints":{"allow":["GET"]}}],"collection":[{"href":"https:\/\/hygge-haus.com\/en\/wp-json\/wp\/v2\/pages"}],"about":[{"href":"https:\/\/hygge-haus.com\/en\/wp-json\/wp\/v2\/types\/page"}],"author":[{"embeddable":true,"href":"https:\/\/hygge-haus.com\/en\/wp-json\/wp\/v2\/users\/1"}],"replies":[{"embeddable":true,"href":"https:\/\/hygge-haus.com\/en\/wp-json\/wp\/v2\/comments?post=1518"}],"version-history":[{"count":6,"href":"https:\/\/hygge-haus.com\/en\/wp-json\/wp\/v2\/pages\/1518\/revisions"}],"predecessor-version":[{"id":1634,"href":"https:\/\/hygge-haus.com\/en\/wp-json\/wp\/v2\/pages\/1518\/revisions\/1634"}],"wp:attachment":[{"href":"https:\/\/hygge-haus.com\/en\/wp-json\/wp\/v2\/media?parent=1518"}],"curies":[{"name":"wp","href":"https:\/\/api.w.org\/{rel}","templated":true}]}}