{"id":2242,"date":"2022-08-15T14:03:49","date_gmt":"2022-08-15T12:03:49","guid":{"rendered":"https:\/\/hygge-haus.com\/deals\/"},"modified":"2026-04-15T19:24:11","modified_gmt":"2026-04-15T17:24:11","slug":"o-nas","status":"publish","type":"page","link":"https:\/\/hygge-haus.com\/pl\/o-nas\/","title":{"rendered":"O nas"},"content":{"rendered":"<div id='av_section_1'  class='avia-section main_color avia-section-large avia-no-border-styling  avia-full-stretch av-section-color-overlay-active avia-bg-style-scroll  avia-builder-el-0  el_before_av_section  avia-builder-el-first   container_wrap sidebar_right' style='background-repeat: no-repeat; background-image: url(https:\/\/hygge-haus.com\/wp-content\/uploads\/2021\/07\/hygge-haus-ueber-uns-02-300x144.jpg);background-attachment: scroll; background-position: center center;  '  data-section-bg-repeat='stretch'><div class='av-section-color-overlay-wrap'><div class='av-section-color-overlay' style='opacity: 0.4; background-color: #000000; '><\/div><div class='container' ><main  role=\"main\" itemprop=\"mainContentOfPage\"  class='template-page content  av-content-small alpha units'><div class='post-entry post-entry-type-page post-entry-2242'><div class='entry-content-wrapper clearfix'>\n<div  style='padding-bottom:10px; color:#ffffff;font-size:70px;' class='av-special-heading av-special-heading-h6 custom-color-heading blockquote modern-quote modern-centered  avia-builder-el-1  avia-builder-el-no-sibling  av-inherit-size '><h6 class='av-special-heading-tag '  itemprop=\"headline\"  >O nas<\/h6><div class='special-heading-border'><div class='special-heading-inner-border' style='border-color:#ffffff'><\/div><\/div><\/div>\n\n<\/div><\/div><\/main><!-- close content main element --><\/div><\/div><\/div><div id='av_section_2'  class='avia-section main_color avia-section-default avia-no-shadow  avia-bg-style-scroll  avia-builder-el-2  el_after_av_section  avia-builder-el-last   container_wrap sidebar_right' style=' '  ><div class='container' ><div class='template-page content  av-content-small alpha units'><div class='post-entry post-entry-type-page post-entry-2242'><div class='entry-content-wrapper clearfix'>\n<div class=\"flex_column av_one_half  av-animated-generic bottom-to-top  flex_column_div av-zero-column-padding first  avia-builder-el-3  el_before_av_one_half  avia-builder-el-first  \" style='border-radius:0px; '><p><div  style='padding-bottom:20px; font-size:34px;' class='av-special-heading av-special-heading-h3  blockquote modern-quote  avia-builder-el-4  el_before_av_team_member  avia-builder-el-first  av-inherit-size '><div class ='av-subheading av-subheading_above  ' style='font-size:15px;'><p>Niespokojny duch<\/p>\n<\/div><h3 class='av-special-heading-tag '  itemprop=\"headline\"  >Kinga<\/h3><div class='special-heading-border'><div class='special-heading-inner-border' ><\/div><\/div><\/div><br \/>\n<section  class='avia-team-member   avia-builder-el-5  el_after_av_heading  el_before_av_hr '  itemscope=\"itemscope\" itemtype=\"https:\/\/schema.org\/Person\" ><div class='team-img-container'><img decoding=\"async\" width=\"1000\" height=\"1000\" class='wp-image-2222 avia-img-lazy-loading-not-2222 avia_image avia_image_team' src=\"https:\/\/hygge-haus.com\/wp-content\/uploads\/2026\/02\/kinga-rybinska-mit-ihren-hunden.jpg\" alt=''  itemprop=\"image\" srcset=\"https:\/\/hygge-haus.com\/wp-content\/uploads\/2026\/02\/kinga-rybinska-mit-ihren-hunden.jpg 1000w, https:\/\/hygge-haus.com\/wp-content\/uploads\/2026\/02\/kinga-rybinska-mit-ihren-hunden-300x300.jpg 300w, https:\/\/hygge-haus.com\/wp-content\/uploads\/2026\/02\/kinga-rybinska-mit-ihren-hunden-80x80.jpg 80w, https:\/\/hygge-haus.com\/wp-content\/uploads\/2026\/02\/kinga-rybinska-mit-ihren-hunden-768x768.jpg 768w, https:\/\/hygge-haus.com\/wp-content\/uploads\/2026\/02\/kinga-rybinska-mit-ihren-hunden-36x36.jpg 36w, https:\/\/hygge-haus.com\/wp-content\/uploads\/2026\/02\/kinga-rybinska-mit-ihren-hunden-180x180.jpg 180w, https:\/\/hygge-haus.com\/wp-content\/uploads\/2026\/02\/kinga-rybinska-mit-ihren-hunden-705x705.jpg 705w\" sizes=\"(max-width: 1000px) 100vw, 1000px\" \/><\/div><div class='team-member-description '  itemprop=\"description\"  ><p>Kinga z Faz\u0105, Amb\u0105 i Tol\u0105 (od lewej)<\/p>\n<\/div><span class='hidden team-member-affiliation'  itemprop=\"affiliation\" >HYGGE HAUS<\/span><\/section><br \/>\n<div   class='hr hr-default   avia-builder-el-6  el_after_av_team_member  el_before_av_textblock '><span class='hr-inner ' ><span class='hr-inner-style'><\/span><\/span><\/div><br \/>\n<section class=\"av_textblock_section \"  itemscope=\"itemscope\" itemtype=\"https:\/\/schema.org\/CreativeWork\" ><div class='avia_textblock  '   itemprop=\"text\" ><p>Kinga\u00a0 jest dziennikark\u0105, idealistk\u0105 i mi\u0142o\u015bniczk\u0105 ps\u00f3w. W HYGGE HAUS przej\u0119\u0142a wszystkim za kreatywne i estetyczne zadania, cho\u0107 anga\u017cowa\u0142a si\u0119 r\u00f3wnie\u017c mocno fizycznie w remont. Od lat koncentruje si\u0119 g\u0142\u00f3wnie na trzech rzeczach:<\/p>\n<ul>\n<li>pisanie<\/li>\n<li>ochrona zwierz\u0105t<\/li>\n<li>adopciaki<\/li>\n<\/ul>\n<p>Obecnie towarzysz\u0105 jej trzy adoptowane ze schroniska psy. Od kilkunastu lat anga\u017cuje si\u0119 w ekorozw\u00f3j, a w 2018 roku napisa\u0142a ksi\u0105\u017ck\u0119 \u201eZielony pies\u201d, poruszaj\u0105c\u0105\u00a0tematy zwi\u0105zane z ekologicznym i zgodnym z gatunkiem wychowaniem ps\u00f3w. Kinga prowadzi r\u00f3wnie\u017c pierwszy w Niemczech ekologiczny sklep dla zwierz\u0105t UNIQUE DOG.<\/p>\n<p>Motto, kt\u00f3re najlepiej King\u0119 opisuje, to:<\/p>\n<blockquote>\n<p>Ekorozw\u00f3j to nie opcja. To jedyna droga.<\/p>\n<\/blockquote>\n<\/div><\/section><\/p><\/div><div class=\"flex_column av_one_half  av-animated-generic bottom-to-top  flex_column_div av-zero-column-padding   avia-builder-el-8  el_after_av_one_half  avia-builder-el-last  \" style='border-radius:0px; '><p><div  style='padding-bottom:20px; font-size:34px;' class='av-special-heading av-special-heading-h3  blockquote modern-quote  avia-builder-el-9  el_before_av_team_member  avia-builder-el-first  av-inherit-size '><div class ='av-subheading av-subheading_above  ' style='font-size:15px;'><p>Oaza spokoju<\/p>\n<\/div><h3 class='av-special-heading-tag '  itemprop=\"headline\"  >Matthias<\/h3><div class='special-heading-border'><div class='special-heading-inner-border' ><\/div><\/div><\/div><br \/>\n<section  class='avia-team-member   avia-builder-el-10  el_after_av_heading  el_before_av_hr '  itemscope=\"itemscope\" itemtype=\"https:\/\/schema.org\/Person\" ><div class='team-img-container'><img decoding=\"async\" width=\"300\" height=\"300\" class='wp-image-542 avia-img-lazy-loading-not-542 avia_image avia_image_team' src=\"https:\/\/hygge-haus.com\/wp-content\/uploads\/2021\/06\/Matthias-Hygge-Haus-300x300.jpg\" alt=''  itemprop=\"image\" srcset=\"https:\/\/hygge-haus.com\/wp-content\/uploads\/2021\/06\/Matthias-Hygge-Haus-300x300.jpg 300w, https:\/\/hygge-haus.com\/wp-content\/uploads\/2021\/06\/Matthias-Hygge-Haus-80x80.jpg 80w, https:\/\/hygge-haus.com\/wp-content\/uploads\/2021\/06\/Matthias-Hygge-Haus-768x768.jpg 768w, https:\/\/hygge-haus.com\/wp-content\/uploads\/2021\/06\/Matthias-Hygge-Haus-36x36.jpg 36w, https:\/\/hygge-haus.com\/wp-content\/uploads\/2021\/06\/Matthias-Hygge-Haus-180x180.jpg 180w, https:\/\/hygge-haus.com\/wp-content\/uploads\/2021\/06\/Matthias-Hygge-Haus-705x705.jpg 705w, https:\/\/hygge-haus.com\/wp-content\/uploads\/2021\/06\/Matthias-Hygge-Haus-100x100.jpg 100w, https:\/\/hygge-haus.com\/wp-content\/uploads\/2021\/06\/Matthias-Hygge-Haus-600x600.jpg 600w, https:\/\/hygge-haus.com\/wp-content\/uploads\/2021\/06\/Matthias-Hygge-Haus.jpg 877w\" sizes=\"(max-width: 300px) 100vw, 300px\" \/><\/div><div class='team-member-description '  itemprop=\"description\"  ><p>Matthias ze swoim ulubionym narz\u0119dziem<\/p>\n<\/div><span class='hidden team-member-affiliation'  itemprop=\"affiliation\" >HYGGE HAUS<\/span><\/section><br \/>\n<div   class='hr hr-default   avia-builder-el-11  el_after_av_team_member  el_before_av_textblock '><span class='hr-inner ' ><span class='hr-inner-style'><\/span><\/span><\/div><br \/>\n<section class=\"av_textblock_section \"  itemscope=\"itemscope\" itemtype=\"https:\/\/schema.org\/CreativeWork\" ><div class='avia_textblock  '   itemprop=\"text\" ><p>Maciek jest in\u017cynierem budownictwa i odpowiedzialny za &#8222;brudn\u0105 robot\u0119&#8221;, czyli opr\u00f3cz planowania praktyczn\u0105 realizacj\u0119 projektu domu. W tygodniu przebywa poza domem, po\u015br\u00f3d budowlanego ha\u0142asu w niemieckich metropoliach, ale w weekendy cieszy si\u0119 idyllicznym spokojem Niebel: wioska jest oaz\u0105 dla zestresowanych mieszka\u0144c\u00f3w miasta i rajem dla mi\u0142o\u015bnik\u00f3w natury.<\/p>\n<p>Zamiast d\u017awig\u00f3w budowlanych jest tu pi\u0119kna wie\u017ca starego wiejskiego ko\u015bcio\u0142a; zamiast spalin, delikatny zapach lawendy; a zamiast ha\u0142asu ulicznego koj\u0105ce brz\u0119czenie pracowitych pszcz\u00f3\u0142. Przerwa na na\u0142adowanie baterii, uspokojenie nerw\u00f3w i zwolnienie tempa.<\/p>\n<p>Dorastaj\u0105c bez zwierz\u0105t, Maciek odkry\u0142 psy dopiero dzi\u0119ki Kindze i od tamtej pory nie wyobra\u017ca sobie \u017cycia bez nich \u2013 zw\u0142aszcza ze swoj\u0105 ukochan\u0105 Faz\u0105.<\/p>\n<p>Zdanie, kt\u00f3re najlepiej opisuje Matthiasa, brzmi:<\/p>\n<blockquote>\n<p>W spokoju tkwi si\u0142a.<\/p>\n<\/blockquote>\n<\/div><\/section><\/p><\/div><\/div><\/div><\/div><!-- close content main div --><\/div><\/div><div id='after_section_2'  class='main_color av_default_container_wrap container_wrap sidebar_right' style=' '  ><div class='container' ><div class='template-page content  av-content-small alpha units'><div class='post-entry post-entry-type-page post-entry-2242'><div class='entry-content-wrapper clearfix'>\n","protected":false},"excerpt":{"rendered":"","protected":false},"author":1,"featured_media":0,"parent":0,"menu_order":0,"comment_status":"closed","ping_status":"closed","template":"","meta":{"footnotes":""},"class_list":["post-2242","page","type-page","status-publish","hentry"],"yoast_head":"<!-- This site is optimized with the Yoast SEO plugin v26.3 - https:\/\/yoast.com\/wordpress\/plugins\/seo\/ -->\n<title>O nas: Kinga i Maciek - HYGGE HAUS<\/title>\n<meta name=\"description\" content=\"Poznaj King\u0119 i Ma\u0107ka, par\u0119 inicjator\u00f3w HYGGE HAUS, ekologicznego domu na wynajem niedelako Berlina. Kinga to dziennikarka, Maciek - in\u017cynier\" \/>\n<meta name=\"robots\" content=\"index, follow, max-snippet:-1, max-image-preview:large, max-video-preview:-1\" \/>\n<link rel=\"canonical\" href=\"https:\/\/hygge-haus.com\/pl\/o-nas\/\" \/>\n<meta property=\"og:locale\" content=\"pl_PL\" \/>\n<meta property=\"og:type\" content=\"article\" \/>\n<meta property=\"og:title\" content=\"O nas: Kinga i Maciek - HYGGE HAUS\" \/>\n<meta property=\"og:description\" content=\"Poznaj King\u0119 i Ma\u0107ka, par\u0119 inicjator\u00f3w HYGGE HAUS, ekologicznego domu na wynajem niedelako Berlina. Kinga to dziennikarka, Maciek - in\u017cynier\" \/>\n<meta property=\"og:url\" content=\"https:\/\/hygge-haus.com\/pl\/o-nas\/\" \/>\n<meta property=\"og:site_name\" content=\"HYGGE HAUS\" \/>\n<meta property=\"article:modified_time\" content=\"2026-04-15T17:24:11+00:00\" \/>\n<meta name=\"twitter:card\" content=\"summary_large_image\" \/>\n<meta name=\"twitter:label1\" content=\"Szacowany czas czytania\" \/>\n\t<meta name=\"twitter:data1\" content=\"6 minut\" \/>\n<script type=\"application\/ld+json\" class=\"yoast-schema-graph\">{\"@context\":\"https:\/\/schema.org\",\"@graph\":[{\"@type\":\"WebPage\",\"@id\":\"https:\/\/hygge-haus.com\/pl\/o-nas\/\",\"url\":\"https:\/\/hygge-haus.com\/pl\/o-nas\/\",\"name\":\"O nas: Kinga i Maciek - HYGGE HAUS\",\"isPartOf\":{\"@id\":\"https:\/\/hygge-haus.com\/#website\"},\"datePublished\":\"2022-08-15T12:03:49+00:00\",\"dateModified\":\"2026-04-15T17:24:11+00:00\",\"description\":\"Poznaj King\u0119 i Ma\u0107ka, par\u0119 inicjator\u00f3w HYGGE HAUS, ekologicznego domu na wynajem niedelako Berlina. Kinga to dziennikarka, Maciek - in\u017cynier\",\"breadcrumb\":{\"@id\":\"https:\/\/hygge-haus.com\/pl\/o-nas\/#breadcrumb\"},\"inLanguage\":\"pl-PL\",\"potentialAction\":[{\"@type\":\"ReadAction\",\"target\":[\"https:\/\/hygge-haus.com\/pl\/o-nas\/\"]}]},{\"@type\":\"BreadcrumbList\",\"@id\":\"https:\/\/hygge-haus.com\/pl\/o-nas\/#breadcrumb\",\"itemListElement\":[{\"@type\":\"ListItem\",\"position\":1,\"name\":\"Startseite\",\"item\":\"https:\/\/hygge-haus.com\/\"},{\"@type\":\"ListItem\",\"position\":2,\"name\":\"O nas\"}]},{\"@type\":\"WebSite\",\"@id\":\"https:\/\/hygge-haus.com\/#website\",\"url\":\"https:\/\/hygge-haus.com\/\",\"name\":\"HYGGE HAUS\",\"description\":\"Nachhaltiger Urlaub in Brandenburg\",\"potentialAction\":[{\"@type\":\"SearchAction\",\"target\":{\"@type\":\"EntryPoint\",\"urlTemplate\":\"https:\/\/hygge-haus.com\/?s={search_term_string}\"},\"query-input\":{\"@type\":\"PropertyValueSpecification\",\"valueRequired\":true,\"valueName\":\"search_term_string\"}}],\"inLanguage\":\"pl-PL\"}]}<\/script>\n<!-- \/ Yoast SEO plugin. -->","yoast_head_json":{"title":"O nas: Kinga i Maciek - HYGGE HAUS","description":"Poznaj King\u0119 i Ma\u0107ka, par\u0119 inicjator\u00f3w HYGGE HAUS, ekologicznego domu na wynajem niedelako Berlina. Kinga to dziennikarka, Maciek - in\u017cynier","robots":{"index":"index","follow":"follow","max-snippet":"max-snippet:-1","max-image-preview":"max-image-preview:large","max-video-preview":"max-video-preview:-1"},"canonical":"https:\/\/hygge-haus.com\/pl\/o-nas\/","og_locale":"pl_PL","og_type":"article","og_title":"O nas: Kinga i Maciek - HYGGE HAUS","og_description":"Poznaj King\u0119 i Ma\u0107ka, par\u0119 inicjator\u00f3w HYGGE HAUS, ekologicznego domu na wynajem niedelako Berlina. Kinga to dziennikarka, Maciek - in\u017cynier","og_url":"https:\/\/hygge-haus.com\/pl\/o-nas\/","og_site_name":"HYGGE HAUS","article_modified_time":"2026-04-15T17:24:11+00:00","twitter_card":"summary_large_image","twitter_misc":{"Szacowany czas czytania":"6 minut"},"schema":{"@context":"https:\/\/schema.org","@graph":[{"@type":"WebPage","@id":"https:\/\/hygge-haus.com\/pl\/o-nas\/","url":"https:\/\/hygge-haus.com\/pl\/o-nas\/","name":"O nas: Kinga i Maciek - HYGGE HAUS","isPartOf":{"@id":"https:\/\/hygge-haus.com\/#website"},"datePublished":"2022-08-15T12:03:49+00:00","dateModified":"2026-04-15T17:24:11+00:00","description":"Poznaj King\u0119 i Ma\u0107ka, par\u0119 inicjator\u00f3w HYGGE HAUS, ekologicznego domu na wynajem niedelako Berlina. Kinga to dziennikarka, Maciek - in\u017cynier","breadcrumb":{"@id":"https:\/\/hygge-haus.com\/pl\/o-nas\/#breadcrumb"},"inLanguage":"pl-PL","potentialAction":[{"@type":"ReadAction","target":["https:\/\/hygge-haus.com\/pl\/o-nas\/"]}]},{"@type":"BreadcrumbList","@id":"https:\/\/hygge-haus.com\/pl\/o-nas\/#breadcrumb","itemListElement":[{"@type":"ListItem","position":1,"name":"Startseite","item":"https:\/\/hygge-haus.com\/"},{"@type":"ListItem","position":2,"name":"O nas"}]},{"@type":"WebSite","@id":"https:\/\/hygge-haus.com\/#website","url":"https:\/\/hygge-haus.com\/","name":"HYGGE HAUS","description":"Nachhaltiger Urlaub in Brandenburg","potentialAction":[{"@type":"SearchAction","target":{"@type":"EntryPoint","urlTemplate":"https:\/\/hygge-haus.com\/?s={search_term_string}"},"query-input":{"@type":"PropertyValueSpecification","valueRequired":true,"valueName":"search_term_string"}}],"inLanguage":"pl-PL"}]}},"_links":{"self":[{"href":"https:\/\/hygge-haus.com\/pl\/wp-json\/wp\/v2\/pages\/2242","targetHints":{"allow":["GET"]}}],"collection":[{"href":"https:\/\/hygge-haus.com\/pl\/wp-json\/wp\/v2\/pages"}],"about":[{"href":"https:\/\/hygge-haus.com\/pl\/wp-json\/wp\/v2\/types\/page"}],"author":[{"embeddable":true,"href":"https:\/\/hygge-haus.com\/pl\/wp-json\/wp\/v2\/users\/1"}],"replies":[{"embeddable":true,"href":"https:\/\/hygge-haus.com\/pl\/wp-json\/wp\/v2\/comments?post=2242"}],"version-history":[{"count":3,"href":"https:\/\/hygge-haus.com\/pl\/wp-json\/wp\/v2\/pages\/2242\/revisions"}],"predecessor-version":[{"id":2297,"href":"https:\/\/hygge-haus.com\/pl\/wp-json\/wp\/v2\/pages\/2242\/revisions\/2297"}],"wp:attachment":[{"href":"https:\/\/hygge-haus.com\/pl\/wp-json\/wp\/v2\/media?parent=2242"}],"curies":[{"name":"wp","href":"https:\/\/api.w.org\/{rel}","templated":true}]}}