{"id":2244,"date":"2022-08-15T14:00:54","date_gmt":"2022-08-15T12:00:54","guid":{"rendered":"https:\/\/hygge-haus.com\/services\/"},"modified":"2026-04-15T00:26:33","modified_gmt":"2026-04-14T22:26:33","slug":"serwis","status":"publish","type":"page","link":"https:\/\/hygge-haus.com\/pl\/serwis\/","title":{"rendered":"Serwis"},"content":{"rendered":"<div id='av_section_1'  class='avia-section main_color avia-section-large avia-no-border-styling  avia-full-stretch av-section-color-overlay-active avia-bg-style-scroll  avia-builder-el-0  el_before_av_textblock  avia-builder-el-first   container_wrap sidebar_right' style='background-repeat: no-repeat; background-image: url(https:\/\/hygge-haus.com\/wp-content\/uploads\/2021\/07\/hygge-haus-wohnzimmer-03-300x225.jpg);background-attachment: scroll; background-position: center center;  '  data-section-bg-repeat='stretch'><div class='av-section-color-overlay-wrap'><div class='av-section-color-overlay' style='opacity: 0.4; background-color: #000000; '><\/div><div class='container' ><main  role=\"main\" itemprop=\"mainContentOfPage\"  class='template-page content  av-content-small alpha units'><div class='post-entry post-entry-type-page post-entry-2244'><div class='entry-content-wrapper clearfix'>\n<div  style='padding-bottom:10px; color:#ffffff;font-size:70px;' class='av-special-heading av-special-heading-h6 custom-color-heading blockquote modern-quote modern-centered  avia-builder-el-1  avia-builder-el-no-sibling  av-inherit-size '><h6 class='av-special-heading-tag '  itemprop=\"headline\"  >Nasz serwis<\/h6><div class='special-heading-border'><div class='special-heading-inner-border' style='border-color:#ffffff'><\/div><\/div><\/div>\n<\/div><\/div><\/main><!-- close content main element --><\/div><\/div><\/div><div id='after_section_1'  class='main_color av_default_container_wrap container_wrap sidebar_right' style=' '  ><div class='container' ><div class='template-page content  av-content-small alpha units'><div class='post-entry post-entry-type-page post-entry-2244'><div class='entry-content-wrapper clearfix'>\n<section class=\"av_textblock_section \"  itemscope=\"itemscope\" itemtype=\"https:\/\/schema.org\/CreativeWork\" ><div class='avia_textblock  '   itemprop=\"text\" ><h1>Chodzi o Ciebie<\/h1>\n<\/div><\/section>\n<\/div><\/div><\/div><!-- close content main div --><\/div><\/div><div id='av_section_2'  class='avia-section main_color avia-section-default avia-no-shadow  avia-bg-style-scroll  avia-builder-el-3  el_after_av_textblock  el_before_av_section   container_wrap sidebar_right' style=' '  ><div class='container' ><div class='template-page content  av-content-small alpha units'><div class='post-entry post-entry-type-page post-entry-2244'><div class='entry-content-wrapper clearfix'>\n<div class=\"flex_column av_one_half  av-animated-generic bottom-to-top  flex_column_div av-zero-column-padding first  avia-builder-el-4  el_before_av_one_half  avia-builder-el-first  \" style='border-radius:0px; '><p><div  style='padding-bottom:20px; font-size:34px;' class='av-special-heading av-special-heading-h3  blockquote modern-quote  avia-builder-el-5  el_before_av_textblock  avia-builder-el-first  av-inherit-size '><div class ='av-subheading av-subheading_above  ' style='font-size:15px;'><p>Serwis i udogodnienia<\/p>\n<\/div><h3 class='av-special-heading-tag '  itemprop=\"headline\"  >Relaks dla dwu- i czworonog\u00f3w<\/h3><div class='special-heading-border'><div class='special-heading-inner-border' ><\/div><\/div><\/div><br \/>\n<section class=\"av_textblock_section \"  itemscope=\"itemscope\" itemtype=\"https:\/\/schema.org\/CreativeWork\" ><div class='avia_textblock  '   itemprop=\"text\" ><p>Od wielu lat podr\u00f3\u017cujemy z naszymi psami i wiemy, co do relaksu potrzebuj\u0105 &#8211; zar\u00f3wno one, jak i ludzie. Czasem to tylko drobne udogodnienia, a czasem wi\u0119ksze potrzeby, kt\u00f3re z przyjemno\u015bci\u0105 spe\u0142niamy. Niewa\u017cne czy to akcesoria dla ps\u00f3w, zamra\u017carka BARF, obcykane trasy spacerowe, czy psi prysznic \u2013 w HYGGE HAUS znajdziesz udogodnienia, kt\u00f3re sprawi\u0105, \u017ce Tw\u00f3j urlop z psem b\u0119dzie beztroski i przyjemny.<\/p>\n<\/div><\/section><\/p><\/div><div class=\"flex_column av_one_half  av-animated-generic bottom-to-top  flex_column_div av-zero-column-padding   avia-builder-el-7  el_after_av_one_half  avia-builder-el-last  \" style='border-radius:0px; '><p><div  style='padding-bottom:20px; font-size:34px;' class='av-special-heading av-special-heading-h3  blockquote modern-quote  avia-builder-el-8  el_before_av_textblock  avia-builder-el-first  av-inherit-size '><div class ='av-subheading av-subheading_above  ' style='font-size:15px;'><p>Dla wymagaj\u0105cych<\/p>\n<\/div><h3 class='av-special-heading-tag '  itemprop=\"headline\"  >Komfortowe wyposa\u017cenie i udogodnienia<\/h3><div class='special-heading-border'><div class='special-heading-inner-border' ><\/div><\/div><\/div><br \/>\n<section class=\"av_textblock_section \"  itemscope=\"itemscope\" itemtype=\"https:\/\/schema.org\/CreativeWork\" ><div class='avia_textblock  '   itemprop=\"text\" ><p>Dbamy nie tylko o potrzeby Twojego pupila &#8211; staramy si\u0119 r\u00f3wnie\u017c jak najlepiej spe\u0142ni\u0107 Twoje oczekiwania. Pi\u0119kny ogr\u00f3d z drewnianym tarasem, bezp\u0142atny dost\u0119p do Internetu, przestronne i stylowe wn\u0119trza oraz zdrowy klimat dzi\u0119ki ekologicznym materia\u0142om budowlanym to cz\u0119\u015b\u0107 us\u0142ug oferowanych przez HYGGE HAUS.<\/p>\n<\/div><\/section><\/p><\/div>\n\n<\/div><\/div><\/div><!-- close content main div --><\/div><\/div><div id='av_section_3'  class='avia-section alternate_color avia-section-large avia-no-border-styling  avia-bg-style-scroll  avia-builder-el-10  el_after_av_section  el_before_av_section   container_wrap sidebar_right' style=' '  ><div class='container' ><div class='template-page content  av-content-small alpha units'><div class='post-entry post-entry-type-page post-entry-2244'><div class='entry-content-wrapper clearfix'>\n<div  style='padding-bottom:70px; font-size:34px;' class='av-special-heading av-special-heading-h3  blockquote modern-quote modern-centered  avia-builder-el-11  el_before_av_one_half  avia-builder-el-first  av-inherit-size '><div class ='av-subheading av-subheading_above  ' style='font-size:15px;'><p>Na idealne wakacje z psem<\/p>\n<\/div><h3 class='av-special-heading-tag '  itemprop=\"headline\"  >Co oferujemy<\/h3><div class='special-heading-border'><div class='special-heading-inner-border' ><\/div><\/div><\/div>\n<div class=\"flex_column av_one_half  flex_column_div first  avia-builder-el-12  el_after_av_heading  el_before_av_one_half  \" ><article  class=\"iconbox iconbox_left_content    avia-builder-el-13  avia-builder-el-no-sibling  \"  itemscope=\"itemscope\" itemtype=\"https:\/\/schema.org\/CreativeWork\" ><div class=\"iconbox_icon heading-color\" aria-hidden='true' data-av_icon='\ue86a' data-av_iconfont='entypo-fontello'  ><\/div><div class=\"iconbox_content\"><header class=\"entry-content-header\"><h3 class='iconbox_content_title  '  itemprop=\"headline\"  >Odbi\u00f3r i przyw\u00f3z z dworca<\/h3><\/header><div class='iconbox_content_container  '  itemprop=\"text\"  ><p>Nie masz auta lub chcesz z niego zrezygnowa\u0107? Odbierzemy Ci\u0119 i odwieziemy za darmo na dworzec kolejowy do 20 km od Niebel.<\/p>\n<\/div><\/div><footer class=\"entry-footer\"><\/footer><\/article><\/div><div class=\"flex_column av_one_half  flex_column_div av-zero-column-padding   avia-builder-el-14  el_after_av_one_half  el_before_av_one_half  \" style='border-radius:0px; '><article  class=\"iconbox iconbox_left_content    avia-builder-el-15  avia-builder-el-no-sibling  \"  itemscope=\"itemscope\" itemtype=\"https:\/\/schema.org\/CreativeWork\" ><div class=\"iconbox_icon heading-color\" aria-hidden='true' data-av_icon='\ue85a' data-av_iconfont='entypo-fontello'  ><\/div><div class=\"iconbox_content\"><header class=\"entry-content-header\"><h3 class='iconbox_content_title  '  itemprop=\"headline\"  >BARF<\/h3><\/header><div class='iconbox_content_container  '  itemprop=\"text\"  ><p>Karmienie psa \u015bwie\u017cym mi\u0119sem na wakacjach nigdy nie by\u0142o \u0142atwiejsze.<\/p>\n<\/div><\/div><footer class=\"entry-footer\"><\/footer><\/article><\/div><div class=\"flex_column av_one_half  flex_column_div first  avia-builder-el-16  el_after_av_one_half  el_before_av_one_half  column-top-margin\" ><article  class=\"iconbox iconbox_left_content    avia-builder-el-17  avia-builder-el-no-sibling  \"  itemscope=\"itemscope\" itemtype=\"https:\/\/schema.org\/CreativeWork\" ><div class=\"iconbox_icon heading-color\" aria-hidden='true' data-av_icon='\ue806' data-av_iconfont='entypo-fontello'  ><\/div><div class=\"iconbox_content\"><header class=\"entry-content-header\"><h3 class='iconbox_content_title  '  itemprop=\"headline\"  >Dogsitting<\/h3><\/header><div class='iconbox_content_container  '  itemprop=\"text\"  ><p>Ty zwiedzasz okolic\u0119, np. Berlin lub Poczdam? My zaopiekujemy si\u0119 Twoim psem.<\/p>\n<\/div><\/div><footer class=\"entry-footer\"><\/footer><\/article><\/div><div class=\"flex_column av_one_half  flex_column_div av-zero-column-padding   avia-builder-el-18  el_after_av_one_half  el_before_av_one_half  column-top-margin\" style='border-radius:0px; '><article  class=\"iconbox iconbox_left_content    avia-builder-el-19  avia-builder-el-no-sibling  \"  itemscope=\"itemscope\" itemtype=\"https:\/\/schema.org\/CreativeWork\" ><div class=\"iconbox_icon heading-color\" aria-hidden='true' data-av_icon='\ue859' data-av_iconfont='entypo-fontello'  ><\/div><div class=\"iconbox_content\"><header class=\"entry-content-header\"><h3 class='iconbox_content_title  '  itemprop=\"headline\"  >Psi sklep<\/h3><\/header><div class='iconbox_content_container  '  itemprop=\"text\"  ><p>Na terenie posesji HYGGE HAUS znajdziesz magazyn ekologicznego sklepu dla ps\u00f3w: UNIQUE DOG.<\/p>\n<\/div><\/div><footer class=\"entry-footer\"><\/footer><\/article><\/div><div class=\"flex_column av_one_half  flex_column_div first  avia-builder-el-20  el_after_av_one_half  el_before_av_one_half  column-top-margin\" ><article  class=\"iconbox iconbox_left_content    avia-builder-el-21  avia-builder-el-no-sibling  \"  itemscope=\"itemscope\" itemtype=\"https:\/\/schema.org\/CreativeWork\" ><div class=\"iconbox_icon heading-color\" aria-hidden='true' data-av_icon='\ue8b9' data-av_iconfont='entypo-fontello'  ><\/div><div class=\"iconbox_content\"><header class=\"entry-content-header\"><h3 class='iconbox_content_title  '  itemprop=\"headline\"  >Opieka medyczna<\/h3><\/header><div class='iconbox_content_container  '  itemprop=\"text\"  ><p>W razie problem\u00f3w zdrowotnych weterynarz jest tu\u017c obok: zaraz za p\u0142otem ko\u015bcio\u0142a.<\/p>\n<\/div><\/div><footer class=\"entry-footer\"><\/footer><\/article><\/div><div class=\"flex_column av_one_half  flex_column_div av-zero-column-padding   avia-builder-el-22  el_after_av_one_half  el_before_av_one_half  column-top-margin\" style='border-radius:0px; '><article  class=\"iconbox iconbox_left_content    avia-builder-el-23  avia-builder-el-no-sibling  \"  itemscope=\"itemscope\" itemtype=\"https:\/\/schema.org\/CreativeWork\" ><div class=\"iconbox_icon heading-color\" aria-hidden='true' data-av_icon='\ue807' data-av_iconfont='entypo-fontello'  ><\/div><div class=\"iconbox_content\"><header class=\"entry-content-header\"><h3 class='iconbox_content_title  '  itemprop=\"headline\"  >Akcesoria dla ps\u00f3w<\/h3><\/header><div class='iconbox_content_container  '  itemprop=\"text\"  ><p>Podr\u00f3\u017cuj prawie bez baga\u017cu: Wysokiej jako\u015bci akcesoria dla ps\u00f3w czekaj\u0105 na Ciebie i Twojego futrzanego przyjaciela.<\/p>\n<\/div><\/div><footer class=\"entry-footer\"><\/footer><\/article><\/div><div class=\"flex_column av_one_half  flex_column_div first  avia-builder-el-24  el_after_av_one_half  el_before_av_one_half  column-top-margin\" ><article  class=\"iconbox iconbox_left_content    avia-builder-el-25  avia-builder-el-no-sibling  \"  itemscope=\"itemscope\" itemtype=\"https:\/\/schema.org\/CreativeWork\" ><div class=\"iconbox_icon heading-color\" aria-hidden='true' data-av_icon='\ue8cc' data-av_iconfont='entypo-fontello'  ><\/div><div class=\"iconbox_content\"><header class=\"entry-content-header\"><h3 class='iconbox_content_title  '  itemprop=\"headline\"  >Prysznic dla ps\u00f3w<\/h3><\/header><div class='iconbox_content_container  '  itemprop=\"text\"  ><p>Letni prysznic przed domem dla Twojego psiego odkrywcy<\/p>\n<\/div><\/div><footer class=\"entry-footer\"><\/footer><\/article><\/div><div class=\"flex_column av_one_half  flex_column_div   avia-builder-el-26  el_after_av_one_half  el_before_av_one_half  column-top-margin\" ><article  class=\"iconbox iconbox_left_content    avia-builder-el-27  avia-builder-el-no-sibling  \"  itemscope=\"itemscope\" itemtype=\"https:\/\/schema.org\/CreativeWork\" ><div class=\"iconbox_icon heading-color\" aria-hidden='true' data-av_icon='\ue83a' data-av_iconfont='entypo-fontello'  ><\/div><div class=\"iconbox_content\"><header class=\"entry-content-header\"><h3 class='iconbox_content_title  '  itemprop=\"headline\"  >Internet<\/h3><\/header><div class='iconbox_content_container  '  itemprop=\"text\"  ><p>Bezp\u0142atny stabilny dost\u0119p do internetu<\/p>\n<\/div><\/div><footer class=\"entry-footer\"><\/footer><\/article><\/div><div class=\"flex_column av_one_half  flex_column_div av-zero-column-padding first  avia-builder-el-28  el_after_av_one_half  el_before_av_one_half  column-top-margin\" style='border-radius:0px; '><article  class=\"iconbox iconbox_left_content    avia-builder-el-29  avia-builder-el-no-sibling  \"  itemscope=\"itemscope\" itemtype=\"https:\/\/schema.org\/CreativeWork\" ><div class=\"iconbox_icon heading-color\" aria-hidden='true' data-av_icon='\ue841' data-av_iconfont='entypo-fontello'  ><\/div><div class=\"iconbox_content\"><header class=\"entry-content-header\"><h3 class='iconbox_content_title  '  itemprop=\"headline\"  >Trasy spacerowe<\/h3><\/header><div class='iconbox_content_container  '  itemprop=\"text\"  ><p>Podzielimy si\u0119 z Tob\u0105 naszymi trasami spacerowymi z psami w najbli\u017cszej okolicy.<\/p>\n<\/div><\/div><footer class=\"entry-footer\"><\/footer><\/article><\/div><div class=\"flex_column av_one_half  flex_column_div av-zero-column-padding   avia-builder-el-30  el_after_av_one_half  avia-builder-el-last  column-top-margin\" style='border-radius:0px; '><article  class=\"iconbox iconbox_left_content    avia-builder-el-31  avia-builder-el-no-sibling  \"  itemscope=\"itemscope\" itemtype=\"https:\/\/schema.org\/CreativeWork\" ><div class=\"iconbox_icon heading-color\" aria-hidden='true' data-av_icon='\ue84d' data-av_iconfont='entypo-fontello'  ><\/div><div class=\"iconbox_content\"><header class=\"entry-content-header\"><h3 class='iconbox_content_title  '  itemprop=\"headline\"  >Psiolubne lokale<\/h3><\/header><div class='iconbox_content_container  '  itemprop=\"text\"  ><p>Zdradzimy Ci, kt\u00f3re lokale w okolicy toleruj\u0105 czworono\u017cnych go\u015bci.<\/p>\n<\/div><\/div><footer class=\"entry-footer\"><\/footer><\/article><\/div><\/div><\/div><\/div><!-- close content main div --><\/div><\/div><div id='av_section_4'  class='avia-section main_color avia-section-large avia-no-border-styling  av-section-color-overlay-active avia-bg-style-parallax  avia-builder-el-32  el_after_av_section  avia-builder-el-last   container_wrap sidebar_right' style=' '  ><div class='av-section-color-overlay-wrap'><div class='av-section-color-overlay' style='opacity: 0.3; background-color: #000000; '><\/div><div class='container' ><div class='template-page content  av-content-small alpha units'><div class='post-entry post-entry-type-page post-entry-2244'><div class='entry-content-wrapper clearfix'>\n<div class=\"flex_column av_one_fifth  flex_column_div first  avia-builder-el-33  el_before_av_one_fifth  avia-builder-el-first  \" ><div  class=\"avia-animated-number av-force-default-color  avia-color-font-light  avia-builder-el-34  avia-builder-el-no-sibling  avia_animate_when_visible\"  data-timer=\"3000\"><strong class=\"heading avia-animated-number-title\" ><span class=\"avia-single-number __av-single-number\" data-number_format=\"\" data-number=\"20\" data-start_from=\"0\">20<\/span><\/strong><div class='avia-animated-number-content' ><p>lat do\u015bwiadczenia z psami<\/p>\n<\/div><\/div><\/div><div class=\"flex_column av_one_fifth  flex_column_div av-zero-column-padding   avia-builder-el-35  el_after_av_one_fifth  el_before_av_one_fifth  \" style='border-radius:0px; '><div  class=\"avia-animated-number av-force-default-color  avia-color-font-light  avia-builder-el-36  avia-builder-el-no-sibling  avia_animate_when_visible\"  data-timer=\"3000\"><strong class=\"heading avia-animated-number-title\" ><span class=\"avia-single-number __av-single-number\" data-number_format=\"\" data-number=\"6\" data-start_from=\"0\">6<\/span><\/strong><div class='avia-animated-number-content' ><p>aodpciak\u00f3w i 3 psy w domu tymczasowym<\/p>\n<\/div><\/div><\/div><div class=\"flex_column av_one_fifth  flex_column_div av-zero-column-padding   avia-builder-el-37  el_after_av_one_fifth  el_before_av_one_fifth  \" style='border-radius:0px; '><div  class=\"avia-animated-number av-force-default-color  avia-color-font-light  avia-builder-el-38  avia-builder-el-no-sibling  avia_animate_when_visible\"  data-timer=\"3000\"><strong class=\"heading avia-animated-number-title\" ><span class=\"avia-single-number __av-single-number\" data-number_format=\"\" data-number=\"120\" data-start_from=\"0\">120<\/span><\/strong><div class='avia-animated-number-content' ><p>metr\u00f3w kwadratowych domu, ok. 250 metr\u00f3w kwadratowych ogrodu<\/p>\n<\/div><\/div><\/div><div class=\"flex_column av_one_fifth  flex_column_div av-zero-column-padding   avia-builder-el-39  el_after_av_one_fifth  el_before_av_one_fifth  \" style='border-radius:0px; '><div  class=\"avia-animated-number av-force-default-color  avia-color-font-light  avia-builder-el-40  avia-builder-el-no-sibling  avia_animate_when_visible\"  data-timer=\"3000\"><strong class=\"heading avia-animated-number-title\" ><span class=\"avia-single-number __av-single-number\" data-number_format=\"\" data-number=\"350\" data-start_from=\"0\">350<\/span><\/strong><div class='avia-animated-number-content' ><p>ekologicznych produkt\u00f3w dla ps\u00f3w i kot\u00f3w w naszym sklepie<\/p>\n<\/div><\/div><\/div><div class=\"flex_column av_one_fifth  flex_column_div av-zero-column-padding   avia-builder-el-41  el_after_av_one_fifth  avia-builder-el-last  \" style='border-radius:0px; '><div  class=\"avia-animated-number av-force-default-color  avia-color-font-light  avia-builder-el-42  avia-builder-el-no-sibling  avia_animate_when_visible\"  data-timer=\"3000\"><strong class=\"heading avia-animated-number-title\" ><span class=\"avia-no-number\">\u221e<\/span><\/strong><div class='avia-animated-number-content' ><p>pomys\u0142\u00f3w, jak sp\u0119dzi\u0107 urlop z Twoim futrzakiem<\/p>\n<\/div><\/div><\/div><\/div><\/div><\/div><!-- close content main div --><\/div><\/div><\/div><div id='after_section_4'  class='main_color av_default_container_wrap container_wrap sidebar_right' style=' '  ><div class='container' ><div class='template-page content  av-content-small alpha units'><div class='post-entry post-entry-type-page post-entry-2244'><div class='entry-content-wrapper clearfix'><\/p>\n","protected":false},"excerpt":{"rendered":"","protected":false},"author":1,"featured_media":0,"parent":0,"menu_order":0,"comment_status":"open","ping_status":"open","template":"","meta":{"footnotes":""},"class_list":["post-2244","page","type-page","status-publish","hentry"],"yoast_head":"<!-- This site is optimized with the Yoast SEO plugin v26.3 - https:\/\/yoast.com\/wordpress\/plugins\/seo\/ -->\n<title>Serwis - HYGGE HAUS<\/title>\n<meta name=\"description\" content=\"Serwis? U nas pisany du\u017c\u0105 liter\u0105! Oczekuje Ci\u0119 techniczne\" \/>\n<meta name=\"robots\" content=\"index, follow, max-snippet:-1, max-image-preview:large, max-video-preview:-1\" \/>\n<link rel=\"canonical\" href=\"https:\/\/hygge-haus.com\/pl\/serwis\/\" \/>\n<meta property=\"og:locale\" content=\"pl_PL\" \/>\n<meta property=\"og:type\" content=\"article\" \/>\n<meta property=\"og:title\" content=\"Serwis - HYGGE HAUS\" \/>\n<meta property=\"og:description\" content=\"Serwis? U nas pisany du\u017c\u0105 liter\u0105! Oczekuje Ci\u0119 techniczne\" \/>\n<meta property=\"og:url\" content=\"https:\/\/hygge-haus.com\/pl\/serwis\/\" \/>\n<meta property=\"og:site_name\" content=\"HYGGE HAUS\" \/>\n<meta property=\"article:modified_time\" content=\"2026-04-14T22:26:33+00:00\" \/>\n<meta name=\"twitter:card\" content=\"summary_large_image\" \/>\n<meta name=\"twitter:label1\" content=\"Szacowany czas czytania\" \/>\n\t<meta name=\"twitter:data1\" content=\"16 minut\" \/>\n<script type=\"application\/ld+json\" class=\"yoast-schema-graph\">{\"@context\":\"https:\/\/schema.org\",\"@graph\":[{\"@type\":\"WebPage\",\"@id\":\"https:\/\/hygge-haus.com\/pl\/serwis\/\",\"url\":\"https:\/\/hygge-haus.com\/pl\/serwis\/\",\"name\":\"Serwis - HYGGE HAUS\",\"isPartOf\":{\"@id\":\"https:\/\/hygge-haus.com\/#website\"},\"datePublished\":\"2022-08-15T12:00:54+00:00\",\"dateModified\":\"2026-04-14T22:26:33+00:00\",\"description\":\"Serwis? U nas pisany du\u017c\u0105 liter\u0105! Oczekuje Ci\u0119 techniczne\",\"breadcrumb\":{\"@id\":\"https:\/\/hygge-haus.com\/pl\/serwis\/#breadcrumb\"},\"inLanguage\":\"pl-PL\",\"potentialAction\":[{\"@type\":\"ReadAction\",\"target\":[\"https:\/\/hygge-haus.com\/pl\/serwis\/\"]}]},{\"@type\":\"BreadcrumbList\",\"@id\":\"https:\/\/hygge-haus.com\/pl\/serwis\/#breadcrumb\",\"itemListElement\":[{\"@type\":\"ListItem\",\"position\":1,\"name\":\"Startseite\",\"item\":\"https:\/\/hygge-haus.com\/\"},{\"@type\":\"ListItem\",\"position\":2,\"name\":\"Serwis\"}]},{\"@type\":\"WebSite\",\"@id\":\"https:\/\/hygge-haus.com\/#website\",\"url\":\"https:\/\/hygge-haus.com\/\",\"name\":\"HYGGE HAUS\",\"description\":\"Nachhaltiger Urlaub in Brandenburg\",\"potentialAction\":[{\"@type\":\"SearchAction\",\"target\":{\"@type\":\"EntryPoint\",\"urlTemplate\":\"https:\/\/hygge-haus.com\/?s={search_term_string}\"},\"query-input\":{\"@type\":\"PropertyValueSpecification\",\"valueRequired\":true,\"valueName\":\"search_term_string\"}}],\"inLanguage\":\"pl-PL\"}]}<\/script>\n<!-- \/ Yoast SEO plugin. -->","yoast_head_json":{"title":"Serwis - HYGGE HAUS","description":"Serwis? U nas pisany du\u017c\u0105 liter\u0105! Oczekuje Ci\u0119 techniczne","robots":{"index":"index","follow":"follow","max-snippet":"max-snippet:-1","max-image-preview":"max-image-preview:large","max-video-preview":"max-video-preview:-1"},"canonical":"https:\/\/hygge-haus.com\/pl\/serwis\/","og_locale":"pl_PL","og_type":"article","og_title":"Serwis - HYGGE HAUS","og_description":"Serwis? U nas pisany du\u017c\u0105 liter\u0105! Oczekuje Ci\u0119 techniczne","og_url":"https:\/\/hygge-haus.com\/pl\/serwis\/","og_site_name":"HYGGE HAUS","article_modified_time":"2026-04-14T22:26:33+00:00","twitter_card":"summary_large_image","twitter_misc":{"Szacowany czas czytania":"16 minut"},"schema":{"@context":"https:\/\/schema.org","@graph":[{"@type":"WebPage","@id":"https:\/\/hygge-haus.com\/pl\/serwis\/","url":"https:\/\/hygge-haus.com\/pl\/serwis\/","name":"Serwis - HYGGE HAUS","isPartOf":{"@id":"https:\/\/hygge-haus.com\/#website"},"datePublished":"2022-08-15T12:00:54+00:00","dateModified":"2026-04-14T22:26:33+00:00","description":"Serwis? U nas pisany du\u017c\u0105 liter\u0105! Oczekuje Ci\u0119 techniczne","breadcrumb":{"@id":"https:\/\/hygge-haus.com\/pl\/serwis\/#breadcrumb"},"inLanguage":"pl-PL","potentialAction":[{"@type":"ReadAction","target":["https:\/\/hygge-haus.com\/pl\/serwis\/"]}]},{"@type":"BreadcrumbList","@id":"https:\/\/hygge-haus.com\/pl\/serwis\/#breadcrumb","itemListElement":[{"@type":"ListItem","position":1,"name":"Startseite","item":"https:\/\/hygge-haus.com\/"},{"@type":"ListItem","position":2,"name":"Serwis"}]},{"@type":"WebSite","@id":"https:\/\/hygge-haus.com\/#website","url":"https:\/\/hygge-haus.com\/","name":"HYGGE HAUS","description":"Nachhaltiger Urlaub in Brandenburg","potentialAction":[{"@type":"SearchAction","target":{"@type":"EntryPoint","urlTemplate":"https:\/\/hygge-haus.com\/?s={search_term_string}"},"query-input":{"@type":"PropertyValueSpecification","valueRequired":true,"valueName":"search_term_string"}}],"inLanguage":"pl-PL"}]}},"_links":{"self":[{"href":"https:\/\/hygge-haus.com\/pl\/wp-json\/wp\/v2\/pages\/2244","targetHints":{"allow":["GET"]}}],"collection":[{"href":"https:\/\/hygge-haus.com\/pl\/wp-json\/wp\/v2\/pages"}],"about":[{"href":"https:\/\/hygge-haus.com\/pl\/wp-json\/wp\/v2\/types\/page"}],"author":[{"embeddable":true,"href":"https:\/\/hygge-haus.com\/pl\/wp-json\/wp\/v2\/users\/1"}],"replies":[{"embeddable":true,"href":"https:\/\/hygge-haus.com\/pl\/wp-json\/wp\/v2\/comments?post=2244"}],"version-history":[{"count":6,"href":"https:\/\/hygge-haus.com\/pl\/wp-json\/wp\/v2\/pages\/2244\/revisions"}],"predecessor-version":[{"id":2285,"href":"https:\/\/hygge-haus.com\/pl\/wp-json\/wp\/v2\/pages\/2244\/revisions\/2285"}],"wp:attachment":[{"href":"https:\/\/hygge-haus.com\/pl\/wp-json\/wp\/v2\/media?parent=2244"}],"curies":[{"name":"wp","href":"https:\/\/api.w.org\/{rel}","templated":true}]}}