{"id":2245,"date":"2022-08-15T14:02:22","date_gmt":"2022-08-15T12:02:22","guid":{"rendered":"https:\/\/hygge-haus.com\/urlaub-mit-hund-in-brandenburg\/"},"modified":"2022-08-15T14:02:22","modified_gmt":"2022-08-15T12:02:22","slug":"urlaub-mit-hund-in-brandenburg","status":"publish","type":"page","link":"https:\/\/hygge-haus.com\/pl\/urlaub-mit-hund-in-brandenburg\/","title":{"rendered":"Urlaub mit Hund in Brandenburg"},"content":{"rendered":"<h1>Urlaub mit Hund in Brandenburg<\/h1>\n<p>Zugegeben, als wir noch in Baden-W\u00fcrttemberg und Hessen und sp\u00e4ter in Berlin gewohnt haben, haben wir Urlaub mit Hund nicht in Brandenburg gemacht, sondern in anderen Regionen Deutschlands und gerne auch im Ausland. Seitdem wir aber auf dem sch\u00f6nen Fleckchen unweit der Hauptstadt leben, haben wir die unber\u00fchrte Natur, die urigen H\u00e4user und die unz\u00e4hligen Seen lieben gelernt. Das Sch\u00f6ne an diesem Bundesland ist, dass es nicht \u00fcberlaufen ist, reich an W\u00e4ldern, Wiesen und Wasser und damit perfekt f\u00fcr eine Auszeit mit Deinem Vierbeiner geeignet.<\/p>\n<h2>Ferienhaus Berlin Brandenburg<\/h2>\n<p>Nicht nur das HYGGE HAUS an sich &#8211; mit all seinen Bequemlichkeiten und Raffinessen ist schon einen Besuch wert &#8211; auch die Lage ist einzigartig. Eingebettet in eine saftig gr\u00fcne Landschaft, umgeben von Rufen wilder V\u00f6gel und dem Summen emsiger Insekten, liegt das Ferienhaus einen Katzensprung von Berlin entfernt. Davon profitieren die gestressten Hauptst\u00e4dter, die mal schnell aus der Metropole fl\u00fcchten wollen und mit ihrem Hund nicht lange fahren m\u00f6chten. Niebel liegt 40 km s\u00fcdwestlich von Berlin und ist gut mit dem Auto, aber auch mit dem Zug erreichbar (wir bieten einen kostenlosen Abholdienst von Buchholz oder Beelitz an). Die Lage ist aber auch ideal f\u00fcr Besucher aus ganz Deutschland, die Urlaub mit Hund in Brandenburg machen wollen, aber auch eine Stippvisite in Berlin planen.<\/p>\n<h2>Urlaub in Brandenburg mit Hund<\/h2>\n<p>Wenn Du also ein <a href=\"https:\/\/hygge-haus.com\/luxus-ferienhaus\/\">Luxus Ferienhaus<\/a> in Brandburg mieten, Deinen Urlaub aber &#8211; na klar! &#8211; mit Deinem Hund verbringen m\u00f6chtest, bist Du in HYGGE HAUS herzlich willkommen. Hunde wohnen bei uns kostenlos und genie\u00dfen genauso viel Aufmerksamheit wie unsere zweibeinigen G\u00e4ste. Wir machen keine Unterschiede bei Rassen &#8211; <a href=\"https:\/\/hygge-haus.com\/urlaub-mit-listenhund\/\">Rassenlisten<\/a> sind bekannterweise Unfug &#8211; und haben alle Hundekaliber lieb. Hier in Brandenburg kannst Du mit Deinem Hund wunderbar wandern und baden. Es gibt mehrere Natur- und Baggerseen in der N\u00e4he und das Fl\u00fcsschen Nieplitz ist 1,8 km von HYGGE HAUS entfernt. Unser Garten ist nicht riesengro\u00df, aber komplett <a href=\"https:\/\/hygge-haus.com\/ferienhaus-mit-hund-eingezaeuntes-grundstueck\/\">umz\u00e4unt<\/a> und bietet gen\u00fcgend Platz zum Schn\u00fcffeln, Spielen und Sonnenbaden.<\/p>\n","protected":false},"excerpt":{"rendered":"<p>Urlaub mit Hund in Brandenburg Zugegeben, als wir noch in Baden-W\u00fcrttemberg und Hessen und sp\u00e4ter in Berlin gewohnt haben, haben wir Urlaub mit Hund nicht in Brandenburg gemacht, sondern in anderen Regionen Deutschlands und gerne auch im Ausland. Seitdem wir aber auf dem sch\u00f6nen Fleckchen unweit der Hauptstadt leben, haben wir die unber\u00fchrte Natur, die [&hellip;]<\/p>\n","protected":false},"author":2,"featured_media":2247,"parent":0,"menu_order":0,"comment_status":"closed","ping_status":"closed","template":"","meta":{"footnotes":""},"class_list":["post-2245","page","type-page","status-publish","has-post-thumbnail","hentry"],"yoast_head":"<!-- This site is optimized with the Yoast SEO plugin v26.3 - https:\/\/yoast.com\/wordpress\/plugins\/seo\/ -->\n<title>Urlaub mit Hund in Brandenburg - HYGGE HAUS<\/title>\n<meta name=\"robots\" content=\"index, follow, max-snippet:-1, max-image-preview:large, max-video-preview:-1\" \/>\n<link rel=\"canonical\" href=\"https:\/\/hygge-haus.com\/pl\/urlaub-mit-hund-in-brandenburg\/\" \/>\n<meta property=\"og:locale\" content=\"pl_PL\" \/>\n<meta property=\"og:type\" content=\"article\" \/>\n<meta property=\"og:title\" content=\"Urlaub mit Hund in Brandenburg - HYGGE HAUS\" \/>\n<meta property=\"og:description\" content=\"Urlaub mit Hund in Brandenburg Zugegeben, als wir noch in Baden-W\u00fcrttemberg und Hessen und sp\u00e4ter in Berlin gewohnt haben, haben wir Urlaub mit Hund nicht in Brandenburg gemacht, sondern in anderen Regionen Deutschlands und gerne auch im Ausland. Seitdem wir aber auf dem sch\u00f6nen Fleckchen unweit der Hauptstadt leben, haben wir die unber\u00fchrte Natur, die [&hellip;]\" \/>\n<meta property=\"og:url\" content=\"https:\/\/hygge-haus.com\/pl\/urlaub-mit-hund-in-brandenburg\/\" \/>\n<meta property=\"og:site_name\" content=\"HYGGE HAUS\" \/>\n<meta name=\"twitter:card\" content=\"summary_large_image\" \/>\n<meta name=\"twitter:label1\" content=\"Szacowany czas czytania\" \/>\n\t<meta name=\"twitter:data1\" content=\"2 minuty\" \/>\n<script type=\"application\/ld+json\" class=\"yoast-schema-graph\">{\"@context\":\"https:\/\/schema.org\",\"@graph\":[{\"@type\":\"WebPage\",\"@id\":\"https:\/\/hygge-haus.com\/pl\/urlaub-mit-hund-in-brandenburg\/\",\"url\":\"https:\/\/hygge-haus.com\/pl\/urlaub-mit-hund-in-brandenburg\/\",\"name\":\"Urlaub mit Hund in Brandenburg - HYGGE HAUS\",\"isPartOf\":{\"@id\":\"https:\/\/hygge-haus.com\/#website\"},\"primaryImageOfPage\":{\"@id\":\"https:\/\/hygge-haus.com\/pl\/urlaub-mit-hund-in-brandenburg\/#primaryimage\"},\"image\":{\"@id\":\"https:\/\/hygge-haus.com\/pl\/urlaub-mit-hund-in-brandenburg\/#primaryimage\"},\"thumbnailUrl\":\"https:\/\/hygge-haus.com\/wp-content\/uploads\/2022\/01\/urlaub-mit-hund-in-brandenburg.jpg\",\"datePublished\":\"2022-08-15T12:02:22+00:00\",\"breadcrumb\":{\"@id\":\"https:\/\/hygge-haus.com\/pl\/urlaub-mit-hund-in-brandenburg\/#breadcrumb\"},\"inLanguage\":\"pl-PL\",\"potentialAction\":[{\"@type\":\"ReadAction\",\"target\":[\"https:\/\/hygge-haus.com\/pl\/urlaub-mit-hund-in-brandenburg\/\"]}]},{\"@type\":\"ImageObject\",\"inLanguage\":\"pl-PL\",\"@id\":\"https:\/\/hygge-haus.com\/pl\/urlaub-mit-hund-in-brandenburg\/#primaryimage\",\"url\":\"https:\/\/hygge-haus.com\/wp-content\/uploads\/2022\/01\/urlaub-mit-hund-in-brandenburg.jpg\",\"contentUrl\":\"https:\/\/hygge-haus.com\/wp-content\/uploads\/2022\/01\/urlaub-mit-hund-in-brandenburg.jpg\",\"width\":1500,\"height\":720,\"caption\":\"Urlaub mit Hund in Brandenburg: HYGGE HAUS\"},{\"@type\":\"BreadcrumbList\",\"@id\":\"https:\/\/hygge-haus.com\/pl\/urlaub-mit-hund-in-brandenburg\/#breadcrumb\",\"itemListElement\":[{\"@type\":\"ListItem\",\"position\":1,\"name\":\"Startseite\",\"item\":\"https:\/\/hygge-haus.com\/\"},{\"@type\":\"ListItem\",\"position\":2,\"name\":\"Urlaub mit Hund in Brandenburg\"}]},{\"@type\":\"WebSite\",\"@id\":\"https:\/\/hygge-haus.com\/#website\",\"url\":\"https:\/\/hygge-haus.com\/\",\"name\":\"HYGGE HAUS\",\"description\":\"Nachhaltiger Urlaub in Brandenburg\",\"potentialAction\":[{\"@type\":\"SearchAction\",\"target\":{\"@type\":\"EntryPoint\",\"urlTemplate\":\"https:\/\/hygge-haus.com\/?s={search_term_string}\"},\"query-input\":{\"@type\":\"PropertyValueSpecification\",\"valueRequired\":true,\"valueName\":\"search_term_string\"}}],\"inLanguage\":\"pl-PL\"}]}<\/script>\n<!-- \/ Yoast SEO plugin. -->","yoast_head_json":{"title":"Urlaub mit Hund in Brandenburg - HYGGE HAUS","robots":{"index":"index","follow":"follow","max-snippet":"max-snippet:-1","max-image-preview":"max-image-preview:large","max-video-preview":"max-video-preview:-1"},"canonical":"https:\/\/hygge-haus.com\/pl\/urlaub-mit-hund-in-brandenburg\/","og_locale":"pl_PL","og_type":"article","og_title":"Urlaub mit Hund in Brandenburg - HYGGE HAUS","og_description":"Urlaub mit Hund in Brandenburg Zugegeben, als wir noch in Baden-W\u00fcrttemberg und Hessen und sp\u00e4ter in Berlin gewohnt haben, haben wir Urlaub mit Hund nicht in Brandenburg gemacht, sondern in anderen Regionen Deutschlands und gerne auch im Ausland. Seitdem wir aber auf dem sch\u00f6nen Fleckchen unweit der Hauptstadt leben, haben wir die unber\u00fchrte Natur, die [&hellip;]","og_url":"https:\/\/hygge-haus.com\/pl\/urlaub-mit-hund-in-brandenburg\/","og_site_name":"HYGGE HAUS","twitter_card":"summary_large_image","twitter_misc":{"Szacowany czas czytania":"2 minuty"},"schema":{"@context":"https:\/\/schema.org","@graph":[{"@type":"WebPage","@id":"https:\/\/hygge-haus.com\/pl\/urlaub-mit-hund-in-brandenburg\/","url":"https:\/\/hygge-haus.com\/pl\/urlaub-mit-hund-in-brandenburg\/","name":"Urlaub mit Hund in Brandenburg - HYGGE HAUS","isPartOf":{"@id":"https:\/\/hygge-haus.com\/#website"},"primaryImageOfPage":{"@id":"https:\/\/hygge-haus.com\/pl\/urlaub-mit-hund-in-brandenburg\/#primaryimage"},"image":{"@id":"https:\/\/hygge-haus.com\/pl\/urlaub-mit-hund-in-brandenburg\/#primaryimage"},"thumbnailUrl":"https:\/\/hygge-haus.com\/wp-content\/uploads\/2022\/01\/urlaub-mit-hund-in-brandenburg.jpg","datePublished":"2022-08-15T12:02:22+00:00","breadcrumb":{"@id":"https:\/\/hygge-haus.com\/pl\/urlaub-mit-hund-in-brandenburg\/#breadcrumb"},"inLanguage":"pl-PL","potentialAction":[{"@type":"ReadAction","target":["https:\/\/hygge-haus.com\/pl\/urlaub-mit-hund-in-brandenburg\/"]}]},{"@type":"ImageObject","inLanguage":"pl-PL","@id":"https:\/\/hygge-haus.com\/pl\/urlaub-mit-hund-in-brandenburg\/#primaryimage","url":"https:\/\/hygge-haus.com\/wp-content\/uploads\/2022\/01\/urlaub-mit-hund-in-brandenburg.jpg","contentUrl":"https:\/\/hygge-haus.com\/wp-content\/uploads\/2022\/01\/urlaub-mit-hund-in-brandenburg.jpg","width":1500,"height":720,"caption":"Urlaub mit Hund in Brandenburg: HYGGE HAUS"},{"@type":"BreadcrumbList","@id":"https:\/\/hygge-haus.com\/pl\/urlaub-mit-hund-in-brandenburg\/#breadcrumb","itemListElement":[{"@type":"ListItem","position":1,"name":"Startseite","item":"https:\/\/hygge-haus.com\/"},{"@type":"ListItem","position":2,"name":"Urlaub mit Hund in Brandenburg"}]},{"@type":"WebSite","@id":"https:\/\/hygge-haus.com\/#website","url":"https:\/\/hygge-haus.com\/","name":"HYGGE HAUS","description":"Nachhaltiger Urlaub in Brandenburg","potentialAction":[{"@type":"SearchAction","target":{"@type":"EntryPoint","urlTemplate":"https:\/\/hygge-haus.com\/?s={search_term_string}"},"query-input":{"@type":"PropertyValueSpecification","valueRequired":true,"valueName":"search_term_string"}}],"inLanguage":"pl-PL"}]}},"_links":{"self":[{"href":"https:\/\/hygge-haus.com\/pl\/wp-json\/wp\/v2\/pages\/2245","targetHints":{"allow":["GET"]}}],"collection":[{"href":"https:\/\/hygge-haus.com\/pl\/wp-json\/wp\/v2\/pages"}],"about":[{"href":"https:\/\/hygge-haus.com\/pl\/wp-json\/wp\/v2\/types\/page"}],"author":[{"embeddable":true,"href":"https:\/\/hygge-haus.com\/pl\/wp-json\/wp\/v2\/users\/2"}],"replies":[{"embeddable":true,"href":"https:\/\/hygge-haus.com\/pl\/wp-json\/wp\/v2\/comments?post=2245"}],"version-history":[{"count":0,"href":"https:\/\/hygge-haus.com\/pl\/wp-json\/wp\/v2\/pages\/2245\/revisions"}],"wp:featuredmedia":[{"embeddable":true,"href":"https:\/\/hygge-haus.com\/pl\/wp-json\/wp\/v2\/media\/2247"}],"wp:attachment":[{"href":"https:\/\/hygge-haus.com\/pl\/wp-json\/wp\/v2\/media?parent=2245"}],"curies":[{"name":"wp","href":"https:\/\/api.w.org\/{rel}","templated":true}]}}