{"id":2249,"date":"2022-08-15T14:05:54","date_gmt":"2022-08-15T12:05:54","guid":{"rendered":"https:\/\/hygge-haus.com\/gassi-routen\/"},"modified":"2026-04-16T00:36:23","modified_gmt":"2026-04-15T22:36:23","slug":"trasy-spacerowe","status":"publish","type":"page","link":"https:\/\/hygge-haus.com\/pl\/trasy-spacerowe\/","title":{"rendered":"Trasy spacerowe"},"content":{"rendered":"<div id='av_section_1'  class='avia-section main_color avia-section-large avia-no-border-styling  avia-full-stretch av-section-color-overlay-active avia-bg-style-scroll  avia-builder-el-0  el_before_av_one_half  avia-builder-el-first   container_wrap sidebar_right' style='background-repeat: no-repeat; background-image: url(https:\/\/hygge-haus.com\/wp-content\/uploads\/2021\/07\/urlaub-mit-hund-in-brandenburg-300x144.jpg);background-attachment: scroll; background-position: top center;  '  data-section-bg-repeat='stretch'><div class='av-section-color-overlay-wrap'><div class='av-section-color-overlay' style='opacity: 0.4; background-color: #000000; '><\/div><div class='container' ><main  role=\"main\" itemprop=\"mainContentOfPage\"  class='template-page content  av-content-small alpha units'><div class='post-entry post-entry-type-page post-entry-2249'><div class='entry-content-wrapper clearfix'>\n<div  style='padding-bottom:30px; color:#ffffff;font-size:70px;' class='av-special-heading av-special-heading-h6 custom-color-heading blockquote modern-quote modern-centered  avia-builder-el-1  el_before_av_textblock  avia-builder-el-first  av-inherit-size '><h6 class='av-special-heading-tag '  itemprop=\"headline\"  >Trasy spacerowe<\/h6><div class='special-heading-border'><div class='special-heading-inner-border' style='border-color:#ffffff'><\/div><\/div><\/div>\n<section class=\"av_textblock_section \"  itemscope=\"itemscope\" itemtype=\"https:\/\/schema.org\/CreativeWork\" ><div class='avia_textblock  av_inherit_color '  style='color:#ffffff; '  itemprop=\"text\" ><h1>Trasy spacerowe z psami: Przewodnik po terenie<\/h1>\n<\/div><\/section>\n<section class=\"av_textblock_section \"  itemscope=\"itemscope\" itemtype=\"https:\/\/schema.org\/CreativeWork\" ><div class='avia_textblock  av_inherit_color '  style='color:#ffffff; '  itemprop=\"text\" ><p>Pierwszym wyzwaniem dla wi\u0119kszo\u015bci w\u0142a\u015bcicieli ps\u00f3w zaraz po dotarciu na miejsce jest znalezienie odpowiedniej trasy spacerowej. U\u0142atwiamy odkrycie odpowiednich \u015bcie\u017cek i oferujemy tu wyb\u00f3r naszych ulubionych tras \u2013 wraz z kr\u00f3tkim opisem ich cech, ostrze\u017ceniami o potencjalnych bod\u017acach i naszkicowan\u0105 map\u0105.<\/p>\n<\/div><\/section>\n<\/div><\/div><\/main><!-- close content main element --><\/div><\/div><\/div><div id='after_section_1'  class='main_color av_default_container_wrap container_wrap sidebar_right' style=' '  ><div class='container' ><div class='template-page content  av-content-small alpha units'><div class='post-entry post-entry-type-page post-entry-2249'><div class='entry-content-wrapper clearfix'><div class=\"flex_column av_one_half  flex_column_div av-zero-column-padding first  avia-builder-el-4  el_after_av_section  el_before_av_one_half  avia-builder-el-first  \" style='border-radius:0px; '><p><div  style='padding-bottom:10px; ' class='av-special-heading av-special-heading-h3    avia-builder-el-5  el_before_av_promobox  avia-builder-el-first  '><h3 class='av-special-heading-tag '  itemprop=\"headline\"  >Kr\u00f3tka<\/h3><div class='special-heading-border'><div class='special-heading-inner-border' ><\/div><\/div><\/div><br \/>\n<div   class='av_promobox  avia-button-yes   avia-builder-el-6  el_after_av_heading  avia-builder-el-last '><div class='avia-promocontent'><p>\nNa szybki spacer po przyje\u017adzie lub przed snem, nieco d\u0142u\u017cszy ni\u017c okr\u0105\u017cenie wok\u00f3\u0142 bloku. Czas trwania: 10-15 minut.<\/p>\n<\/div><div  class='avia-button-wrap avia-button-right ' ><a href='https:\/\/hygge-haus.com\/gassi-routen\/gassi-route-1-der-alibi-spaziergang\/'  class='avia-button  avia-color-theme-color   avia-icon_select-no avia-size-large avia-position-right '   ><span class='avia_iconbox_title' >zobacz<\/span><\/a><\/div><\/div><\/p><\/div><\/p>\n<div class=\"flex_column av_one_half  flex_column_div av-zero-column-padding   avia-builder-el-7  el_after_av_one_half  el_before_av_one_half  \" style='border-radius:0px; '><p><div  style='padding-bottom:10px; ' class='av-special-heading av-special-heading-h3    avia-builder-el-8  el_before_av_promobox  avia-builder-el-first  '><h3 class='av-special-heading-tag '  itemprop=\"headline\"  >D\u0142uga<\/h3><div class='special-heading-border'><div class='special-heading-inner-border' ><\/div><\/div><\/div><br \/>\n<div   class='av_promobox  avia-button-yes   avia-builder-el-9  el_after_av_heading  avia-builder-el-last '><div class='avia-promocontent'><p>\nOkr\u0119\u017cny spacer wzd\u0142u\u017c skraju lasu, p\u00f3l i kana\u0142u rzeczki Nieplitz. Czas trwania: ok. 1,5 godziny.<\/p>\n<\/div><div  class='avia-button-wrap avia-button-right ' ><a href='https:\/\/hygge-haus.com\/gassi-routen\/gassiroute-badestelle-nieplitz\/'  class='avia-button  avia-color-theme-color   avia-icon_select-no avia-size-large avia-position-right '   ><span class='avia_iconbox_title' >zobacz<\/span><\/a><\/div><\/div><\/p><\/div>\n<div class=\"flex_column av_one_half  flex_column_div av-zero-column-padding first  avia-builder-el-10  el_after_av_one_half  el_before_av_one_half  column-top-margin\" style='border-radius:0px; '><p><div  style='padding-bottom:10px; ' class='av-special-heading av-special-heading-h3    avia-builder-el-11  el_before_av_promobox  avia-builder-el-first  '><h3 class='av-special-heading-tag '  itemprop=\"headline\"  >Przez las<\/h3><div class='special-heading-border'><div class='special-heading-inner-border' ><\/div><\/div><\/div><br \/>\n<div   class='av_promobox  avia-button-yes   avia-builder-el-12  el_after_av_heading  avia-builder-el-last '><div class='avia-promocontent'><p>\nLas na skraji wioski oferuje ekscytuj\u0105ce szlaki do pieszych w\u0119dr\u00f3wek, zbierania grzyb\u00f3w i relaksu. Nasza ulubiona trasa prowadzi obok starych bunkr\u00f3w z czasow DDR-owskich. Czas trwania: 1,25 godziny.<\/p>\n<\/div><div  class='avia-button-wrap avia-button-right ' ><a href='https:\/\/hygge-haus.com\/gassi-routen\/gassiroute-mit-geschichte\/'  class='avia-button  avia-color-theme-color   avia-icon_select-no avia-size-large avia-position-right '   ><span class='avia_iconbox_title' >zobacz<\/span><\/a><\/div><\/div><\/p><\/div>\n<div class=\"flex_column av_one_half  flex_column_div av-zero-column-padding   avia-builder-el-13  el_after_av_one_half  el_before_av_one_half  column-top-margin\" style='border-radius:0px; '><p><div  style='padding-bottom:10px; ' class='av-special-heading av-special-heading-h3    avia-builder-el-14  el_before_av_promobox  avia-builder-el-first  '><h3 class='av-special-heading-tag '  itemprop=\"headline\"  >Dla mokrolub\u00f3w<\/h3><div class='special-heading-border'><div class='special-heading-inner-border' ><\/div><\/div><\/div><br \/>\n<div   class='av_promobox  avia-button-yes   avia-builder-el-15  el_after_av_heading  avia-builder-el-last '><div class='avia-promocontent'><p>\nPi\u0119kna trasa w pobliskim lesie z kilkoma ma\u0142ymi jeziorami. Czas trwania: co najmniej 45 minut. \u00a07 km dojazdu autem.<\/p>\n<\/div><div  class='avia-button-wrap avia-button-right ' ><a href=''  class='avia-button  avia-color-theme-color   avia-icon_select-no avia-size-large avia-position-right '   ><span class='avia_iconbox_title' >ju\u017c nied\u0142ugo<\/span><\/a><\/div><\/div><\/p><\/div>\n<div class=\"flex_column av_one_half  flex_column_div av-zero-column-padding first  avia-builder-el-16  el_after_av_one_half  el_before_av_one_half  column-top-margin\" style='border-radius:0px; '><p><div  style='padding-bottom:10px; ' class='av-special-heading av-special-heading-h3    avia-builder-el-17  el_before_av_promobox  avia-builder-el-first  '><h3 class='av-special-heading-tag '  itemprop=\"headline\"  >Dla w\u0119drowc\u00f3w<\/h3><div class='special-heading-border'><div class='special-heading-inner-border' ><\/div><\/div><\/div><br \/>\n<div   class='av_promobox  avia-button-yes   avia-builder-el-18  el_after_av_heading  avia-builder-el-last '><div class='avia-promocontent'><p>\nNa skraju Treuenbrietzen znajduje si\u0119 kilka pi\u0119knych tras: utwardzonych lub le\u015bnych. W zale\u017cno\u015bci od nastroju i kondycji, mog\u0105 one ci\u0105gn\u0105\u0107 si\u0119 kilometrami. Idealne r\u00f3wnie\u017c na przejad\u017cki rowerem z psem. Ok. 7 km dojazdu autem.<\/p>\n<\/div><div  class='avia-button-wrap avia-button-right ' ><a href=''  class='avia-button  avia-color-theme-color   avia-icon_select-no avia-size-large avia-position-right '   ><span class='avia_iconbox_title' >ju\u017c nied\u0142ugo<\/span><\/a><\/div><\/div><\/p><\/div>\n<div class=\"flex_column av_one_half  flex_column_div av-zero-column-padding   avia-builder-el-19  el_after_av_one_half  el_before_av_textblock  column-top-margin\" style='border-radius:0px; '><p><div  style='padding-bottom:10px; ' class='av-special-heading av-special-heading-h3    avia-builder-el-20  el_before_av_promobox  avia-builder-el-first  '><h3 class='av-special-heading-tag '  itemprop=\"headline\"  >Przez Treuenbrietzen<\/h3><div class='special-heading-border'><div class='special-heading-inner-border' ><\/div><\/div><\/div><br \/>\n<div   class='av_promobox  avia-button-yes   avia-builder-el-21  el_after_av_heading  avia-builder-el-last '><div class='avia-promocontent'><p>\nMiasteczko Treuenbrietzen to idealne miejsce na relaksuj\u0105ce spacery, r\u00f3wnie\u017c z psem \u2013 park wzd\u0142u\u017c rzeczki Nieplitz i malownicze uliczki z niewielkim ruchem samochodowym oferuj\u0105 zar\u00f3wno zwiedzanie miasta, jak wybieg dla psa. 7 km dojazdu autem<\/p>\n<\/div><div  class='avia-button-wrap avia-button-right ' ><a href=''  class='avia-button  avia-color-theme-color   avia-icon_select-no avia-size-large avia-position-right '   ><span class='avia_iconbox_title' >ju\u017c nied\u0142ugo<\/span><\/a><\/div><\/div><\/p><\/div>\n<section class=\"av_textblock_section \"  itemscope=\"itemscope\" itemtype=\"https:\/\/schema.org\/CreativeWork\" ><div class='avia_textblock  '   itemprop=\"text\" ><p>Klicke hier, um Ihren eigenen Text einzuf\u00fcgen<\/p>\n<\/div><\/section>\n","protected":false},"excerpt":{"rendered":"","protected":false},"author":2,"featured_media":0,"parent":0,"menu_order":0,"comment_status":"closed","ping_status":"closed","template":"","meta":{"footnotes":""},"class_list":["post-2249","page","type-page","status-publish","hentry"],"yoast_head":"<!-- This site is optimized with the Yoast SEO plugin v26.3 - https:\/\/yoast.com\/wordpress\/plugins\/seo\/ -->\n<title>Trasy spacerowe - HYGGE HAUS<\/title>\n<meta name=\"description\" content=\"Trasy spacerowe wok\u00f3l Niebel i w odleglosci kilku kilometr\u00f3w od HYGGE HAUS - zdradzimy Ci nasze najlepsze miejsca dla Ciebie i psa!\" \/>\n<meta name=\"robots\" content=\"index, follow, max-snippet:-1, max-image-preview:large, max-video-preview:-1\" \/>\n<link rel=\"canonical\" href=\"https:\/\/hygge-haus.com\/pl\/trasy-spacerowe\/\" \/>\n<meta property=\"og:locale\" content=\"pl_PL\" \/>\n<meta property=\"og:type\" content=\"article\" \/>\n<meta property=\"og:title\" content=\"Trasy spacerowe - HYGGE HAUS\" \/>\n<meta property=\"og:description\" content=\"Trasy spacerowe wok\u00f3l Niebel i w odleglosci kilku kilometr\u00f3w od HYGGE HAUS - zdradzimy Ci nasze najlepsze miejsca dla Ciebie i psa!\" \/>\n<meta property=\"og:url\" content=\"https:\/\/hygge-haus.com\/pl\/trasy-spacerowe\/\" \/>\n<meta property=\"og:site_name\" content=\"HYGGE HAUS\" \/>\n<meta property=\"article:modified_time\" content=\"2026-04-15T22:36:23+00:00\" \/>\n<meta name=\"twitter:card\" content=\"summary_large_image\" \/>\n<meta name=\"twitter:label1\" content=\"Szacowany czas czytania\" \/>\n\t<meta name=\"twitter:data1\" content=\"12 minut\" \/>\n<script type=\"application\/ld+json\" class=\"yoast-schema-graph\">{\"@context\":\"https:\/\/schema.org\",\"@graph\":[{\"@type\":\"WebPage\",\"@id\":\"https:\/\/hygge-haus.com\/pl\/trasy-spacerowe\/\",\"url\":\"https:\/\/hygge-haus.com\/pl\/trasy-spacerowe\/\",\"name\":\"Trasy spacerowe - HYGGE HAUS\",\"isPartOf\":{\"@id\":\"https:\/\/hygge-haus.com\/#website\"},\"datePublished\":\"2022-08-15T12:05:54+00:00\",\"dateModified\":\"2026-04-15T22:36:23+00:00\",\"description\":\"Trasy spacerowe wok\u00f3l Niebel i w odleglosci kilku kilometr\u00f3w od HYGGE HAUS - zdradzimy Ci nasze najlepsze miejsca dla Ciebie i psa!\",\"breadcrumb\":{\"@id\":\"https:\/\/hygge-haus.com\/pl\/trasy-spacerowe\/#breadcrumb\"},\"inLanguage\":\"pl-PL\",\"potentialAction\":[{\"@type\":\"ReadAction\",\"target\":[\"https:\/\/hygge-haus.com\/pl\/trasy-spacerowe\/\"]}]},{\"@type\":\"BreadcrumbList\",\"@id\":\"https:\/\/hygge-haus.com\/pl\/trasy-spacerowe\/#breadcrumb\",\"itemListElement\":[{\"@type\":\"ListItem\",\"position\":1,\"name\":\"Startseite\",\"item\":\"https:\/\/hygge-haus.com\/\"},{\"@type\":\"ListItem\",\"position\":2,\"name\":\"Trasy spacerowe\"}]},{\"@type\":\"WebSite\",\"@id\":\"https:\/\/hygge-haus.com\/#website\",\"url\":\"https:\/\/hygge-haus.com\/\",\"name\":\"HYGGE HAUS\",\"description\":\"Nachhaltiger Urlaub in Brandenburg\",\"potentialAction\":[{\"@type\":\"SearchAction\",\"target\":{\"@type\":\"EntryPoint\",\"urlTemplate\":\"https:\/\/hygge-haus.com\/?s={search_term_string}\"},\"query-input\":{\"@type\":\"PropertyValueSpecification\",\"valueRequired\":true,\"valueName\":\"search_term_string\"}}],\"inLanguage\":\"pl-PL\"}]}<\/script>\n<!-- \/ Yoast SEO plugin. -->","yoast_head_json":{"title":"Trasy spacerowe - HYGGE HAUS","description":"Trasy spacerowe wok\u00f3l Niebel i w odleglosci kilku kilometr\u00f3w od HYGGE HAUS - zdradzimy Ci nasze najlepsze miejsca dla Ciebie i psa!","robots":{"index":"index","follow":"follow","max-snippet":"max-snippet:-1","max-image-preview":"max-image-preview:large","max-video-preview":"max-video-preview:-1"},"canonical":"https:\/\/hygge-haus.com\/pl\/trasy-spacerowe\/","og_locale":"pl_PL","og_type":"article","og_title":"Trasy spacerowe - HYGGE HAUS","og_description":"Trasy spacerowe wok\u00f3l Niebel i w odleglosci kilku kilometr\u00f3w od HYGGE HAUS - zdradzimy Ci nasze najlepsze miejsca dla Ciebie i psa!","og_url":"https:\/\/hygge-haus.com\/pl\/trasy-spacerowe\/","og_site_name":"HYGGE HAUS","article_modified_time":"2026-04-15T22:36:23+00:00","twitter_card":"summary_large_image","twitter_misc":{"Szacowany czas czytania":"12 minut"},"schema":{"@context":"https:\/\/schema.org","@graph":[{"@type":"WebPage","@id":"https:\/\/hygge-haus.com\/pl\/trasy-spacerowe\/","url":"https:\/\/hygge-haus.com\/pl\/trasy-spacerowe\/","name":"Trasy spacerowe - HYGGE HAUS","isPartOf":{"@id":"https:\/\/hygge-haus.com\/#website"},"datePublished":"2022-08-15T12:05:54+00:00","dateModified":"2026-04-15T22:36:23+00:00","description":"Trasy spacerowe wok\u00f3l Niebel i w odleglosci kilku kilometr\u00f3w od HYGGE HAUS - zdradzimy Ci nasze najlepsze miejsca dla Ciebie i psa!","breadcrumb":{"@id":"https:\/\/hygge-haus.com\/pl\/trasy-spacerowe\/#breadcrumb"},"inLanguage":"pl-PL","potentialAction":[{"@type":"ReadAction","target":["https:\/\/hygge-haus.com\/pl\/trasy-spacerowe\/"]}]},{"@type":"BreadcrumbList","@id":"https:\/\/hygge-haus.com\/pl\/trasy-spacerowe\/#breadcrumb","itemListElement":[{"@type":"ListItem","position":1,"name":"Startseite","item":"https:\/\/hygge-haus.com\/"},{"@type":"ListItem","position":2,"name":"Trasy spacerowe"}]},{"@type":"WebSite","@id":"https:\/\/hygge-haus.com\/#website","url":"https:\/\/hygge-haus.com\/","name":"HYGGE HAUS","description":"Nachhaltiger Urlaub in Brandenburg","potentialAction":[{"@type":"SearchAction","target":{"@type":"EntryPoint","urlTemplate":"https:\/\/hygge-haus.com\/?s={search_term_string}"},"query-input":{"@type":"PropertyValueSpecification","valueRequired":true,"valueName":"search_term_string"}}],"inLanguage":"pl-PL"}]}},"_links":{"self":[{"href":"https:\/\/hygge-haus.com\/pl\/wp-json\/wp\/v2\/pages\/2249","targetHints":{"allow":["GET"]}}],"collection":[{"href":"https:\/\/hygge-haus.com\/pl\/wp-json\/wp\/v2\/pages"}],"about":[{"href":"https:\/\/hygge-haus.com\/pl\/wp-json\/wp\/v2\/types\/page"}],"author":[{"embeddable":true,"href":"https:\/\/hygge-haus.com\/pl\/wp-json\/wp\/v2\/users\/2"}],"replies":[{"embeddable":true,"href":"https:\/\/hygge-haus.com\/pl\/wp-json\/wp\/v2\/comments?post=2249"}],"version-history":[{"count":4,"href":"https:\/\/hygge-haus.com\/pl\/wp-json\/wp\/v2\/pages\/2249\/revisions"}],"predecessor-version":[{"id":2409,"href":"https:\/\/hygge-haus.com\/pl\/wp-json\/wp\/v2\/pages\/2249\/revisions\/2409"}],"wp:attachment":[{"href":"https:\/\/hygge-haus.com\/pl\/wp-json\/wp\/v2\/media?parent=2249"}],"curies":[{"name":"wp","href":"https:\/\/api.w.org\/{rel}","templated":true}]}}