{"id":2251,"date":"2022-08-15T13:59:20","date_gmt":"2022-08-15T11:59:20","guid":{"rendered":"https:\/\/hygge-haus.com\/hundebetreuung\/"},"modified":"2026-04-16T01:18:16","modified_gmt":"2026-04-15T23:18:16","slug":"dogsitting","status":"publish","type":"page","link":"https:\/\/hygge-haus.com\/pl\/dogsitting\/","title":{"rendered":"Dogsitting"},"content":{"rendered":"<h1>Dogsitting<\/h1>\n<p>Zabra\u0142e\u015b ze sob\u0105 psa, bo wakacje z nim s\u0105 dla Ciebie oczywiste. Rozumiemy to doskonale. Ale nie ka\u017cdy wypad jest dla Twojego futrzaka optymalny, czasem zaoszcz\u0119dzisz mu stresu, nie zabieraj\u0105c go wsz\u0119dzie. Berlin jest dobrym przyk\u0142adem \u2013 je\u015bli nie znasz miasta i nie wiesz, gdzie s\u0105 trasy spacerowe, wizyta w metropolii mo\u017ce by\u0107 dla psa ma\u0142o przyjemna.<\/p>\n<p>Je\u015bli chcesz przez kilka godzin skupi\u0107 si\u0119 na swoich potrzebach &#8211; zwiedzi\u0107 miasto, skorzysta\u0107 z masa\u017cu lub w spokoju zrobi\u0107 zakupy\u00a0 -zostaw swojego psa u nas. Zaopiekujemy si\u0119 nim.<\/p>\n<p>&nbsp;<\/p>\n","protected":false},"excerpt":{"rendered":"<p>Dogsitting Zabra\u0142e\u015b ze sob\u0105 psa, bo wakacje z nim s\u0105 dla Ciebie oczywiste. Rozumiemy to doskonale. Ale nie ka\u017cdy wypad jest dla Twojego futrzaka optymalny, czasem zaoszcz\u0119dzisz mu stresu, nie zabieraj\u0105c go wsz\u0119dzie. Berlin jest dobrym przyk\u0142adem \u2013 je\u015bli nie znasz miasta i nie wiesz, gdzie s\u0105 trasy spacerowe, wizyta w metropolii mo\u017ce by\u0107 dla [&hellip;]<\/p>\n","protected":false},"author":2,"featured_media":0,"parent":0,"menu_order":0,"comment_status":"closed","ping_status":"closed","template":"","meta":{"footnotes":""},"class_list":["post-2251","page","type-page","status-publish","hentry"],"yoast_head":"<!-- This site is optimized with the Yoast SEO plugin v26.3 - https:\/\/yoast.com\/wordpress\/plugins\/seo\/ -->\n<title>Dogsitting - HYGGE HAUS<\/title>\n<meta name=\"description\" content=\"Dogsitting w HYGGE HAUS: Chcesz zwiedzi\u0107 miasto, skorzysta\u0107 z masa\u017cu lub w spokoju zrobi\u0107 zakupy?\u00a0Zostaw psa u nas. Zaopiekujemy si\u0119 nim.\" \/>\n<meta name=\"robots\" content=\"index, follow, max-snippet:-1, max-image-preview:large, max-video-preview:-1\" \/>\n<link rel=\"canonical\" href=\"https:\/\/hygge-haus.com\/pl\/dogsitting\/\" \/>\n<meta property=\"og:locale\" content=\"pl_PL\" \/>\n<meta property=\"og:type\" content=\"article\" \/>\n<meta property=\"og:title\" content=\"Dogsitting - HYGGE HAUS\" \/>\n<meta property=\"og:description\" content=\"Dogsitting w HYGGE HAUS: Chcesz zwiedzi\u0107 miasto, skorzysta\u0107 z masa\u017cu lub w spokoju zrobi\u0107 zakupy?\u00a0Zostaw psa u nas. Zaopiekujemy si\u0119 nim.\" \/>\n<meta property=\"og:url\" content=\"https:\/\/hygge-haus.com\/pl\/dogsitting\/\" \/>\n<meta property=\"og:site_name\" content=\"HYGGE HAUS\" \/>\n<meta property=\"article:modified_time\" content=\"2026-04-15T23:18:16+00:00\" \/>\n<meta name=\"twitter:card\" content=\"summary_large_image\" \/>\n<meta name=\"twitter:label1\" content=\"Szacowany czas czytania\" \/>\n\t<meta name=\"twitter:data1\" content=\"1 minuta\" \/>\n<script type=\"application\/ld+json\" class=\"yoast-schema-graph\">{\"@context\":\"https:\/\/schema.org\",\"@graph\":[{\"@type\":\"WebPage\",\"@id\":\"https:\/\/hygge-haus.com\/pl\/dogsitting\/\",\"url\":\"https:\/\/hygge-haus.com\/pl\/dogsitting\/\",\"name\":\"Dogsitting - HYGGE HAUS\",\"isPartOf\":{\"@id\":\"https:\/\/hygge-haus.com\/#website\"},\"datePublished\":\"2022-08-15T11:59:20+00:00\",\"dateModified\":\"2026-04-15T23:18:16+00:00\",\"description\":\"Dogsitting w HYGGE HAUS: Chcesz zwiedzi\u0107 miasto, skorzysta\u0107 z masa\u017cu lub w spokoju zrobi\u0107 zakupy?\u00a0Zostaw psa u nas. Zaopiekujemy si\u0119 nim.\",\"breadcrumb\":{\"@id\":\"https:\/\/hygge-haus.com\/pl\/dogsitting\/#breadcrumb\"},\"inLanguage\":\"pl-PL\",\"potentialAction\":[{\"@type\":\"ReadAction\",\"target\":[\"https:\/\/hygge-haus.com\/pl\/dogsitting\/\"]}]},{\"@type\":\"BreadcrumbList\",\"@id\":\"https:\/\/hygge-haus.com\/pl\/dogsitting\/#breadcrumb\",\"itemListElement\":[{\"@type\":\"ListItem\",\"position\":1,\"name\":\"Startseite\",\"item\":\"https:\/\/hygge-haus.com\/\"},{\"@type\":\"ListItem\",\"position\":2,\"name\":\"Dogsitting\"}]},{\"@type\":\"WebSite\",\"@id\":\"https:\/\/hygge-haus.com\/#website\",\"url\":\"https:\/\/hygge-haus.com\/\",\"name\":\"HYGGE HAUS\",\"description\":\"Nachhaltiger Urlaub in Brandenburg\",\"potentialAction\":[{\"@type\":\"SearchAction\",\"target\":{\"@type\":\"EntryPoint\",\"urlTemplate\":\"https:\/\/hygge-haus.com\/?s={search_term_string}\"},\"query-input\":{\"@type\":\"PropertyValueSpecification\",\"valueRequired\":true,\"valueName\":\"search_term_string\"}}],\"inLanguage\":\"pl-PL\"}]}<\/script>\n<!-- \/ Yoast SEO plugin. -->","yoast_head_json":{"title":"Dogsitting - HYGGE HAUS","description":"Dogsitting w HYGGE HAUS: Chcesz zwiedzi\u0107 miasto, skorzysta\u0107 z masa\u017cu lub w spokoju zrobi\u0107 zakupy?\u00a0Zostaw psa u nas. Zaopiekujemy si\u0119 nim.","robots":{"index":"index","follow":"follow","max-snippet":"max-snippet:-1","max-image-preview":"max-image-preview:large","max-video-preview":"max-video-preview:-1"},"canonical":"https:\/\/hygge-haus.com\/pl\/dogsitting\/","og_locale":"pl_PL","og_type":"article","og_title":"Dogsitting - HYGGE HAUS","og_description":"Dogsitting w HYGGE HAUS: Chcesz zwiedzi\u0107 miasto, skorzysta\u0107 z masa\u017cu lub w spokoju zrobi\u0107 zakupy?\u00a0Zostaw psa u nas. Zaopiekujemy si\u0119 nim.","og_url":"https:\/\/hygge-haus.com\/pl\/dogsitting\/","og_site_name":"HYGGE HAUS","article_modified_time":"2026-04-15T23:18:16+00:00","twitter_card":"summary_large_image","twitter_misc":{"Szacowany czas czytania":"1 minuta"},"schema":{"@context":"https:\/\/schema.org","@graph":[{"@type":"WebPage","@id":"https:\/\/hygge-haus.com\/pl\/dogsitting\/","url":"https:\/\/hygge-haus.com\/pl\/dogsitting\/","name":"Dogsitting - HYGGE HAUS","isPartOf":{"@id":"https:\/\/hygge-haus.com\/#website"},"datePublished":"2022-08-15T11:59:20+00:00","dateModified":"2026-04-15T23:18:16+00:00","description":"Dogsitting w HYGGE HAUS: Chcesz zwiedzi\u0107 miasto, skorzysta\u0107 z masa\u017cu lub w spokoju zrobi\u0107 zakupy?\u00a0Zostaw psa u nas. Zaopiekujemy si\u0119 nim.","breadcrumb":{"@id":"https:\/\/hygge-haus.com\/pl\/dogsitting\/#breadcrumb"},"inLanguage":"pl-PL","potentialAction":[{"@type":"ReadAction","target":["https:\/\/hygge-haus.com\/pl\/dogsitting\/"]}]},{"@type":"BreadcrumbList","@id":"https:\/\/hygge-haus.com\/pl\/dogsitting\/#breadcrumb","itemListElement":[{"@type":"ListItem","position":1,"name":"Startseite","item":"https:\/\/hygge-haus.com\/"},{"@type":"ListItem","position":2,"name":"Dogsitting"}]},{"@type":"WebSite","@id":"https:\/\/hygge-haus.com\/#website","url":"https:\/\/hygge-haus.com\/","name":"HYGGE HAUS","description":"Nachhaltiger Urlaub in Brandenburg","potentialAction":[{"@type":"SearchAction","target":{"@type":"EntryPoint","urlTemplate":"https:\/\/hygge-haus.com\/?s={search_term_string}"},"query-input":{"@type":"PropertyValueSpecification","valueRequired":true,"valueName":"search_term_string"}}],"inLanguage":"pl-PL"}]}},"_links":{"self":[{"href":"https:\/\/hygge-haus.com\/pl\/wp-json\/wp\/v2\/pages\/2251","targetHints":{"allow":["GET"]}}],"collection":[{"href":"https:\/\/hygge-haus.com\/pl\/wp-json\/wp\/v2\/pages"}],"about":[{"href":"https:\/\/hygge-haus.com\/pl\/wp-json\/wp\/v2\/types\/page"}],"author":[{"embeddable":true,"href":"https:\/\/hygge-haus.com\/pl\/wp-json\/wp\/v2\/users\/2"}],"replies":[{"embeddable":true,"href":"https:\/\/hygge-haus.com\/pl\/wp-json\/wp\/v2\/comments?post=2251"}],"version-history":[{"count":2,"href":"https:\/\/hygge-haus.com\/pl\/wp-json\/wp\/v2\/pages\/2251\/revisions"}],"predecessor-version":[{"id":2421,"href":"https:\/\/hygge-haus.com\/pl\/wp-json\/wp\/v2\/pages\/2251\/revisions\/2421"}],"wp:attachment":[{"href":"https:\/\/hygge-haus.com\/pl\/wp-json\/wp\/v2\/media?parent=2251"}],"curies":[{"name":"wp","href":"https:\/\/api.w.org\/{rel}","templated":true}]}}