{"id":2252,"date":"2022-08-15T14:00:04","date_gmt":"2022-08-15T12:00:04","guid":{"rendered":"https:\/\/hygge-haus.com\/tierarzt\/"},"modified":"2026-04-16T01:24:15","modified_gmt":"2026-04-15T23:24:15","slug":"weterynarz","status":"publish","type":"page","link":"https:\/\/hygge-haus.com\/pl\/weterynarz\/","title":{"rendered":"Weterynarz"},"content":{"rendered":"<h2>Opieka weterynaryjna w nag\u0142ych wypadkach<\/h2>\n<p>HYGGE HAUS ma komfortowe po\u0142o\u017cenie: 50 metr\u00f3w dalej znajdziesz lokalnego lekarza weterynarii. To bezpo\u015brednia s\u0105siadka: Patrizia Romanazzi, pomocna w nag\u0142ych wypadkach i przy nieoczekiwanych zabiegach.<\/p>\n<p>Ponadto inny lekarz weterynarii praktykuje 4 km dalej, w Treuenbrietzen:<\/p>\n<p>Lekarz weterynarii Ingo Knaack<br \/>\nJ\u00fcterboger Str. 31<br \/>\n14929 Treuenbrietzen<br \/>\n033748 15577<\/p>\n<p>&nbsp;<\/p>\n","protected":false},"excerpt":{"rendered":"<p>Opieka weterynaryjna w nag\u0142ych wypadkach HYGGE HAUS ma komfortowe po\u0142o\u017cenie: 50 metr\u00f3w dalej znajdziesz lokalnego lekarza weterynarii. To bezpo\u015brednia s\u0105siadka: Patrizia Romanazzi, pomocna w nag\u0142ych wypadkach i przy nieoczekiwanych zabiegach. Ponadto inny lekarz weterynarii praktykuje 4 km dalej, w Treuenbrietzen: Lekarz weterynarii Ingo Knaack J\u00fcterboger Str. 31 14929 Treuenbrietzen 033748 15577 &nbsp;<\/p>\n","protected":false},"author":2,"featured_media":0,"parent":0,"menu_order":0,"comment_status":"closed","ping_status":"closed","template":"","meta":{"footnotes":""},"class_list":["post-2252","page","type-page","status-publish","hentry"],"yoast_head":"<!-- This site is optimized with the Yoast SEO plugin v26.3 - https:\/\/yoast.com\/wordpress\/plugins\/seo\/ -->\n<title>Weterynarz - HYGGE HAUS<\/title>\n<meta name=\"description\" content=\"W bezpo\u015brednim s\u0105siedztwie HYGGE HAUS znajduje si\u0119 gabinet lokalnego lekarza weterynarii: Patrizia Romanazzi, pomocna w nag\u0142ych wypadkach.\" \/>\n<meta name=\"robots\" content=\"index, follow, max-snippet:-1, max-image-preview:large, max-video-preview:-1\" \/>\n<link rel=\"canonical\" href=\"https:\/\/hygge-haus.com\/pl\/weterynarz\/\" \/>\n<meta property=\"og:locale\" content=\"pl_PL\" \/>\n<meta property=\"og:type\" content=\"article\" \/>\n<meta property=\"og:title\" content=\"Weterynarz - HYGGE HAUS\" \/>\n<meta property=\"og:description\" content=\"W bezpo\u015brednim s\u0105siedztwie HYGGE HAUS znajduje si\u0119 gabinet lokalnego lekarza weterynarii: Patrizia Romanazzi, pomocna w nag\u0142ych wypadkach.\" \/>\n<meta property=\"og:url\" content=\"https:\/\/hygge-haus.com\/pl\/weterynarz\/\" \/>\n<meta property=\"og:site_name\" content=\"HYGGE HAUS\" \/>\n<meta property=\"article:modified_time\" content=\"2026-04-15T23:24:15+00:00\" \/>\n<meta name=\"twitter:card\" content=\"summary_large_image\" \/>\n<meta name=\"twitter:label1\" content=\"Szacowany czas czytania\" \/>\n\t<meta name=\"twitter:data1\" content=\"1 minuta\" \/>\n<script type=\"application\/ld+json\" class=\"yoast-schema-graph\">{\"@context\":\"https:\/\/schema.org\",\"@graph\":[{\"@type\":\"WebPage\",\"@id\":\"https:\/\/hygge-haus.com\/pl\/weterynarz\/\",\"url\":\"https:\/\/hygge-haus.com\/pl\/weterynarz\/\",\"name\":\"Weterynarz - HYGGE HAUS\",\"isPartOf\":{\"@id\":\"https:\/\/hygge-haus.com\/#website\"},\"datePublished\":\"2022-08-15T12:00:04+00:00\",\"dateModified\":\"2026-04-15T23:24:15+00:00\",\"description\":\"W bezpo\u015brednim s\u0105siedztwie HYGGE HAUS znajduje si\u0119 gabinet lokalnego lekarza weterynarii: Patrizia Romanazzi, pomocna w nag\u0142ych wypadkach.\",\"breadcrumb\":{\"@id\":\"https:\/\/hygge-haus.com\/pl\/weterynarz\/#breadcrumb\"},\"inLanguage\":\"pl-PL\",\"potentialAction\":[{\"@type\":\"ReadAction\",\"target\":[\"https:\/\/hygge-haus.com\/pl\/weterynarz\/\"]}]},{\"@type\":\"BreadcrumbList\",\"@id\":\"https:\/\/hygge-haus.com\/pl\/weterynarz\/#breadcrumb\",\"itemListElement\":[{\"@type\":\"ListItem\",\"position\":1,\"name\":\"Startseite\",\"item\":\"https:\/\/hygge-haus.com\/\"},{\"@type\":\"ListItem\",\"position\":2,\"name\":\"Weterynarz\"}]},{\"@type\":\"WebSite\",\"@id\":\"https:\/\/hygge-haus.com\/#website\",\"url\":\"https:\/\/hygge-haus.com\/\",\"name\":\"HYGGE HAUS\",\"description\":\"Nachhaltiger Urlaub in Brandenburg\",\"potentialAction\":[{\"@type\":\"SearchAction\",\"target\":{\"@type\":\"EntryPoint\",\"urlTemplate\":\"https:\/\/hygge-haus.com\/?s={search_term_string}\"},\"query-input\":{\"@type\":\"PropertyValueSpecification\",\"valueRequired\":true,\"valueName\":\"search_term_string\"}}],\"inLanguage\":\"pl-PL\"}]}<\/script>\n<!-- \/ Yoast SEO plugin. -->","yoast_head_json":{"title":"Weterynarz - HYGGE HAUS","description":"W bezpo\u015brednim s\u0105siedztwie HYGGE HAUS znajduje si\u0119 gabinet lokalnego lekarza weterynarii: Patrizia Romanazzi, pomocna w nag\u0142ych wypadkach.","robots":{"index":"index","follow":"follow","max-snippet":"max-snippet:-1","max-image-preview":"max-image-preview:large","max-video-preview":"max-video-preview:-1"},"canonical":"https:\/\/hygge-haus.com\/pl\/weterynarz\/","og_locale":"pl_PL","og_type":"article","og_title":"Weterynarz - HYGGE HAUS","og_description":"W bezpo\u015brednim s\u0105siedztwie HYGGE HAUS znajduje si\u0119 gabinet lokalnego lekarza weterynarii: Patrizia Romanazzi, pomocna w nag\u0142ych wypadkach.","og_url":"https:\/\/hygge-haus.com\/pl\/weterynarz\/","og_site_name":"HYGGE HAUS","article_modified_time":"2026-04-15T23:24:15+00:00","twitter_card":"summary_large_image","twitter_misc":{"Szacowany czas czytania":"1 minuta"},"schema":{"@context":"https:\/\/schema.org","@graph":[{"@type":"WebPage","@id":"https:\/\/hygge-haus.com\/pl\/weterynarz\/","url":"https:\/\/hygge-haus.com\/pl\/weterynarz\/","name":"Weterynarz - HYGGE HAUS","isPartOf":{"@id":"https:\/\/hygge-haus.com\/#website"},"datePublished":"2022-08-15T12:00:04+00:00","dateModified":"2026-04-15T23:24:15+00:00","description":"W bezpo\u015brednim s\u0105siedztwie HYGGE HAUS znajduje si\u0119 gabinet lokalnego lekarza weterynarii: Patrizia Romanazzi, pomocna w nag\u0142ych wypadkach.","breadcrumb":{"@id":"https:\/\/hygge-haus.com\/pl\/weterynarz\/#breadcrumb"},"inLanguage":"pl-PL","potentialAction":[{"@type":"ReadAction","target":["https:\/\/hygge-haus.com\/pl\/weterynarz\/"]}]},{"@type":"BreadcrumbList","@id":"https:\/\/hygge-haus.com\/pl\/weterynarz\/#breadcrumb","itemListElement":[{"@type":"ListItem","position":1,"name":"Startseite","item":"https:\/\/hygge-haus.com\/"},{"@type":"ListItem","position":2,"name":"Weterynarz"}]},{"@type":"WebSite","@id":"https:\/\/hygge-haus.com\/#website","url":"https:\/\/hygge-haus.com\/","name":"HYGGE HAUS","description":"Nachhaltiger Urlaub in Brandenburg","potentialAction":[{"@type":"SearchAction","target":{"@type":"EntryPoint","urlTemplate":"https:\/\/hygge-haus.com\/?s={search_term_string}"},"query-input":{"@type":"PropertyValueSpecification","valueRequired":true,"valueName":"search_term_string"}}],"inLanguage":"pl-PL"}]}},"_links":{"self":[{"href":"https:\/\/hygge-haus.com\/pl\/wp-json\/wp\/v2\/pages\/2252","targetHints":{"allow":["GET"]}}],"collection":[{"href":"https:\/\/hygge-haus.com\/pl\/wp-json\/wp\/v2\/pages"}],"about":[{"href":"https:\/\/hygge-haus.com\/pl\/wp-json\/wp\/v2\/types\/page"}],"author":[{"embeddable":true,"href":"https:\/\/hygge-haus.com\/pl\/wp-json\/wp\/v2\/users\/2"}],"replies":[{"embeddable":true,"href":"https:\/\/hygge-haus.com\/pl\/wp-json\/wp\/v2\/comments?post=2252"}],"version-history":[{"count":1,"href":"https:\/\/hygge-haus.com\/pl\/wp-json\/wp\/v2\/pages\/2252\/revisions"}],"predecessor-version":[{"id":2423,"href":"https:\/\/hygge-haus.com\/pl\/wp-json\/wp\/v2\/pages\/2252\/revisions\/2423"}],"wp:attachment":[{"href":"https:\/\/hygge-haus.com\/pl\/wp-json\/wp\/v2\/media?parent=2252"}],"curies":[{"name":"wp","href":"https:\/\/api.w.org\/{rel}","templated":true}]}}