{"id":2255,"date":"2022-08-12T13:24:03","date_gmt":"2022-08-12T11:24:03","guid":{"rendered":"https:\/\/hygge-haus.com\/ferienhaus-in-brandenburg\/"},"modified":"2026-04-13T16:07:19","modified_gmt":"2026-04-13T14:07:19","slug":"dom-w-brandenburgii","status":"publish","type":"page","link":"https:\/\/hygge-haus.com\/pl\/dom-w-brandenburgii\/","title":{"rendered":"Dom"},"content":{"rendered":"<div id='av_section_1'  class='avia-section main_color avia-section-large avia-no-border-styling  avia-full-stretch av-section-color-overlay-active avia-bg-style-scroll  avia-builder-el-0  el_before_av_textblock  avia-builder-el-first   container_wrap sidebar_right' style='background-repeat: no-repeat; background-image: url(https:\/\/hygge-haus.com\/wp-content\/uploads\/2021\/07\/hygge-haus-gebaeude-04-300x225.jpg);background-attachment: scroll; background-position: top center;  '  data-section-bg-repeat='stretch'><div class='av-section-color-overlay-wrap'><div class='av-section-color-overlay' style='opacity: 0.4; background-color: #000000; '><\/div><div class='container' ><main  role=\"main\" itemprop=\"mainContentOfPage\"  class='template-page content  av-content-small alpha units'><div class='post-entry post-entry-type-page post-entry-2255'><div class='entry-content-wrapper clearfix'>\n<div  style='padding-bottom:30px; color:#ffffff;font-size:70px;' class='av-special-heading av-special-heading-h6 custom-color-heading blockquote modern-quote modern-centered  avia-builder-el-1  avia-builder-el-no-sibling  av-inherit-size '><h6 class='av-special-heading-tag '  itemprop=\"headline\"  >Dom<\/h6><div class='special-heading-border'><div class='special-heading-inner-border' style='border-color:#ffffff'><\/div><\/div><\/div>\n<\/div><\/div><\/main><!-- close content main element --><\/div><\/div><\/div><div id='after_section_1'  class='main_color av_default_container_wrap container_wrap sidebar_right' style=' '  ><div class='container' ><div class='template-page content  av-content-small alpha units'><div class='post-entry post-entry-type-page post-entry-2255'><div class='entry-content-wrapper clearfix'>\n<section class=\"av_textblock_section \"  itemscope=\"itemscope\" itemtype=\"https:\/\/schema.org\/CreativeWork\" ><div class='avia_textblock  '   itemprop=\"text\" ><h1>Dom<\/h1>\n<p>Szukasz domu na wynajem w Brandenburgii, ca\u0142kiem niedaleko od Berlina? Hygge Haus by\u0142 kiedy\u015b stajni\u0105, kt\u00f3r\u0105 ekologicznie wyremontowali\u015bmy i komfortowo wyposa\u017cyli\u015bmy.\u00a0 To miejsce \u0142\u0105czy w sobie urok przesz\u0142o\u015bci, tradycyjn\u0105 architektur\u0119 i wysoki standard. Pi\u0119kne rustykalne elementy &#8211; drewniane belki, gliniany tynk czy widoczna ceg\u0142a &#8211; id\u0105 w parze ze wsp\u00f3\u0142czesnymi udogodnieniami, takimi jak ogrzewanie pod\u0142ogowe, elektryczne rolety dachowe i wysokiej jako\u015bci sprz\u0119t AGD. HYGGE HAUS komfortowo pomie\u015bci 4 osoby doros\u0142e i 2 dzieci. W razie potrzeby dwie dodatkowe osoby mog\u0105 spa\u0107 na rozk\u0142adanej sofie i pojedynczym \u0142\u00f3\u017cku w salonie.<\/p>\n<p><strong>Chcesz do nas zajrze\u0107?\u00a0<\/strong><br \/>\nZnajdziesz tu panoramiczny widok 360\u00b0: <a href=\"https:\/\/www.google.com\/maps\/place\/Hygge+Haus\/@52.1341333,12.9219167,3a,75y,100h,90t\/data=!3m8!1e1!3m6!1sAF1QipMoDchq4gEp53j4YmFR7E1gZ7sjSy1OkSKMsUFO!2e10!3e11!6shttps:%2F%2Flh5.googleusercontent.com%2Fp%2FAF1QipMoDchq4gEp53j4YmFR7E1gZ7sjSy1OkSKMsUFO%3Dw224-h298-k-no-pi-0-ya171.79999-ro0-fo100!7i8000!8i4000!4m18!1m8!3m7!1s0x47a887c17887655f:0xd64ee79a5cd83129!2sHygge+Haus!8m2!3d52.1344047!4d12.922425!10e5!16s%2Fg%2F11q938vqv_!3m8!1s0x47a887c17887655f:0xd64ee79a5cd83129!8m2!3d52.1344047!4d12.922425!10e5!14m1!1BCgIgARICCAI!16s%2Fg%2F11q938vqv_?entry=ttu\" target=\"_blank\" rel=\"noopener\">Insight &amp;\u00a0 Street View<\/a><\/p>\n<\/div><\/section>\n<div class=\"flex_column av_one_full  flex_column_div av-zero-column-padding first  avia-builder-el-3  el_after_av_textblock  el_before_av_one_third  column-top-margin\" style='border-radius:0px; '><section class=\"av_textblock_section \"  itemscope=\"itemscope\" itemtype=\"https:\/\/schema.org\/CreativeWork\" ><div class='avia_textblock  '   itemprop=\"text\" ><h2>Dom na wynajem w Brandenburgii: Miejsce dla koneser\u00f3w<\/h2>\n<p>Uwielbiamy pi\u0119kny design, pasjonujemy si\u0119 r\u0119kodzie\u0142em i zachwycamy antykami. Dlatego wyposa\u017cyli\u015bmy nasz dom w Brandenburgii w niecodzienne, unikatowe meble \u2013 zar\u00f3wno nowe, jak i takie z przesz\u0142o\u015bci\u0105. Naszym faworytem jest stylowa komoda z litego drewna, wykonana na wymiar przez naszego zaufanego stolarza, kt\u00f3ra mo\u017ce s\u0142u\u017cy\u0107 r\u00f3wnie\u017c jako du\u017ca buda dla psa. Metalowe elementy jej drzwi, imituj\u0105ce ga\u0142\u0119zie, zosta\u0142y wykonane przez zdolnego metaloplastyka. Dwa fotele pochodz\u0105 z Danii i towarzyszy\u0142y swoim w\u0142a\u015bcicielom w podr\u00f3\u017cach po Ameryce Po\u0142udniowej, zanim ostatecznie trafi\u0142y do \u200b\u200bBerlina, gdzie nabyli\u015bmy je na aukcji. Wieszak na ubrania w korytarzu by\u0142 kiedy\u015b cz\u0119\u015bci\u0105 drewnianych schod\u00f3w, kt\u00f3re odkryli\u015bmy w stodole i kreatywnie przerobili\u015bmy.<\/p>\n<\/div><\/section><\/div><div class=\"flex_column av_one_third  flex_column_div av-zero-column-padding first  avia-builder-el-5  el_after_av_one_full  el_before_av_one_third  column-top-margin\" style='border-radius:0px; '><div  class='avia-image-container  av-styling-    avia-builder-el-6  avia-builder-el-no-sibling  avia-align-center '  itemprop=\"image\" itemscope=\"itemscope\" itemtype=\"https:\/\/schema.org\/ImageObject\"  ><div class='avia-image-container-inner'><div class='avia-image-overlay-wrap'><img decoding=\"async\" class='wp-image-1171 avia-img-lazy-loading-not-1171 avia_image' src=\"https:\/\/hygge-haus.com\/wp-content\/uploads\/2022\/02\/ferienhaus-in-brandenburg-leseecke-300x300.jpg\" alt='Ferienhaus in Brandenburg - Hygge Haus in Niebel' title='ferienhaus-in-brandenburg-leseecke' height=\"300\" width=\"300\"  itemprop=\"thumbnailUrl\" srcset=\"https:\/\/hygge-haus.com\/wp-content\/uploads\/2022\/02\/ferienhaus-in-brandenburg-leseecke-300x300.jpg 300w, https:\/\/hygge-haus.com\/wp-content\/uploads\/2022\/02\/ferienhaus-in-brandenburg-leseecke-80x80.jpg 80w, https:\/\/hygge-haus.com\/wp-content\/uploads\/2022\/02\/ferienhaus-in-brandenburg-leseecke-768x768.jpg 768w, https:\/\/hygge-haus.com\/wp-content\/uploads\/2022\/02\/ferienhaus-in-brandenburg-leseecke-36x36.jpg 36w, https:\/\/hygge-haus.com\/wp-content\/uploads\/2022\/02\/ferienhaus-in-brandenburg-leseecke-180x180.jpg 180w, https:\/\/hygge-haus.com\/wp-content\/uploads\/2022\/02\/ferienhaus-in-brandenburg-leseecke-705x705.jpg 705w, https:\/\/hygge-haus.com\/wp-content\/uploads\/2022\/02\/ferienhaus-in-brandenburg-leseecke-100x100.jpg 100w, https:\/\/hygge-haus.com\/wp-content\/uploads\/2022\/02\/ferienhaus-in-brandenburg-leseecke-600x600.jpg 600w, https:\/\/hygge-haus.com\/wp-content\/uploads\/2022\/02\/ferienhaus-in-brandenburg-leseecke.jpg 1000w\" sizes=\"(max-width: 300px) 100vw, 300px\" \/><\/div><\/div><\/div><\/div><\/p>\n<div class=\"flex_column av_one_third  flex_column_div av-zero-column-padding   avia-builder-el-7  el_after_av_one_third  el_before_av_one_third  column-top-margin\" style='border-radius:0px; '><div  class='avia-image-container  av-styling-    avia-builder-el-8  avia-builder-el-no-sibling  avia-align-center '  itemprop=\"image\" itemscope=\"itemscope\" itemtype=\"https:\/\/schema.org\/ImageObject\"  ><div class='avia-image-container-inner'><div class='avia-image-overlay-wrap'><img decoding=\"async\" class='wp-image-1172 avia-img-lazy-loading-not-1172 avia_image' src=\"https:\/\/hygge-haus.com\/wp-content\/uploads\/2022\/02\/ferienhaus-in-brandenburg-flur-300x300.jpg\" alt='Ferienhaus in Brandenburg - Hygge Haus in Niebel bei Treuenbrietzen' title='ferienhaus-in-brandenburg-flur' height=\"300\" width=\"300\"  itemprop=\"thumbnailUrl\" srcset=\"https:\/\/hygge-haus.com\/wp-content\/uploads\/2022\/02\/ferienhaus-in-brandenburg-flur-300x300.jpg 300w, https:\/\/hygge-haus.com\/wp-content\/uploads\/2022\/02\/ferienhaus-in-brandenburg-flur-80x80.jpg 80w, https:\/\/hygge-haus.com\/wp-content\/uploads\/2022\/02\/ferienhaus-in-brandenburg-flur-768x768.jpg 768w, https:\/\/hygge-haus.com\/wp-content\/uploads\/2022\/02\/ferienhaus-in-brandenburg-flur-36x36.jpg 36w, https:\/\/hygge-haus.com\/wp-content\/uploads\/2022\/02\/ferienhaus-in-brandenburg-flur-180x180.jpg 180w, https:\/\/hygge-haus.com\/wp-content\/uploads\/2022\/02\/ferienhaus-in-brandenburg-flur-705x705.jpg 705w, https:\/\/hygge-haus.com\/wp-content\/uploads\/2022\/02\/ferienhaus-in-brandenburg-flur-100x100.jpg 100w, https:\/\/hygge-haus.com\/wp-content\/uploads\/2022\/02\/ferienhaus-in-brandenburg-flur-600x600.jpg 600w, https:\/\/hygge-haus.com\/wp-content\/uploads\/2022\/02\/ferienhaus-in-brandenburg-flur.jpg 1000w\" sizes=\"(max-width: 300px) 100vw, 300px\" \/><\/div><\/div><\/div><\/div>\n<div class=\"flex_column av_one_third  flex_column_div av-zero-column-padding   avia-builder-el-9  el_after_av_one_third  el_before_av_one_full  column-top-margin\" style='border-radius:0px; '><div  class='avia-image-container  av-styling-    avia-builder-el-10  avia-builder-el-no-sibling  avia-align-center '  itemprop=\"image\" itemscope=\"itemscope\" itemtype=\"https:\/\/schema.org\/ImageObject\"  ><div class='avia-image-container-inner'><div class='avia-image-overlay-wrap'><img decoding=\"async\" class='wp-image-1173 avia-img-lazy-loading-not-1173 avia_image' src=\"https:\/\/hygge-haus.com\/wp-content\/uploads\/2022\/02\/ferienhaus-in-brandenburg-Schlafzimmer-in-HYGGE-HAUS-300x300.jpg\" alt='Ferienhaus in Brandenburg - Hygge Haus unweit Potsdams und Berlins' title='ferienhaus-in-brandenburg-Schlafzimmer-in-HYGGE-HAUS' height=\"300\" width=\"300\"  itemprop=\"thumbnailUrl\" srcset=\"https:\/\/hygge-haus.com\/wp-content\/uploads\/2022\/02\/ferienhaus-in-brandenburg-Schlafzimmer-in-HYGGE-HAUS-300x300.jpg 300w, https:\/\/hygge-haus.com\/wp-content\/uploads\/2022\/02\/ferienhaus-in-brandenburg-Schlafzimmer-in-HYGGE-HAUS-80x80.jpg 80w, https:\/\/hygge-haus.com\/wp-content\/uploads\/2022\/02\/ferienhaus-in-brandenburg-Schlafzimmer-in-HYGGE-HAUS-768x768.jpg 768w, https:\/\/hygge-haus.com\/wp-content\/uploads\/2022\/02\/ferienhaus-in-brandenburg-Schlafzimmer-in-HYGGE-HAUS-36x36.jpg 36w, https:\/\/hygge-haus.com\/wp-content\/uploads\/2022\/02\/ferienhaus-in-brandenburg-Schlafzimmer-in-HYGGE-HAUS-180x180.jpg 180w, https:\/\/hygge-haus.com\/wp-content\/uploads\/2022\/02\/ferienhaus-in-brandenburg-Schlafzimmer-in-HYGGE-HAUS-705x705.jpg 705w, https:\/\/hygge-haus.com\/wp-content\/uploads\/2022\/02\/ferienhaus-in-brandenburg-Schlafzimmer-in-HYGGE-HAUS-100x100.jpg 100w, https:\/\/hygge-haus.com\/wp-content\/uploads\/2022\/02\/ferienhaus-in-brandenburg-Schlafzimmer-in-HYGGE-HAUS-600x600.jpg 600w, https:\/\/hygge-haus.com\/wp-content\/uploads\/2022\/02\/ferienhaus-in-brandenburg-Schlafzimmer-in-HYGGE-HAUS.jpg 1000w\" sizes=\"(max-width: 300px) 100vw, 300px\" \/><\/div><\/div><\/div><\/div>\n<div class=\"flex_column av_one_full  flex_column_div av-zero-column-padding first  avia-builder-el-11  el_after_av_one_third  el_before_av_one_full  column-top-margin\" style='border-radius:0px; '><section class=\"av_textblock_section \"  itemscope=\"itemscope\" itemtype=\"https:\/\/schema.org\/CreativeWork\" ><div class='avia_textblock  '   itemprop=\"text\" ><h2>Regionalno\u015b\u0107: Lokalne firmy w akcji<\/h2>\n<p>Tam, gdzie nie poradzili\u015bmy sobie z budowlanymi wyzwaniami, zaanga\u017cowali\u015bmy lokalnych rzemie\u015blnik\u00f3w, aby wesprze\u0107 niewielkie firmy w najbli\u017cszym otoczeniu i utrzyma\u0107 dochody w regionie. Kafelki na \u015bcian\u0119 w toalecie dla go\u015bci pochodz\u0105 oryginalnie z czas\u00f3w NRD \u2013 odkryli\u015bmy je przypadkiem w starej stodole i postanowili\u015bmy uratowa\u0107 przed wysypiskiem. Stopnie schod\u00f3w, prowadz\u0105cych na pierwsze pi\u0119tro, pochodz\u0105 ze starych d\u0119b\u00f3w z s\u0105siedniej wsi, a kafle pod\u0142ogowe z gresu porcelanowego \u2013 po\u0142o\u017cone w korytarzu i toalecie \u2013 zosta\u0142y r\u0119cznie wykonane w lokalnej manufakturze Zahna Fliesen. Hygge Haus to klimaty na wskro\u015b brandenburskie!<\/p>\n<\/div><\/section><\/div><div class=\"flex_column av_one_full  flex_column_div av-zero-column-padding first  avia-builder-el-13  el_after_av_one_full  avia-builder-el-last  column-top-margin\" style='border-radius:0px; '><section class=\"av_textblock_section \"  itemscope=\"itemscope\" itemtype=\"https:\/\/schema.org\/CreativeWork\" ><div class='avia_textblock  '   itemprop=\"text\" ><h2>Historia: Jak ze stajni powsta\u0142 \u200bdom<\/h2>\n<p>W swojej przesz\u0142o\u015bci HYGGE HAUS byl budynkiem o przeznaczeniu gospodarczym wyposa\u017conym w imponuj\u0105ce koryto, \u200b\u200brozci\u0105gaj\u0105ce si\u0119 na ca\u0142\u0105 d\u0142ugo\u015b\u0107 \u015bciany. W tym architektonicznie skromnym budynku trzymano bowiem \u015bwinie i krowy. P\u00f3\u017aniej, gdy nieruchomo\u015b\u0107 kilkakrotnie zmienia\u0142a w\u0142a\u015bcicieli, nie mieszkali tam ju\u017c \u017cadni rolnicy. Przez d\u0142ugi czas budynek s\u0142u\u017cy\u0142 jako szopa, a\u017c kto\u015b si\u0119 nad nim zlitowa\u0142 i stworzy\u0142 w nim prosty dom.<\/p>\n<p>Kiedy w 2018 roku nabyli\u015bmy t\u0119 nieruchomo\u015b\u0107, nie mieli\u015bmy w\u0105tpliwo\u015bci, \u017ce zamienimy j\u0105 w pere\u0142k\u0119. Projekt by\u0142 bardziej wymagaj\u0105cy i trwa\u0142 d\u0142u\u017cej ni\u017c planowali\u015bmy, ale uda\u0142o nam si\u0119 przekszta\u0142ci\u0107 prymitywne warunki w wakacyjny raj dla ludzi i ich ps\u00f3w.<\/p>\n<p>Je\u015bli szukasz domu na wynajem w Brandenburgii \u2013 to HYGGE HAUS w Niebel jest w\u0142a\u015bnie dla Ciebie!<\/p>\n<\/div><\/section><\/div><\/p>\n","protected":false},"excerpt":{"rendered":"","protected":false},"author":1,"featured_media":0,"parent":0,"menu_order":0,"comment_status":"closed","ping_status":"closed","template":"","meta":{"footnotes":""},"class_list":["post-2255","page","type-page","status-publish","hentry"],"yoast_head":"<!-- This site is optimized with the Yoast SEO plugin v26.3 - https:\/\/yoast.com\/wordpress\/plugins\/seo\/ -->\n<title>Dom w Brandenburgii - HYGGE HAUS D<\/title>\n<meta name=\"description\" content=\"Dom w Brandenburgii na kr\u00f3tki wypad lub d\u0142u\u017cszy urlop: HYGGE HAUS ma miejsce dla 6 Pers. na 120 m2, ogrodzona posesje i wysoki standard.\" \/>\n<meta name=\"robots\" content=\"index, follow, max-snippet:-1, max-image-preview:large, max-video-preview:-1\" \/>\n<link rel=\"canonical\" href=\"https:\/\/hygge-haus.com\/pl\/dom-w-brandenburgii\/\" \/>\n<meta property=\"og:locale\" content=\"pl_PL\" \/>\n<meta property=\"og:type\" content=\"article\" \/>\n<meta property=\"og:title\" content=\"Dom w Brandenburgii - HYGGE HAUS D\" \/>\n<meta property=\"og:description\" content=\"Dom w Brandenburgii na kr\u00f3tki wypad lub d\u0142u\u017cszy urlop: HYGGE HAUS ma miejsce dla 6 Pers. na 120 m2, ogrodzona posesje i wysoki standard.\" \/>\n<meta property=\"og:url\" content=\"https:\/\/hygge-haus.com\/pl\/dom-w-brandenburgii\/\" \/>\n<meta property=\"og:site_name\" content=\"HYGGE HAUS\" \/>\n<meta property=\"article:modified_time\" content=\"2026-04-13T14:07:19+00:00\" \/>\n<meta name=\"twitter:card\" content=\"summary_large_image\" \/>\n<meta name=\"twitter:label1\" content=\"Szacowany czas czytania\" \/>\n\t<meta name=\"twitter:data1\" content=\"10 minut\" \/>\n<script type=\"application\/ld+json\" class=\"yoast-schema-graph\">{\"@context\":\"https:\/\/schema.org\",\"@graph\":[{\"@type\":\"WebPage\",\"@id\":\"https:\/\/hygge-haus.com\/pl\/dom-w-brandenburgii\/\",\"url\":\"https:\/\/hygge-haus.com\/pl\/dom-w-brandenburgii\/\",\"name\":\"Dom w Brandenburgii - HYGGE HAUS D\",\"isPartOf\":{\"@id\":\"https:\/\/hygge-haus.com\/#website\"},\"datePublished\":\"2022-08-12T11:24:03+00:00\",\"dateModified\":\"2026-04-13T14:07:19+00:00\",\"description\":\"Dom w Brandenburgii na kr\u00f3tki wypad lub d\u0142u\u017cszy urlop: HYGGE HAUS ma miejsce dla 6 Pers. na 120 m2, ogrodzona posesje i wysoki standard.\",\"breadcrumb\":{\"@id\":\"https:\/\/hygge-haus.com\/pl\/dom-w-brandenburgii\/#breadcrumb\"},\"inLanguage\":\"pl-PL\",\"potentialAction\":[{\"@type\":\"ReadAction\",\"target\":[\"https:\/\/hygge-haus.com\/pl\/dom-w-brandenburgii\/\"]}]},{\"@type\":\"BreadcrumbList\",\"@id\":\"https:\/\/hygge-haus.com\/pl\/dom-w-brandenburgii\/#breadcrumb\",\"itemListElement\":[{\"@type\":\"ListItem\",\"position\":1,\"name\":\"Startseite\",\"item\":\"https:\/\/hygge-haus.com\/\"},{\"@type\":\"ListItem\",\"position\":2,\"name\":\"Dom\"}]},{\"@type\":\"WebSite\",\"@id\":\"https:\/\/hygge-haus.com\/#website\",\"url\":\"https:\/\/hygge-haus.com\/\",\"name\":\"HYGGE HAUS\",\"description\":\"Nachhaltiger Urlaub in Brandenburg\",\"potentialAction\":[{\"@type\":\"SearchAction\",\"target\":{\"@type\":\"EntryPoint\",\"urlTemplate\":\"https:\/\/hygge-haus.com\/?s={search_term_string}\"},\"query-input\":{\"@type\":\"PropertyValueSpecification\",\"valueRequired\":true,\"valueName\":\"search_term_string\"}}],\"inLanguage\":\"pl-PL\"}]}<\/script>\n<!-- \/ Yoast SEO plugin. -->","yoast_head_json":{"title":"Dom w Brandenburgii - HYGGE HAUS D","description":"Dom w Brandenburgii na kr\u00f3tki wypad lub d\u0142u\u017cszy urlop: HYGGE HAUS ma miejsce dla 6 Pers. na 120 m2, ogrodzona posesje i wysoki standard.","robots":{"index":"index","follow":"follow","max-snippet":"max-snippet:-1","max-image-preview":"max-image-preview:large","max-video-preview":"max-video-preview:-1"},"canonical":"https:\/\/hygge-haus.com\/pl\/dom-w-brandenburgii\/","og_locale":"pl_PL","og_type":"article","og_title":"Dom w Brandenburgii - HYGGE HAUS D","og_description":"Dom w Brandenburgii na kr\u00f3tki wypad lub d\u0142u\u017cszy urlop: HYGGE HAUS ma miejsce dla 6 Pers. na 120 m2, ogrodzona posesje i wysoki standard.","og_url":"https:\/\/hygge-haus.com\/pl\/dom-w-brandenburgii\/","og_site_name":"HYGGE HAUS","article_modified_time":"2026-04-13T14:07:19+00:00","twitter_card":"summary_large_image","twitter_misc":{"Szacowany czas czytania":"10 minut"},"schema":{"@context":"https:\/\/schema.org","@graph":[{"@type":"WebPage","@id":"https:\/\/hygge-haus.com\/pl\/dom-w-brandenburgii\/","url":"https:\/\/hygge-haus.com\/pl\/dom-w-brandenburgii\/","name":"Dom w Brandenburgii - HYGGE HAUS D","isPartOf":{"@id":"https:\/\/hygge-haus.com\/#website"},"datePublished":"2022-08-12T11:24:03+00:00","dateModified":"2026-04-13T14:07:19+00:00","description":"Dom w Brandenburgii na kr\u00f3tki wypad lub d\u0142u\u017cszy urlop: HYGGE HAUS ma miejsce dla 6 Pers. na 120 m2, ogrodzona posesje i wysoki standard.","breadcrumb":{"@id":"https:\/\/hygge-haus.com\/pl\/dom-w-brandenburgii\/#breadcrumb"},"inLanguage":"pl-PL","potentialAction":[{"@type":"ReadAction","target":["https:\/\/hygge-haus.com\/pl\/dom-w-brandenburgii\/"]}]},{"@type":"BreadcrumbList","@id":"https:\/\/hygge-haus.com\/pl\/dom-w-brandenburgii\/#breadcrumb","itemListElement":[{"@type":"ListItem","position":1,"name":"Startseite","item":"https:\/\/hygge-haus.com\/"},{"@type":"ListItem","position":2,"name":"Dom"}]},{"@type":"WebSite","@id":"https:\/\/hygge-haus.com\/#website","url":"https:\/\/hygge-haus.com\/","name":"HYGGE HAUS","description":"Nachhaltiger Urlaub in Brandenburg","potentialAction":[{"@type":"SearchAction","target":{"@type":"EntryPoint","urlTemplate":"https:\/\/hygge-haus.com\/?s={search_term_string}"},"query-input":{"@type":"PropertyValueSpecification","valueRequired":true,"valueName":"search_term_string"}}],"inLanguage":"pl-PL"}]}},"_links":{"self":[{"href":"https:\/\/hygge-haus.com\/pl\/wp-json\/wp\/v2\/pages\/2255","targetHints":{"allow":["GET"]}}],"collection":[{"href":"https:\/\/hygge-haus.com\/pl\/wp-json\/wp\/v2\/pages"}],"about":[{"href":"https:\/\/hygge-haus.com\/pl\/wp-json\/wp\/v2\/types\/page"}],"author":[{"embeddable":true,"href":"https:\/\/hygge-haus.com\/pl\/wp-json\/wp\/v2\/users\/1"}],"replies":[{"embeddable":true,"href":"https:\/\/hygge-haus.com\/pl\/wp-json\/wp\/v2\/comments?post=2255"}],"version-history":[{"count":3,"href":"https:\/\/hygge-haus.com\/pl\/wp-json\/wp\/v2\/pages\/2255\/revisions"}],"predecessor-version":[{"id":2269,"href":"https:\/\/hygge-haus.com\/pl\/wp-json\/wp\/v2\/pages\/2255\/revisions\/2269"}],"wp:attachment":[{"href":"https:\/\/hygge-haus.com\/pl\/wp-json\/wp\/v2\/media?parent=2255"}],"curies":[{"name":"wp","href":"https:\/\/api.w.org\/{rel}","templated":true}]}}