{"id":2266,"date":"2022-08-15T13:56:37","date_gmt":"2022-08-15T11:56:37","guid":{"rendered":"https:\/\/hygge-haus.com\/urlaub-in-brandenburg-preise\/"},"modified":"2026-04-15T19:15:49","modified_gmt":"2026-04-15T17:15:49","slug":"wakacje-w-brandenburgii-ceny","status":"publish","type":"page","link":"https:\/\/hygge-haus.com\/pl\/wakacje-w-brandenburgii-ceny\/","title":{"rendered":"Ceny"},"content":{"rendered":"<section class=\"av_textblock_section \"  itemscope=\"itemscope\" itemtype=\"https:\/\/schema.org\/CreativeWork\" ><div class='avia_textblock  '   itemprop=\"text\" ><h1>Wakacje w Brandenburgii: Ceny 2026<\/h1>\n<\/div><\/section>\n<div class=\"flex_column av_one_full  flex_column_div av-zero-column-padding first  avia-builder-el-1  el_after_av_textblock  el_before_av_hr  column-top-margin\" style='border-radius:0px; '><section class=\"av_textblock_section \"  itemscope=\"itemscope\" itemtype=\"https:\/\/schema.org\/CreativeWork\" ><div class='avia_textblock  '   itemprop=\"text\" ><p>Planujesz wakacje w Brandenburgii? Ceny w HYGGE HAUS s\u0105 obowiazuj\u0105 za noc (nie za osob\u0119) i obejmuj\u0105 r\u00f3wnie\u017c r\u0119czniki i po\u015bciel. Wi-Fi jest dost\u0119pne bezp\u0142atnie. Psy mieszkaj\u0105 u nas bezp\u0142atnie.<\/p>\n<h2>Sprz\u0105tanie<\/h2>\n<p>Op\u0142ata za sprz\u0105tanie wynosi 150 euro. W przypadku korzystania z przybudowki cena wzrasta do 220 euro.<\/p>\n<h2>Minimalny pobyt<\/h2>\n<p>HYGGE HAUS mo\u017cna zarezerwowa\u0107 na minimum 3 noce w sezonem niskim (SN) i w sezonie przej\u015bciowym (SP), minimum 5 nocy w maju, czerwcu i wrze\u015bniu oraz minimum 7 nocy w\u00a0 sezonie wysokim (SW), obejmujacym tak\u017ce Bo\u017ce Narodzenie i Sylwestra.<\/p>\n<h2>Pobyty weekendowe<\/h2>\n<p>Dla entuzjast\u00f3w kr\u00f3tkich pobyt\u00f3w, kt\u00f3rzy chcieliby wynaj\u0105\u0107 HYGGE HAUS tylko na weekend, oferujemy takowe wypady za dop\u0142at\u0105. Dorzucaj\u0105c 110 euro mo\u017cesz przyjecha\u0107 w pi\u0105tek i wyjecha\u0107 w niedziel\u0119.<\/p>\n<h2>Zwierz\u0119ta \u015bpi\u0105ce w \u0142\u00f3\u017cku z wlascicielami<\/h2>\n<p>Je\u015bli Tw\u00f3j pies \u015bpi z Tob\u0105 w \u0142\u00f3\u017cku, uprzejmie prosimy o przywiezienie w\u0142asnej po\u015bcieli \u2013 wysi\u0142ek potrzebny do skutecznego usuni\u0119cia psiej sier\u015bci z po\u015bcieli jest ogromny. Chocia\u017c kochamy psy, nie chcemy nara\u017ca\u0107 nikogo na tolerowanie psiej sier\u015bci w \u0142\u00f3\u017cku. Dzi\u0119kujemy za zrozumienie! Podczas dokonywania rezerwacji prosimy o poinformowanie nas o zwyczajach zwi\u0105zanych ze spaniem Twojego psa.<\/p>\n<\/div><\/section><\/div><div  style=' margin-top:30px; margin-bottom:30px;'  class='hr hr-custom hr-center hr-icon-yes   avia-builder-el-3  el_after_av_one_full  el_before_av_one_third '><span class='hr-inner  inner-border-av-border-fat' style=' width:50px; border-color:#4ecac2; max-width:45%;' ><span class='hr-inner-style'><\/span><\/span><span class='av-seperator-icon'  aria-hidden='true' data-av_icon='\ue808' data-av_iconfont='entypo-fontello'><\/span><span class='hr-inner  inner-border-av-border-fat' style=' width:50px; border-color:#4ecac2; max-width:45%;' ><span class='hr-inner-style'><\/span><\/span><\/div><\/p>\n<div class=\"flex_column av_one_third  flex_column_div av-zero-column-padding first  avia-builder-el-4  el_after_av_hr  el_before_av_one_third  \" style='border-radius:0px; '><article  class=\"iconbox iconbox_left    avia-builder-el-5  avia-builder-el-no-sibling  \"  itemscope=\"itemscope\" itemtype=\"https:\/\/schema.org\/CreativeWork\" ><div class=\"iconbox_content\"><header class=\"entry-content-header\"><div class=\"iconbox_icon heading-color\" aria-hidden='true' data-av_icon='\ue827' data-av_iconfont='entypo-fontello'  ><\/div><h3 class='iconbox_content_title  '  itemprop=\"headline\"  >7.1. - 26.3.2026 (SN)<\/h3><\/header><div class='iconbox_content_container  '  itemprop=\"text\"  ><p>149 EUR za noc (do 2 os\u00f3b)<\/p>\n<p>Za ka\u017cd\u0105 dodatkow\u0105 osob\u0119: 40 EUR<\/p>\n<\/div><\/div><footer class=\"entry-footer\"><\/footer><\/article><\/div><div class=\"flex_column av_one_third  flex_column_div av-zero-column-padding   avia-builder-el-6  el_after_av_one_third  el_before_av_one_third  \" style='border-radius:0px; '><article  class=\"iconbox iconbox_left    avia-builder-el-7  avia-builder-el-no-sibling  \"  itemscope=\"itemscope\" itemtype=\"https:\/\/schema.org\/CreativeWork\" ><div class=\"iconbox_content\"><header class=\"entry-content-header\"><div class=\"iconbox_icon heading-color\" aria-hidden='true' data-av_icon='\ue827' data-av_iconfont='entypo-fontello'  ><\/div><h3 class='iconbox_content_title  '  itemprop=\"headline\"  >27.3. - 12.4.2026 (SW)<\/h3><\/header><div class='iconbox_content_container  '  itemprop=\"text\"  ><p>169 EUR za noc (do 2 os\u00f3b)<\/p>\n<p>Za ka\u017cd\u0105 dodatkow\u0105 osob\u0119: 40 EUR<\/p>\n<\/div><\/div><footer class=\"entry-footer\"><\/footer><\/article><\/div><div class=\"flex_column av_one_third  flex_column_div av-zero-column-padding   avia-builder-el-8  el_after_av_one_third  el_before_av_hr  \" style='border-radius:0px; '><article  class=\"iconbox iconbox_left    avia-builder-el-9  avia-builder-el-no-sibling  \"  itemscope=\"itemscope\" itemtype=\"https:\/\/schema.org\/CreativeWork\" ><div class=\"iconbox_content\"><header class=\"entry-content-header\"><div class=\"iconbox_icon heading-color\" aria-hidden='true' data-av_icon='\ue827' data-av_iconfont='entypo-fontello'  ><\/div><h3 class='iconbox_content_title  '  itemprop=\"headline\"  >13.4.2026 - 29.4.26 (SP)<\/h3><\/header><div class='iconbox_content_container  '  itemprop=\"text\"  ><p>159 EUR za noc (do 2 os\u00f3b)<\/p>\n<p>Za ka\u017cd\u0105 dodatkow\u0105 osob\u0119: 40 EUR<\/p>\n<\/div><\/div><footer class=\"entry-footer\"><\/footer><\/article><\/div><div  style=' margin-top:30px; margin-bottom:30px;'  class='hr hr-custom hr-center hr-icon-yes   avia-builder-el-10  el_after_av_one_third  el_before_av_one_third '><span class='hr-inner  inner-border-av-border-fat' style=' width:50px; border-color:#4ecac2; max-width:45%;' ><span class='hr-inner-style'><\/span><\/span><span class='av-seperator-icon'  aria-hidden='true' data-av_icon='\ue808' data-av_iconfont='entypo-fontello'><\/span><span class='hr-inner  inner-border-av-border-fat' style=' width:50px; border-color:#4ecac2; max-width:45%;' ><span class='hr-inner-style'><\/span><\/span><\/div><\/p>\n<div class=\"flex_column av_one_third  flex_column_div av-zero-column-padding first  avia-builder-el-11  el_after_av_hr  el_before_av_one_third  \" style='border-radius:0px; '><article  class=\"iconbox iconbox_left    avia-builder-el-12  avia-builder-el-no-sibling  \"  itemscope=\"itemscope\" itemtype=\"https:\/\/schema.org\/CreativeWork\" ><div class=\"iconbox_content\"><header class=\"entry-content-header\"><div class=\"iconbox_icon heading-color\" aria-hidden='true' data-av_icon='\ue827' data-av_iconfont='entypo-fontello'  ><\/div><h3 class='iconbox_content_title  '  itemprop=\"headline\"  >30.4.26 - 4.10.26 (SW)<\/h3><\/header><div class='iconbox_content_container  '  itemprop=\"text\"  ><p>169 EUR za noc (do 2 os\u00f3b)<\/p>\n<p>Za ka\u017cd\u0105 dodatkow\u0105 osob\u0119: 40 EUR<\/p>\n<\/div><\/div><footer class=\"entry-footer\"><\/footer><\/article><\/div><div class=\"flex_column av_one_third  flex_column_div av-zero-column-padding   avia-builder-el-13  el_after_av_one_third  el_before_av_one_third  \" style='border-radius:0px; '><article  class=\"iconbox iconbox_left    avia-builder-el-14  avia-builder-el-no-sibling  \"  itemscope=\"itemscope\" itemtype=\"https:\/\/schema.org\/CreativeWork\" ><div class=\"iconbox_content\"><header class=\"entry-content-header\"><div class=\"iconbox_icon heading-color\" aria-hidden='true' data-av_icon='\ue827' data-av_iconfont='entypo-fontello'  ><\/div><h3 class='iconbox_content_title  '  itemprop=\"headline\"  >5.10.26 - 17.12.26 (SN)<\/h3><\/header><div class='iconbox_content_container  '  itemprop=\"text\"  ><p>149 EUR za noc (do 2 os\u00f3b)<\/p>\n<p>Za ka\u017cd\u0105 dodatkow\u0105 osob\u0119: 40 EUR<\/p>\n<\/div><\/div><footer class=\"entry-footer\"><\/footer><\/article><\/div><div class=\"flex_column av_one_third  flex_column_div av-zero-column-padding   avia-builder-el-15  el_after_av_one_third  el_before_av_hr  \" style='border-radius:0px; '><article  class=\"iconbox iconbox_left    avia-builder-el-16  avia-builder-el-no-sibling  \"  itemscope=\"itemscope\" itemtype=\"https:\/\/schema.org\/CreativeWork\" ><div class=\"iconbox_content\"><header class=\"entry-content-header\"><div class=\"iconbox_icon heading-color\" aria-hidden='true' data-av_icon='\ue827' data-av_iconfont='entypo-fontello'  ><\/div><h3 class='iconbox_content_title  '  itemprop=\"headline\"  >18.12.26 - 3.1.27 (SW)<\/h3><\/header><div class='iconbox_content_container  '  itemprop=\"text\"  ><p>169 EUR za noc (do 2 os\u00f3b)<\/p>\n<p>Za ka\u017cd\u0105 dodatkow\u0105 osob\u0119: 40 EUR<\/p>\n<\/div><\/div><footer class=\"entry-footer\"><\/footer><\/article><\/div><div  style=' margin-top:30px; margin-bottom:30px;'  class='hr hr-custom hr-center hr-icon-yes   avia-builder-el-17  el_after_av_one_third  el_before_av_one_full '><span class='hr-inner  inner-border-av-border-fat' style=' width:50px; border-color:#4ecac2; max-width:45%;' ><span class='hr-inner-style'><\/span><\/span><span class='av-seperator-icon'  aria-hidden='true' data-av_icon='\ue808' data-av_iconfont='entypo-fontello'><\/span><span class='hr-inner  inner-border-av-border-fat' style=' width:50px; border-color:#4ecac2; max-width:45%;' ><span class='hr-inner-style'><\/span><\/span><\/div><\/p>\n<div class=\"flex_column av_one_full  flex_column_div av-zero-column-padding first  avia-builder-el-18  el_after_av_hr  avia-builder-el-last  \" style='border-radius:0px; '><section class=\"av_textblock_section \"  itemscope=\"itemscope\" itemtype=\"https:\/\/schema.org\/CreativeWork\" ><div class='avia_textblock  '   itemprop=\"text\" ><p>Za dodatkow\u0105 op\u0142at\u0105 oferujemy: drewno opa\u0142owe, ekologiczne jajka od bardzo szcz\u0119\u015bliwych kur z Niebel (uratowanych przed rze\u017ani\u0105) oraz pyszne ziemniaki z ekologicznych upraw od lokalnych rolnik\u00f3w.<\/p>\n<\/div><\/section><\/div>\n","protected":false},"excerpt":{"rendered":"","protected":false},"author":2,"featured_media":0,"parent":0,"menu_order":0,"comment_status":"closed","ping_status":"closed","template":"","meta":{"footnotes":""},"class_list":["post-2266","page","type-page","status-publish","hentry"],"yoast_head":"<!-- This site is optimized with the Yoast SEO plugin v26.3 - https:\/\/yoast.com\/wordpress\/plugins\/seo\/ -->\n<title>Wakacje w Brandenburgii: ceny HYGGE HAUS<\/title>\n<meta name=\"description\" content=\"Masz ochote na wakacje w Brandenburgi? HYGGE HAUS mo\u017cesz wynaj\u0105\u0107 juz od 3 nocy, cena obejmuje r\u00f3wnie\u017c r\u0119czniki, po\u015bciel i WLAN.\" \/>\n<meta name=\"robots\" content=\"index, follow, max-snippet:-1, max-image-preview:large, max-video-preview:-1\" \/>\n<link rel=\"canonical\" href=\"https:\/\/hygge-haus.com\/pl\/wakacje-w-brandenburgii-ceny\/\" \/>\n<meta property=\"og:locale\" content=\"pl_PL\" \/>\n<meta property=\"og:type\" content=\"article\" \/>\n<meta property=\"og:title\" content=\"Wakacje w Brandenburgii: ceny HYGGE HAUS\" \/>\n<meta property=\"og:description\" content=\"Masz ochote na wakacje w Brandenburgi? HYGGE HAUS mo\u017cesz wynaj\u0105\u0107 juz od 3 nocy, cena obejmuje r\u00f3wnie\u017c r\u0119czniki, po\u015bciel i WLAN.\" \/>\n<meta property=\"og:url\" content=\"https:\/\/hygge-haus.com\/pl\/wakacje-w-brandenburgii-ceny\/\" \/>\n<meta property=\"og:site_name\" content=\"HYGGE HAUS\" \/>\n<meta property=\"article:modified_time\" content=\"2026-04-15T17:15:49+00:00\" \/>\n<meta name=\"twitter:card\" content=\"summary_large_image\" \/>\n<meta name=\"twitter:label1\" content=\"Szacowany czas czytania\" \/>\n\t<meta name=\"twitter:data1\" content=\"1 minuta\" \/>\n<script type=\"application\/ld+json\" class=\"yoast-schema-graph\">{\"@context\":\"https:\/\/schema.org\",\"@graph\":[{\"@type\":\"WebPage\",\"@id\":\"https:\/\/hygge-haus.com\/pl\/wakacje-w-brandenburgii-ceny\/\",\"url\":\"https:\/\/hygge-haus.com\/pl\/wakacje-w-brandenburgii-ceny\/\",\"name\":\"Wakacje w Brandenburgii: ceny HYGGE HAUS\",\"isPartOf\":{\"@id\":\"https:\/\/hygge-haus.com\/#website\"},\"datePublished\":\"2022-08-15T11:56:37+00:00\",\"dateModified\":\"2026-04-15T17:15:49+00:00\",\"description\":\"Masz ochote na wakacje w Brandenburgi? HYGGE HAUS mo\u017cesz wynaj\u0105\u0107 juz od 3 nocy, cena obejmuje r\u00f3wnie\u017c r\u0119czniki, po\u015bciel i WLAN.\",\"breadcrumb\":{\"@id\":\"https:\/\/hygge-haus.com\/pl\/wakacje-w-brandenburgii-ceny\/#breadcrumb\"},\"inLanguage\":\"pl-PL\",\"potentialAction\":[{\"@type\":\"ReadAction\",\"target\":[\"https:\/\/hygge-haus.com\/pl\/wakacje-w-brandenburgii-ceny\/\"]}]},{\"@type\":\"BreadcrumbList\",\"@id\":\"https:\/\/hygge-haus.com\/pl\/wakacje-w-brandenburgii-ceny\/#breadcrumb\",\"itemListElement\":[{\"@type\":\"ListItem\",\"position\":1,\"name\":\"Startseite\",\"item\":\"https:\/\/hygge-haus.com\/\"},{\"@type\":\"ListItem\",\"position\":2,\"name\":\"Ceny\"}]},{\"@type\":\"WebSite\",\"@id\":\"https:\/\/hygge-haus.com\/#website\",\"url\":\"https:\/\/hygge-haus.com\/\",\"name\":\"HYGGE HAUS\",\"description\":\"Nachhaltiger Urlaub in Brandenburg\",\"potentialAction\":[{\"@type\":\"SearchAction\",\"target\":{\"@type\":\"EntryPoint\",\"urlTemplate\":\"https:\/\/hygge-haus.com\/?s={search_term_string}\"},\"query-input\":{\"@type\":\"PropertyValueSpecification\",\"valueRequired\":true,\"valueName\":\"search_term_string\"}}],\"inLanguage\":\"pl-PL\"}]}<\/script>\n<!-- \/ Yoast SEO plugin. -->","yoast_head_json":{"title":"Wakacje w Brandenburgii: ceny HYGGE HAUS","description":"Masz ochote na wakacje w Brandenburgi? HYGGE HAUS mo\u017cesz wynaj\u0105\u0107 juz od 3 nocy, cena obejmuje r\u00f3wnie\u017c r\u0119czniki, po\u015bciel i WLAN.","robots":{"index":"index","follow":"follow","max-snippet":"max-snippet:-1","max-image-preview":"max-image-preview:large","max-video-preview":"max-video-preview:-1"},"canonical":"https:\/\/hygge-haus.com\/pl\/wakacje-w-brandenburgii-ceny\/","og_locale":"pl_PL","og_type":"article","og_title":"Wakacje w Brandenburgii: ceny HYGGE HAUS","og_description":"Masz ochote na wakacje w Brandenburgi? HYGGE HAUS mo\u017cesz wynaj\u0105\u0107 juz od 3 nocy, cena obejmuje r\u00f3wnie\u017c r\u0119czniki, po\u015bciel i WLAN.","og_url":"https:\/\/hygge-haus.com\/pl\/wakacje-w-brandenburgii-ceny\/","og_site_name":"HYGGE HAUS","article_modified_time":"2026-04-15T17:15:49+00:00","twitter_card":"summary_large_image","twitter_misc":{"Szacowany czas czytania":"1 minuta"},"schema":{"@context":"https:\/\/schema.org","@graph":[{"@type":"WebPage","@id":"https:\/\/hygge-haus.com\/pl\/wakacje-w-brandenburgii-ceny\/","url":"https:\/\/hygge-haus.com\/pl\/wakacje-w-brandenburgii-ceny\/","name":"Wakacje w Brandenburgii: ceny HYGGE HAUS","isPartOf":{"@id":"https:\/\/hygge-haus.com\/#website"},"datePublished":"2022-08-15T11:56:37+00:00","dateModified":"2026-04-15T17:15:49+00:00","description":"Masz ochote na wakacje w Brandenburgi? HYGGE HAUS mo\u017cesz wynaj\u0105\u0107 juz od 3 nocy, cena obejmuje r\u00f3wnie\u017c r\u0119czniki, po\u015bciel i WLAN.","breadcrumb":{"@id":"https:\/\/hygge-haus.com\/pl\/wakacje-w-brandenburgii-ceny\/#breadcrumb"},"inLanguage":"pl-PL","potentialAction":[{"@type":"ReadAction","target":["https:\/\/hygge-haus.com\/pl\/wakacje-w-brandenburgii-ceny\/"]}]},{"@type":"BreadcrumbList","@id":"https:\/\/hygge-haus.com\/pl\/wakacje-w-brandenburgii-ceny\/#breadcrumb","itemListElement":[{"@type":"ListItem","position":1,"name":"Startseite","item":"https:\/\/hygge-haus.com\/"},{"@type":"ListItem","position":2,"name":"Ceny"}]},{"@type":"WebSite","@id":"https:\/\/hygge-haus.com\/#website","url":"https:\/\/hygge-haus.com\/","name":"HYGGE HAUS","description":"Nachhaltiger Urlaub in Brandenburg","potentialAction":[{"@type":"SearchAction","target":{"@type":"EntryPoint","urlTemplate":"https:\/\/hygge-haus.com\/?s={search_term_string}"},"query-input":{"@type":"PropertyValueSpecification","valueRequired":true,"valueName":"search_term_string"}}],"inLanguage":"pl-PL"}]}},"_links":{"self":[{"href":"https:\/\/hygge-haus.com\/pl\/wp-json\/wp\/v2\/pages\/2266","targetHints":{"allow":["GET"]}}],"collection":[{"href":"https:\/\/hygge-haus.com\/pl\/wp-json\/wp\/v2\/pages"}],"about":[{"href":"https:\/\/hygge-haus.com\/pl\/wp-json\/wp\/v2\/types\/page"}],"author":[{"embeddable":true,"href":"https:\/\/hygge-haus.com\/pl\/wp-json\/wp\/v2\/users\/2"}],"replies":[{"embeddable":true,"href":"https:\/\/hygge-haus.com\/pl\/wp-json\/wp\/v2\/comments?post=2266"}],"version-history":[{"count":2,"href":"https:\/\/hygge-haus.com\/pl\/wp-json\/wp\/v2\/pages\/2266\/revisions"}],"predecessor-version":[{"id":2295,"href":"https:\/\/hygge-haus.com\/pl\/wp-json\/wp\/v2\/pages\/2266\/revisions\/2295"}],"wp:attachment":[{"href":"https:\/\/hygge-haus.com\/pl\/wp-json\/wp\/v2\/media?parent=2266"}],"curies":[{"name":"wp","href":"https:\/\/api.w.org\/{rel}","templated":true}]}}